{"id":149896,"date":"2025-04-03T14:15:41","date_gmt":"2025-04-03T12:15:41","guid":{"rendered":"https:\/\/secureus.se\/apollo-58000-400apo-discovery-series-varmedetektor-vit\/"},"modified":"2026-05-06T14:06:36","modified_gmt":"2026-05-06T12:06:36","slug":"apollo-58000-400apo-discovery-series-varmedetektor-vit","status":"publish","type":"product","link":"https:\/\/secureus.se\/dk\/apollo-58000-400apo-discovery-series-varmedetektor-vit\/","title":{"rendered":"Apollo 58000-400APO Discovery Series, varmedetektor, hvid"},"content":{"rendered":"<h1>Apollo 58000-400APO Discovery Series varmedetektor<\/h1>\n<p class=\"\" data-start=\"397\" data-end=\"871\">Apollo 58000-400APO Discovery Series varmedetektoren bruger en enkelt termistor til n\u00f8jagtigt at m\u00e5le lufttemperaturen p\u00e5 detektorens placering.<\/p>\n<p class=\"\" data-start=\"397\" data-end=\"871\">Ved hj\u00e6lp af et modstandsnetv\u00e6rk genereres en temperaturafh\u00e6ngig sp\u00e6ndingsudgang, der giver en line\u00e6r respons mellem 10\u00b0C og 80\u00b0C.<\/p>\n<p class=\"\" data-start=\"397\" data-end=\"871\">Detektoren er meget n\u00f8jagtig og up\u00e5virket af eksterne faktorer som vind eller atmosf\u00e6risk tryk, hvilket g\u00f8r den s\u00e6rdeles velegnet til brug i milj\u00f8er, der er snavsede eller r\u00f8gfyldte.<\/p>\n<p class=\"\" data-start=\"873\" data-end=\"1239\">Den har fem forskellige responstilstande, der er godkendt i henhold til EN54-5, hvilket g\u00f8r det muligt at tilpasse f\u00f8lsomheden alt efter applikationen.<\/p>\n<p class=\"\" data-start=\"873\" data-end=\"1239\">Varmedetektoren er kompatibel med b\u00e5de XP95 og Discovery systemer og kan tilsluttes dem via to-leder forbindelser. Den har ogs\u00e5 en integreret testfunktion, der g\u00f8r det nemt at teste detektorens funktion fra kontrolpanelet.<\/p>\n<p class=\"\" data-start=\"1241\" data-end=\"1261\"><strong data-start=\"1241\" data-end=\"1260\">specifikationer<\/strong>:<\/p>\n<ul data-start=\"1262\" data-end=\"1824\">\n<li class=\"\" data-start=\"1262\" data-end=\"1289\">\n<p class=\"\" data-start=\"1264\" data-end=\"1289\"><strong data-start=\"1264\" data-end=\"1278\">Str\u00f8mkilde<\/strong>: 17\u201328V DC<\/p>\n<\/li>\n<li class=\"\" data-start=\"1290\" data-end=\"1317\">\n<p class=\"\" data-start=\"1292\" data-end=\"1317\"><strong data-start=\"1292\" data-end=\"1300\">M\u00e5le<\/strong>: \u00d8100mm x 42mm<\/p>\n<\/li>\n<li class=\"\" data-start=\"1318\" data-end=\"1333\">\n<p class=\"\" data-start=\"1320\" data-end=\"1333\"><strong data-start=\"1320\" data-end=\"1328\">Farve<\/strong>: Hvid<\/p>\n<\/li>\n<li class=\"\" data-start=\"1334\" data-end=\"1351\">\n<p class=\"\" data-start=\"1336\" data-end=\"1351\"><strong data-start=\"1336\" data-end=\"1344\">V\u00e6gt<\/strong>: 105 g<\/p>\n<\/li>\n<li class=\"\" data-start=\"1352\" data-end=\"1425\">\n<p class=\"\" data-start=\"1354\" data-end=\"1425\"><strong data-start=\"1354\" data-end=\"1368\">Temperatur<\/strong>: \u201320\u00b0C til +50\u00b0C (forbig\u00e5ende tilstand: \u201320\u00b0C til +55\u00b0C)<\/p>\n<\/li>\n<li class=\"\" data-start=\"1426\" data-end=\"1489\">\n<p class=\"\" data-start=\"1428\" data-end=\"1489\"><strong data-start=\"1428\" data-end=\"1441\">Fugtighed<\/strong>: 0% til 95% RH (uden kondens eller isdannelse)<\/p>\n<\/li>\n<li class=\"\" data-start=\"1490\" data-end=\"1510\">\n<p class=\"\" data-start=\"1492\" data-end=\"1510\"><strong data-start=\"1492\" data-end=\"1504\">IP klasse<\/strong>: IP44<\/p>\n<\/li>\n<li class=\"\" data-start=\"1511\" data-end=\"1549\">\n<p class=\"\" data-start=\"1513\" data-end=\"1549\"><strong data-start=\"1513\" data-end=\"1531\">Kompatibilitet<\/strong>: XP95 og Soteria<\/p>\n<\/li>\n<li class=\"\" data-start=\"1550\" data-end=\"1624\">\n<p class=\"\" data-start=\"1552\" data-end=\"1624\"><strong data-start=\"1552\" data-end=\"1579\">Kommunikationsprotokol<\/strong>: Discovery, XP95 og CoreProtocol kompatibel<\/p>\n<\/li>\n<li class=\"\" data-start=\"1625\" data-end=\"1677\">\n<p class=\"\" data-start=\"1627\" data-end=\"1677\"><strong data-start=\"1627\" data-end=\"1645\">Certificeringer<\/strong>: EN 54-5, CPR, LPCB, VdS, BOSEC<\/p>\n<\/li>\n<li class=\"\" data-start=\"1678\" data-end=\"1728\">\n<p class=\"\" data-start=\"1680\" data-end=\"1728\"><strong data-start=\"1680\" data-end=\"1710\">Maksimal opbevaringstemperatur<\/strong>: \u201310\u00b0C til +30\u00b0C<\/p>\n<\/li>\n<li class=\"\" data-start=\"1729\" data-end=\"1777\">\n<p class=\"\" data-start=\"1731\" data-end=\"1777\"><strong data-start=\"1731\" data-end=\"1749\">Jordforbindelse<\/strong>: Ingen krav til sikker drift<\/p>\n<\/li>\n<li class=\"\" data-start=\"1778\" data-end=\"1824\">\n<p class=\"\" data-start=\"1780\" data-end=\"1824\"><strong data-start=\"1780\" data-end=\"1792\">Materiale<\/strong>: Polycarbonat (flammeh\u00e6mmende)<\/p>\n<\/li>\n<\/ul>","protected":false},"excerpt":{"rendered":"<p>Apollo 58000-400APO Discovery Series varmedetektor er ideel til brug i milj\u00f8er, hvor r\u00f8gdetektorer kan v\u00e6re uegnede, s\u00e5som snavsede eller r\u00f8gfyldte omr\u00e5der.<\/p>\n<p>Den er velegnet til lagerbygninger, l\u00e6ssekajer og parkeringspladser og er up\u00e5virket af vind eller atmosf\u00e6risk tryk.<\/p>","protected":false},"featured_media":149895,"template":"","meta":{"_acf_changed":false},"product_brand":[],"product_cat":[4748],"product_tag":[],"class_list":{"0":"post-149896","1":"product","2":"type-product","3":"status-publish","4":"has-post-thumbnail","6":"product_cat-discovery-serien","7":"pa_brands-apollo-fire-detectors","8":"tm-no-options","10":"first","11":"instock","12":"sale","13":"taxable","14":"shipping-taxable","15":"purchasable","16":"product-type-simple"},"acf":[],"_links":{"self":[{"href":"https:\/\/secureus.se\/dk\/wp-json\/wp\/v2\/product\/149896","targetHints":{"allow":["GET"]}}],"collection":[{"href":"https:\/\/secureus.se\/dk\/wp-json\/wp\/v2\/product"}],"about":[{"href":"https:\/\/secureus.se\/dk\/wp-json\/wp\/v2\/types\/product"}],"wp:featuredmedia":[{"embeddable":true,"href":"https:\/\/secureus.se\/dk\/wp-json\/wp\/v2\/media\/149895"}],"wp:attachment":[{"href":"https:\/\/secureus.se\/dk\/wp-json\/wp\/v2\/media?parent=149896"}],"wp:term":[{"taxonomy":"product_brand","embeddable":true,"href":"https:\/\/secureus.se\/dk\/wp-json\/wp\/v2\/product_brand?post=149896"},{"taxonomy":"product_cat","embeddable":true,"href":"https:\/\/secureus.se\/dk\/wp-json\/wp\/v2\/product_cat?post=149896"},{"taxonomy":"product_tag","embeddable":true,"href":"https:\/\/secureus.se\/dk\/wp-json\/wp\/v2\/product_tag?post=149896"}],"curies":[{"name":"wp","href":"https:\/\/api.w.org\/{rel}","templated":true}]}}