{"id":149900,"date":"2025-04-03T14:15:38","date_gmt":"2025-04-03T12:15:38","guid":{"rendered":"https:\/\/secureus.se\/apollo-58000-600apo-optisk-rokdetektor-i-discovery-serien-vit\/"},"modified":"2026-04-23T13:12:48","modified_gmt":"2026-04-23T11:12:48","slug":"apollo-58000-600apo-optisk-rokdetektor-i-discovery-serien-vit","status":"publish","type":"product","link":"https:\/\/secureus.se\/dk\/apollo-58000-600apo-optisk-rokdetektor-i-discovery-serien-vit\/","title":{"rendered":"Apollo 58000-600APO Discovery Series optisk r\u00f8gdetektor, hvid"},"content":{"rendered":"<h1>Apollo 58000-600APO Discovery Series optisk r\u00f8gdetektor<\/h1>\n<p class=\"\" data-start=\"395\" data-end=\"835\">Apollo 58000-600APO Discovery Series optiske r\u00f8gdetektor er en avanceret enhed, der bruger optisk og fotoelektrisk teknologi til at detektere r\u00f8g.<\/p>\n<p class=\"\" data-start=\"395\" data-end=\"835\">Den har et hvidt st\u00f8bt polycarbonathus og vindafvisende r\u00f8gindtag for at sikre effektiv detektion selv i udfordrende milj\u00f8er.<\/p>\n<p class=\"\" data-start=\"395\" data-end=\"835\">Den infrar\u00f8de LED udsender kollimeret lys hvert sekund, og fotodioden m\u00e5ler m\u00e6ngden af lys spredt af r\u00f8g i detektorkammeret.<\/p>\n<p class=\"\" data-start=\"837\" data-end=\"1243\">Denne detektor er ideel til milj\u00f8er, hvor temperaturvariationer kan forekomme, da den fungerer effektivt i temperaturer fra -40\u00b0C til 70\u00b0C.<\/p>\n<p class=\"\" data-start=\"837\" data-end=\"1243\">Den har fem forskellige driftstilstande, hvilket g\u00f8r den velegnet til en r\u00e6kke anvendelser, herunder sovev\u00e6relser, kontorer, hoteller, hospitaler og mere.<\/p>\n<p class=\"\" data-start=\"837\" data-end=\"1243\">Driftskompensation sikrer, at detektoren bevarer konstant f\u00f8lsomhed over tid og minimerer risikoen for falske alarmer.<\/p>\n<p class=\"\" data-start=\"1245\" data-end=\"1265\"><strong data-start=\"1245\" data-end=\"1264\">specifikationer<\/strong>:<\/p>\n<ul data-start=\"1266\" data-end=\"1866\">\n<li class=\"\" data-start=\"1266\" data-end=\"1290\">\n<p class=\"\" data-start=\"1268\" data-end=\"1290\"><strong data-start=\"1268\" data-end=\"1282\">Str\u00f8mkilde<\/strong>: 28V DC<\/p>\n<\/li>\n<li class=\"\" data-start=\"1291\" data-end=\"1318\">\n<p class=\"\" data-start=\"1293\" data-end=\"1318\"><strong data-start=\"1293\" data-end=\"1301\">M\u00e5le<\/strong>: \u00d8100mm x 42mm<\/p>\n<\/li>\n<li class=\"\" data-start=\"1319\" data-end=\"1334\">\n<p class=\"\" data-start=\"1321\" data-end=\"1334\"><strong data-start=\"1321\" data-end=\"1329\">Farve<\/strong>: Hvid<\/p>\n<\/li>\n<li class=\"\" data-start=\"1335\" data-end=\"1352\">\n<p class=\"\" data-start=\"1337\" data-end=\"1352\"><strong data-start=\"1337\" data-end=\"1345\">V\u00e6gt<\/strong>: 105 g<\/p>\n<\/li>\n<li class=\"\" data-start=\"1353\" data-end=\"1387\">\n<p class=\"\" data-start=\"1355\" data-end=\"1387\"><strong data-start=\"1355\" data-end=\"1369\">Temperatur<\/strong>: \u201340\u00b0C til +70\u00b0C<\/p>\n<\/li>\n<li class=\"\" data-start=\"1388\" data-end=\"1445\">\n<p class=\"\" data-start=\"1390\" data-end=\"1445\"><strong data-start=\"1390\" data-end=\"1403\">Fugtighed<\/strong>: 0\u201395% RH (uden kondens eller isdannelse)<\/p>\n<\/li>\n<li class=\"\" data-start=\"1446\" data-end=\"1484\">\n<p class=\"\" data-start=\"1448\" data-end=\"1484\"><strong data-start=\"1448\" data-end=\"1467\">Detekterbar gas<\/strong>: Kulilte (CO)<\/p>\n<\/li>\n<li class=\"\" data-start=\"1485\" data-end=\"1523\">\n<p class=\"\" data-start=\"1487\" data-end=\"1523\"><strong data-start=\"1487\" data-end=\"1510\">Detekterbart medium<\/strong>: Ild (r\u00f8g)<\/p>\n<\/li>\n<li class=\"\" data-start=\"1524\" data-end=\"1560\">\n<p class=\"\" data-start=\"1526\" data-end=\"1560\"><strong data-start=\"1526\" data-end=\"1553\">Kommunikationsprotokol<\/strong>: Kablet<\/p>\n<\/li>\n<li class=\"\" data-start=\"1561\" data-end=\"1615\">\n<p class=\"\" data-start=\"1563\" data-end=\"1615\"><strong data-start=\"1563\" data-end=\"1577\">Funktioner<\/strong>: Optisk og fotoelektrisk detektion<\/p>\n<\/li>\n<li class=\"\" data-start=\"1616\" data-end=\"1672\">\n<p class=\"\" data-start=\"1618\" data-end=\"1672\"><strong data-start=\"1618\" data-end=\"1639\">Milj\u00f8certificering<\/strong>: BOSEC, CPR, FG, LPCB, SBSC, VdS<\/p>\n<\/li>\n<li class=\"\" data-start=\"1673\" data-end=\"1712\">\n<p class=\"\" data-start=\"1675\" data-end=\"1712\"><strong data-start=\"1675\" data-end=\"1686\">Garanti<\/strong>: Begr\u00e6nset 10 \u00e5rs garanti<\/p>\n<\/li>\n<li class=\"\" data-start=\"1713\" data-end=\"1733\">\n<p class=\"\" data-start=\"1715\" data-end=\"1733\"><strong data-start=\"1715\" data-end=\"1727\">IP klasse<\/strong>: IP44<\/p>\n<\/li>\n<li class=\"\" data-start=\"1734\" data-end=\"1774\">\n<p class=\"\" data-start=\"1736\" data-end=\"1774\"><strong data-start=\"1736\" data-end=\"1754\">Kompatibilitet<\/strong>: XP95 og Discovery<\/p>\n<\/li>\n<li class=\"\" data-start=\"1775\" data-end=\"1866\">\n<p class=\"\" data-start=\"1777\" data-end=\"1866\"><strong data-start=\"1777\" data-end=\"1791\">Brug<\/strong>: Til sovev\u00e6relser, hoteller, hospitaler, kontorer, varehuse og andre kommercielle milj\u00f8er<\/p>\n<\/li>\n<\/ul>","protected":false},"excerpt":{"rendered":"<p>Apollo 58000-600APO Discovery Series optiske r\u00f8gdetektor giver p\u00e5lidelig branddetektion over et bredt temperaturomr\u00e5de fra -40\u00b0C til 70\u00b0C.<\/p>\n<p>Den er udstyret med fem driftstilstande til forskellige applikationer og har afdriftskompensation for at sikre konstant f\u00f8lsomhed.<\/p>","protected":false},"featured_media":149899,"template":"","meta":{"_acf_changed":false},"product_brand":[],"product_cat":[4748],"product_tag":[],"class_list":{"0":"post-149900","1":"product","2":"type-product","3":"status-publish","4":"has-post-thumbnail","6":"product_cat-discovery-serien","7":"pa_brands-apollo-fire-detectors","8":"tm-no-options","10":"first","11":"instock","12":"sale","13":"taxable","14":"shipping-taxable","15":"purchasable","16":"product-type-simple"},"acf":[],"_links":{"self":[{"href":"https:\/\/secureus.se\/dk\/wp-json\/wp\/v2\/product\/149900","targetHints":{"allow":["GET"]}}],"collection":[{"href":"https:\/\/secureus.se\/dk\/wp-json\/wp\/v2\/product"}],"about":[{"href":"https:\/\/secureus.se\/dk\/wp-json\/wp\/v2\/types\/product"}],"wp:featuredmedia":[{"embeddable":true,"href":"https:\/\/secureus.se\/dk\/wp-json\/wp\/v2\/media\/149899"}],"wp:attachment":[{"href":"https:\/\/secureus.se\/dk\/wp-json\/wp\/v2\/media?parent=149900"}],"wp:term":[{"taxonomy":"product_brand","embeddable":true,"href":"https:\/\/secureus.se\/dk\/wp-json\/wp\/v2\/product_brand?post=149900"},{"taxonomy":"product_cat","embeddable":true,"href":"https:\/\/secureus.se\/dk\/wp-json\/wp\/v2\/product_cat?post=149900"},{"taxonomy":"product_tag","embeddable":true,"href":"https:\/\/secureus.se\/dk\/wp-json\/wp\/v2\/product_tag?post=149900"}],"curies":[{"name":"wp","href":"https:\/\/api.w.org\/{rel}","templated":true}]}}