{"id":149904,"date":"2025-04-03T14:15:36","date_gmt":"2025-04-03T12:15:36","guid":{"rendered":"https:\/\/secureus.se\/apollo-58000-700apo-discovery-series-optisk-och-varmesensor-med-flera-sensorer-vit\/"},"modified":"2026-04-23T13:12:53","modified_gmt":"2026-04-23T11:12:53","slug":"apollo-58000-700apo-discovery-series-optisk-och-varmesensor-med-flera-sensorer-vit","status":"publish","type":"product","link":"https:\/\/secureus.se\/dk\/apollo-58000-700apo-discovery-series-optisk-och-varmesensor-med-flera-sensorer-vit\/","title":{"rendered":"Apollo 58000-700APO Discovery Series, multisensor optisk og termisk sensor, hvid"},"content":{"rendered":"<h1>Apollo 58000-700APO Discovery Series, multisensor optisk og termisk sensor<\/h1>\n<p class=\"\" data-start=\"405\" data-end=\"839\">Apollo 58000-700APO Discovery Series multisensor optisk og termisk detektor bruger b\u00e5de optiske og termiske sensorer til at levere et kombineret signal og et separat termisk signal for mere effektivt at h\u00e5ndtere falske alarmer.<\/p>\n<p class=\"\" data-start=\"405\" data-end=\"839\">Detektoren er is\u00e6r nyttig til applikationer, hvor r\u00f8g- og temperatur\u00e6ndringer kan forekomme samtidigt, hvilket g\u00f8r den til et fremragende valg til milj\u00f8er som hotelv\u00e6relser og hospitalsafdelinger.<\/p>\n<p class=\"\" data-start=\"841\" data-end=\"1177\">Den er udstyret med fem driftstilstande, der g\u00f8r det muligt at justere f\u00f8lsomheden, s\u00e5 den passer til forskellige applikationer, fra r\u00f8gdetektion i almindelige milj\u00f8er til h\u00e5ndtering af langsomt br\u00e6ndende eller ulmende brande.<\/p>\n<p class=\"\" data-start=\"841\" data-end=\"1177\">Driftskompensation sikrer, at detektoren bevarer konstant f\u00f8lsomhed over tid og under varierende milj\u00f8forhold.<\/p>\n<p class=\"\" data-start=\"1179\" data-end=\"1199\"><strong data-start=\"1179\" data-end=\"1198\">specifikationer<\/strong>:<\/p>\n<ul data-start=\"1200\" data-end=\"1774\">\n<li class=\"\" data-start=\"1200\" data-end=\"1227\">\n<p class=\"\" data-start=\"1202\" data-end=\"1227\"><strong data-start=\"1202\" data-end=\"1216\">Str\u00f8mkilde<\/strong>: 17\u201328V DC<\/p>\n<\/li>\n<li class=\"\" data-start=\"1228\" data-end=\"1255\">\n<p class=\"\" data-start=\"1230\" data-end=\"1255\"><strong data-start=\"1230\" data-end=\"1238\">M\u00e5le<\/strong>: \u00d8100mm x 50mm<\/p>\n<\/li>\n<li class=\"\" data-start=\"1256\" data-end=\"1271\">\n<p class=\"\" data-start=\"1258\" data-end=\"1271\"><strong data-start=\"1258\" data-end=\"1266\">Farve<\/strong>: Hvid<\/p>\n<\/li>\n<li class=\"\" data-start=\"1272\" data-end=\"1289\">\n<p class=\"\" data-start=\"1274\" data-end=\"1289\"><strong data-start=\"1274\" data-end=\"1282\">V\u00e6gt<\/strong>: 105 g<\/p>\n<\/li>\n<li class=\"\" data-start=\"1290\" data-end=\"1324\">\n<p class=\"\" data-start=\"1292\" data-end=\"1324\"><strong data-start=\"1292\" data-end=\"1306\">Temperatur<\/strong>: \u201340\u00b0C til +70\u00b0C<\/p>\n<\/li>\n<li class=\"\" data-start=\"1325\" data-end=\"1382\">\n<p class=\"\" data-start=\"1327\" data-end=\"1382\"><strong data-start=\"1327\" data-end=\"1340\">Fugtighed<\/strong>: 0\u201395% RH (uden kondens eller isdannelse)<\/p>\n<\/li>\n<li class=\"\" data-start=\"1383\" data-end=\"1421\">\n<p class=\"\" data-start=\"1385\" data-end=\"1421\"><strong data-start=\"1385\" data-end=\"1408\">Detekterbart medium<\/strong>: Ild (r\u00f8g)<\/p>\n<\/li>\n<li class=\"\" data-start=\"1422\" data-end=\"1496\">\n<p class=\"\" data-start=\"1424\" data-end=\"1496\"><strong data-start=\"1424\" data-end=\"1451\">Kommunikationsprotokol<\/strong>: Discovery, XP95 og CoreProtocol kompatibel<\/p>\n<\/li>\n<li class=\"\" data-start=\"1497\" data-end=\"1590\">\n<p class=\"\" data-start=\"1499\" data-end=\"1590\"><strong data-start=\"1499\" data-end=\"1513\">Funktioner<\/strong>: Fem responstilstande, optisk fotoelektrisk detektion, termistortemperatursensor<\/p>\n<\/li>\n<li class=\"\" data-start=\"1591\" data-end=\"1630\">\n<p class=\"\" data-start=\"1593\" data-end=\"1630\"><strong data-start=\"1593\" data-end=\"1604\">Garanti<\/strong>: Begr\u00e6nset 10 \u00e5rs garanti<\/p>\n<\/li>\n<li class=\"\" data-start=\"1631\" data-end=\"1665\">\n<p class=\"\" data-start=\"1633\" data-end=\"1665\"><strong data-start=\"1633\" data-end=\"1645\">IP klasse<\/strong>: IP44 (vandt\u00e6t)<\/p>\n<\/li>\n<li class=\"\" data-start=\"1666\" data-end=\"1717\">\n<p class=\"\" data-start=\"1668\" data-end=\"1717\"><strong data-start=\"1668\" data-end=\"1686\">Kompatibilitet<\/strong>: XP95, Discovery, CoreProtocol<\/p>\n<\/li>\n<li class=\"\" data-start=\"1718\" data-end=\"1774\">\n<p class=\"\" data-start=\"1720\" data-end=\"1774\"><strong data-start=\"1720\" data-end=\"1741\">Milj\u00f8certificering<\/strong>: BOSEC, CPR, LPCB, VdS, SBSC, FG<\/p>\n<\/li>\n<\/ul>","protected":false},"excerpt":{"rendered":"<p>Apollo 58000-700APO Discovery Series multisensor optisk og varmedetektor kombinerer b\u00e5de optisk r\u00f8gdetektion og termistortemperatursensorer for at give forbedret falsk alarmstyring og p\u00e5lidelig detektion i en lang r\u00e6kke applikationer.<\/p>","protected":false},"featured_media":149903,"template":"","meta":{"_acf_changed":false},"product_brand":[],"product_cat":[4748],"product_tag":[],"class_list":{"0":"post-149904","1":"product","2":"type-product","3":"status-publish","4":"has-post-thumbnail","6":"product_cat-discovery-serien","7":"pa_brands-apollo-fire-detectors","8":"tm-no-options","10":"first","11":"instock","12":"sale","13":"taxable","14":"shipping-taxable","15":"purchasable","16":"product-type-simple"},"acf":[],"_links":{"self":[{"href":"https:\/\/secureus.se\/dk\/wp-json\/wp\/v2\/product\/149904","targetHints":{"allow":["GET"]}}],"collection":[{"href":"https:\/\/secureus.se\/dk\/wp-json\/wp\/v2\/product"}],"about":[{"href":"https:\/\/secureus.se\/dk\/wp-json\/wp\/v2\/types\/product"}],"wp:featuredmedia":[{"embeddable":true,"href":"https:\/\/secureus.se\/dk\/wp-json\/wp\/v2\/media\/149903"}],"wp:attachment":[{"href":"https:\/\/secureus.se\/dk\/wp-json\/wp\/v2\/media?parent=149904"}],"wp:term":[{"taxonomy":"product_brand","embeddable":true,"href":"https:\/\/secureus.se\/dk\/wp-json\/wp\/v2\/product_brand?post=149904"},{"taxonomy":"product_cat","embeddable":true,"href":"https:\/\/secureus.se\/dk\/wp-json\/wp\/v2\/product_cat?post=149904"},{"taxonomy":"product_tag","embeddable":true,"href":"https:\/\/secureus.se\/dk\/wp-json\/wp\/v2\/product_tag?post=149904"}],"curies":[{"name":"wp","href":"https:\/\/api.w.org\/{rel}","templated":true}]}}