{"id":149906,"date":"2025-04-03T14:12:35","date_gmt":"2025-04-03T12:12:35","guid":{"rendered":"https:\/\/secureus.se\/apollo-55100-021mar-konventionell-manuell-anropssignal-for-sjofarten-en-54-11-certifierad-rod\/"},"modified":"2026-03-27T10:57:07","modified_gmt":"2026-03-27T09:57:07","slug":"apollo-55100-021mar-konventionell-manuell-anropssignal-for-sjofarten-en-54-11-certifierad-rod","status":"publish","type":"product","link":"https:\/\/secureus.se\/dk\/apollo-55100-021mar-konventionell-manuell-anropssignal-for-sjofarten-en-54-11-certifierad-rod\/","title":{"rendered":"Apollo 55100-021MAR Konventionelt manuelt marinekaldesignal, EN 54-11 certificeret, r\u00f8d"},"content":{"rendered":"<h1>Apollo 55100-021MAR Konventionelt manuelt maritimt kaldesignal<\/h1>\n<p class=\"\" data-start=\"403\" data-end=\"825\">Apollo 55100-021MAR konventionelle manuelle kaldesignal er designet til brug i marine branddetektionssystemer.<\/p>\n<p class=\"\" data-start=\"403\" data-end=\"825\">Den har en let nulstillelig mekanisme i stedet for glas, hvilket g\u00f8r den mere holdbar og sikker til brug p\u00e5 skibe og marinefaciliteter.<\/p>\n<p class=\"\" data-start=\"403\" data-end=\"825\">Kaldesignalet leveres med en overflademonteret bagboks og en &quot;Plug and Play&quot; installation, hvilket g\u00f8r ledningsf\u00f8ringen hurtig og effektiv.<\/p>\n<p class=\"\" data-start=\"827\" data-end=\"1168\">Denne enhed er udstyret med en kontinuitetsforbindelse, der giver mulighed for kabeltest f\u00f8r idrifts\u00e6ttelse, hvilket forbedrer b\u00e5de sikkerheden og installationseffektiviteten.<\/p>\n<p class=\"\" data-start=\"827\" data-end=\"1168\">N\u00e5r opkaldssignalet er aktiveret, kan det nulstilles ved at inds\u00e6tte en testn\u00f8gle i bunden af enheden og klikke p\u00e5 plads.<\/p>\n<p class=\"\" data-start=\"827\" data-end=\"1168\">Den r\u00f8de indikator lyser, n\u00e5r enheden er aktiveret.<\/p>\n<p class=\"\" data-start=\"1170\" data-end=\"1327\">Dette kaldesignal er godkendt i henhold til EN 54-11 og Marine Equipment Directive 96\/98\/EC, hvilket g\u00f8r det p\u00e5lideligt og sikkert til brug i havmilj\u00f8er.<\/p>\n<p class=\"\" data-start=\"1329\" data-end=\"1349\"><strong data-start=\"1329\" data-end=\"1348\">specifikationer<\/strong>:<\/p>\n<ul data-start=\"1350\" data-end=\"1869\">\n<li class=\"\" data-start=\"1350\" data-end=\"1374\">\n<p class=\"\" data-start=\"1352\" data-end=\"1374\"><strong data-start=\"1352\" data-end=\"1366\">Str\u00f8mkilde<\/strong>: 30V DC<\/p>\n<\/li>\n<li class=\"\" data-start=\"1375\" data-end=\"1402\">\n<p class=\"\" data-start=\"1377\" data-end=\"1402\"><strong data-start=\"1377\" data-end=\"1385\">M\u00e5le<\/strong>: 93 mm x 59,5 mm<\/p>\n<\/li>\n<li class=\"\" data-start=\"1403\" data-end=\"1418\">\n<p class=\"\" data-start=\"1405\" data-end=\"1418\"><strong data-start=\"1405\" data-end=\"1413\">Farve<\/strong>: R\u00f8d<\/p>\n<\/li>\n<li class=\"\" data-start=\"1419\" data-end=\"1436\">\n<p class=\"\" data-start=\"1421\" data-end=\"1436\"><strong data-start=\"1421\" data-end=\"1429\">V\u00e6gt<\/strong>: 180 g<\/p>\n<\/li>\n<li class=\"\" data-start=\"1437\" data-end=\"1505\">\n<p class=\"\" data-start=\"1439\" data-end=\"1505\"><strong data-start=\"1439\" data-end=\"1453\">Temperatur<\/strong>: Indend\u00f8rs \u201310\u00b0C til +55\u00b0C, Udend\u00f8rs \u201325\u00b0C til +70\u00b0C<\/p>\n<\/li>\n<li class=\"\" data-start=\"1506\" data-end=\"1546\">\n<p class=\"\" data-start=\"1508\" data-end=\"1546\"><strong data-start=\"1508\" data-end=\"1521\">Fugtighed<\/strong>: 0-93% RH (uden kondens)<\/p>\n<\/li>\n<li class=\"\" data-start=\"1547\" data-end=\"1592\">\n<p class=\"\" data-start=\"1549\" data-end=\"1592\"><strong data-start=\"1549\" data-end=\"1561\">IP klasse<\/strong>: Indend\u00f8rs: IP24D, Udend\u00f8rs: IP67<\/p>\n<\/li>\n<li class=\"\" data-start=\"1593\" data-end=\"1652\">\n<p class=\"\" data-start=\"1595\" data-end=\"1652\"><strong data-start=\"1595\" data-end=\"1607\">Materiale<\/strong>: Polycarbonat eller ABS afh\u00e6ngig af funktion<\/p>\n<\/li>\n<li class=\"\" data-start=\"1653\" data-end=\"1719\">\n<p class=\"\" data-start=\"1655\" data-end=\"1719\"><strong data-start=\"1655\" data-end=\"1673\">Certificeringer<\/strong>: EN54-11, Marine Equipment Direktiv 96\/98\/EC<\/p>\n<\/li>\n<li class=\"\" data-start=\"1720\" data-end=\"1766\">\n<p class=\"\" data-start=\"1722\" data-end=\"1766\"><strong data-start=\"1722\" data-end=\"1740\">Kompatibilitet<\/strong>: XP95 Protocol Translator<\/p>\n<\/li>\n<li class=\"\" data-start=\"1767\" data-end=\"1829\">\n<p class=\"\" data-start=\"1769\" data-end=\"1829\"><strong data-start=\"1769\" data-end=\"1783\">Funktioner<\/strong>: Nulstillelig, &quot;Plug and Play&quot;, overflademontering<\/p>\n<\/li>\n<li class=\"\" data-start=\"1830\" data-end=\"1869\">\n<p class=\"\" data-start=\"1832\" data-end=\"1869\"><strong data-start=\"1832\" data-end=\"1843\">Garanti<\/strong>: Begr\u00e6nset 10 \u00e5rs garanti<\/p>\n<\/li>\n<\/ul>","protected":false},"excerpt":{"rendered":"<p>Apollo 55100-021MAR konventionelle manuelle marinekaldesignal er EN 54-11 certificeret og har &quot;Plug and Play&quot; terminalforbindelser for hurtig installation.<\/p>\n<p>Den er ideel til marine applikationer og har en kontinuitetsforbindelse til kabeltest f\u00f8r idrifts\u00e6ttelse.<\/p>","protected":false},"featured_media":149905,"template":"","meta":{"_acf_changed":false},"product_brand":[],"product_cat":[4749,1830,4828],"product_tag":[],"class_list":{"0":"post-149906","1":"product","2":"type-product","3":"status-publish","4":"has-post-thumbnail","6":"product_cat-orbis-serien","7":"product_cat-brandknappar","8":"product_cat-nodknappar","9":"pa_brands-apollo-fire-detectors","10":"tm-no-options","12":"first","13":"onbackorder","14":"sale","15":"taxable","16":"shipping-taxable","17":"purchasable","18":"product-type-simple"},"acf":[],"_links":{"self":[{"href":"https:\/\/secureus.se\/dk\/wp-json\/wp\/v2\/product\/149906","targetHints":{"allow":["GET"]}}],"collection":[{"href":"https:\/\/secureus.se\/dk\/wp-json\/wp\/v2\/product"}],"about":[{"href":"https:\/\/secureus.se\/dk\/wp-json\/wp\/v2\/types\/product"}],"wp:featuredmedia":[{"embeddable":true,"href":"https:\/\/secureus.se\/dk\/wp-json\/wp\/v2\/media\/149905"}],"wp:attachment":[{"href":"https:\/\/secureus.se\/dk\/wp-json\/wp\/v2\/media?parent=149906"}],"wp:term":[{"taxonomy":"product_brand","embeddable":true,"href":"https:\/\/secureus.se\/dk\/wp-json\/wp\/v2\/product_brand?post=149906"},{"taxonomy":"product_cat","embeddable":true,"href":"https:\/\/secureus.se\/dk\/wp-json\/wp\/v2\/product_cat?post=149906"},{"taxonomy":"product_tag","embeddable":true,"href":"https:\/\/secureus.se\/dk\/wp-json\/wp\/v2\/product_tag?post=149906"}],"curies":[{"name":"wp","href":"https:\/\/api.w.org\/{rel}","templated":true}]}}