{"id":149908,"date":"2025-04-03T14:12:32","date_gmt":"2025-04-03T12:12:32","guid":{"rendered":"https:\/\/secureus.se\/apollo-pp2620-orbis-series-optisk-och-varmekanslig-multisensordetektor\/"},"modified":"2026-04-16T15:26:06","modified_gmt":"2026-04-16T13:26:06","slug":"apollo-pp2620-orbis-series-optisk-och-varmekanslig-multisensordetektor","status":"publish","type":"product","link":"https:\/\/secureus.se\/dk\/apollo-pp2620-orbis-series-optisk-och-varmekanslig-multisensordetektor\/","title":{"rendered":"Apollo PP2620 Orbis-serien optisk og termisk multisensordetektor"},"content":{"rendered":"<h1>Apollo PP2620 Orbis-serien optisk og termisk multisensordetektor<\/h1>\n<p class=\"\" data-start=\"430\" data-end=\"837\">Apollo PP2620 Orbis Series Multi-Sensor Optisk og Heat Detector er en innovativ branddetektor, der anvender b\u00e5de optisk r\u00f8gdetektion og en termistor temperatursensor til at give b\u00e5de et kombineret og separat signal til varmesignaler.<\/p>\n<p class=\"\" data-start=\"430\" data-end=\"837\">Dette g\u00f8r det muligt for detektoren effektivt at h\u00e5ndtere falske alarmer, is\u00e6r i milj\u00f8er, hvor r\u00f8g og temperatur\u00e6ndringer kan forekomme samtidigt.<\/p>\n<p class=\"\" data-start=\"839\" data-end=\"1189\">Denne detektor har transiente afvisningsalgoritmer, som reducerer risikoen for falske alarmer og sikrer p\u00e5lidelig og effektiv branddetektion.<\/p>\n<p class=\"\" data-start=\"839\" data-end=\"1189\">Driftskompensation, inklusive DirtAlert (en gul blinkende LED), g\u00f8r det nemt at identificere, hvorn\u00e5r detektoren tr\u00e6nger til reng\u00f8ring og sikrer konstant f\u00f8lsomhed, selv n\u00e5r detektoren bliver snavset.<\/p>\n<p class=\"\" data-start=\"1191\" data-end=\"1211\"><strong data-start=\"1191\" data-end=\"1210\">specifikationer<\/strong>:<\/p>\n<ul data-start=\"1212\" data-end=\"1695\">\n<li class=\"\" data-start=\"1212\" data-end=\"1239\">\n<p class=\"\" data-start=\"1214\" data-end=\"1239\"><strong data-start=\"1214\" data-end=\"1228\">Str\u00f8mkilde<\/strong>: 17\u201328V DC<\/p>\n<\/li>\n<li class=\"\" data-start=\"1240\" data-end=\"1268\">\n<p class=\"\" data-start=\"1242\" data-end=\"1268\"><strong data-start=\"1242\" data-end=\"1250\">M\u00e5le<\/strong>: \u00d897mm x 41,9mm<\/p>\n<\/li>\n<li class=\"\" data-start=\"1269\" data-end=\"1287\">\n<p class=\"\" data-start=\"1271\" data-end=\"1287\"><strong data-start=\"1271\" data-end=\"1279\">Farve<\/strong>: S\u00f8lv<\/p>\n<\/li>\n<li class=\"\" data-start=\"1288\" data-end=\"1306\">\n<p class=\"\" data-start=\"1290\" data-end=\"1306\"><strong data-start=\"1290\" data-end=\"1298\">V\u00e6gt<\/strong>: 81,6 g<\/p>\n<\/li>\n<li class=\"\" data-start=\"1307\" data-end=\"1341\">\n<p class=\"\" data-start=\"1309\" data-end=\"1341\"><strong data-start=\"1309\" data-end=\"1323\">Temperatur<\/strong>: \u201340\u00b0C til +70\u00b0C<\/p>\n<\/li>\n<li class=\"\" data-start=\"1342\" data-end=\"1382\">\n<p class=\"\" data-start=\"1344\" data-end=\"1382\"><strong data-start=\"1344\" data-end=\"1357\">Fugtighed<\/strong>: 0\u201395% RH (uden kondensering)<\/p>\n<\/li>\n<li class=\"\" data-start=\"1383\" data-end=\"1421\">\n<p class=\"\" data-start=\"1385\" data-end=\"1421\"><strong data-start=\"1385\" data-end=\"1408\">Detekterbart medium<\/strong>: Ild (r\u00f8g)<\/p>\n<\/li>\n<li class=\"\" data-start=\"1422\" data-end=\"1467\">\n<p class=\"\" data-start=\"1424\" data-end=\"1467\"><strong data-start=\"1424\" data-end=\"1444\">Sensing teknologi<\/strong>: Optisk, fotoelektrisk<\/p>\n<\/li>\n<li class=\"\" data-start=\"1468\" data-end=\"1552\">\n<p class=\"\" data-start=\"1470\" data-end=\"1552\"><strong data-start=\"1470\" data-end=\"1484\">Funktioner<\/strong>: Fem responstilstande, driftkompensation, DirtAlert, FastTest (4 sekunder)<\/p>\n<\/li>\n<li class=\"\" data-start=\"1553\" data-end=\"1592\">\n<p class=\"\" data-start=\"1555\" data-end=\"1592\"><strong data-start=\"1555\" data-end=\"1566\">Garanti<\/strong>: Begr\u00e6nset 10 \u00e5rs garanti<\/p>\n<\/li>\n<li class=\"\" data-start=\"1593\" data-end=\"1613\">\n<p class=\"\" data-start=\"1595\" data-end=\"1613\"><strong data-start=\"1595\" data-end=\"1607\">IP klasse<\/strong>: IP44<\/p>\n<\/li>\n<li class=\"\" data-start=\"1614\" data-end=\"1695\">\n<p class=\"\" data-start=\"1616\" data-end=\"1695\"><strong data-start=\"1616\" data-end=\"1634\">Kompatibilitet<\/strong>: Apollo Series 65 og tidligere konventionelle detektorserier<\/p>\n<\/li>\n<\/ul>","protected":false},"excerpt":{"rendered":"<p>Apollo PP2620 Orbis-serien multisensor optisk og varmedetektor kombinerer b\u00e5de optisk r\u00f8gdetektion og termistortemperatursensorer for forbedret branddetektion og minimering af falske alarmer.<\/p>\n<p>Den er ideel til en lang r\u00e6kke applikationer og har automatisk driftkompensation.<\/p>","protected":false},"featured_media":149907,"template":"","meta":{"_acf_changed":false},"product_brand":[],"product_cat":[4749,3373,4157],"product_tag":[],"class_list":{"0":"post-149908","1":"product","2":"type-product","3":"status-publish","4":"has-post-thumbnail","6":"product_cat-orbis-serien","7":"product_cat-rokdetektorer","8":"product_cat-varmedetektor","9":"pa_brands-apollo-fire-detectors","10":"tm-no-options","12":"first","13":"instock","14":"sale","15":"taxable","16":"shipping-taxable","17":"purchasable","18":"product-type-simple"},"acf":[],"_links":{"self":[{"href":"https:\/\/secureus.se\/dk\/wp-json\/wp\/v2\/product\/149908","targetHints":{"allow":["GET"]}}],"collection":[{"href":"https:\/\/secureus.se\/dk\/wp-json\/wp\/v2\/product"}],"about":[{"href":"https:\/\/secureus.se\/dk\/wp-json\/wp\/v2\/types\/product"}],"wp:featuredmedia":[{"embeddable":true,"href":"https:\/\/secureus.se\/dk\/wp-json\/wp\/v2\/media\/149907"}],"wp:attachment":[{"href":"https:\/\/secureus.se\/dk\/wp-json\/wp\/v2\/media?parent=149908"}],"wp:term":[{"taxonomy":"product_brand","embeddable":true,"href":"https:\/\/secureus.se\/dk\/wp-json\/wp\/v2\/product_brand?post=149908"},{"taxonomy":"product_cat","embeddable":true,"href":"https:\/\/secureus.se\/dk\/wp-json\/wp\/v2\/product_cat?post=149908"},{"taxonomy":"product_tag","embeddable":true,"href":"https:\/\/secureus.se\/dk\/wp-json\/wp\/v2\/product_tag?post=149908"}],"curies":[{"name":"wp","href":"https:\/\/api.w.org\/{rel}","templated":true}]}}