{"id":149910,"date":"2025-04-03T14:12:32","date_gmt":"2025-04-03T12:12:32","guid":{"rendered":"https:\/\/secureus.se\/apollo-pp5021-orbis-series-marin-optisk-rokdetektor-med-blinkande-led-vit\/"},"modified":"2026-03-27T11:01:18","modified_gmt":"2026-03-27T10:01:18","slug":"apollo-pp5021-orbis-series-marin-optisk-rokdetektor-med-blinkande-led-vit","status":"publish","type":"product","link":"https:\/\/secureus.se\/dk\/apollo-pp5021-orbis-series-marin-optisk-rokdetektor-med-blinkande-led-vit\/","title":{"rendered":"Apollo PP5021 Orbis Series Marine Optisk R\u00f8gdetektor med Blinkende LED, Hvid"},"content":{"rendered":"<h1>Apollo PP5021 Orbis Series Marine Optisk R\u00f8gdetektor med blinkende LED<\/h1>\n<p class=\"\" data-start=\"425\" data-end=\"840\">Apollo PP5021 Orbis Series marine optiske r\u00f8gdetektor bruger en forbedret version af det klassiske lysspredningsprincip, hvilket g\u00f8r den mere effektiv til at detektere sort r\u00f8g end traditionelle optiske detektorer.<\/p>\n<p class=\"\" data-start=\"425\" data-end=\"840\">Den optiske sensor m\u00e5ler lys spredt af r\u00f8gpartikler i en vidvinkel, hvilket giver \u00f8get f\u00f8lsomhed og p\u00e5lidelighed, samtidig med at risikoen for falske alarmer reduceres markant.<\/p>\n<p class=\"\" data-start=\"842\" data-end=\"1179\">Detektoren er udstyret med algoritmer til at afvise transienter og en DirtAlert-funktion, der advarer, n\u00e5r detektoren skal renses.<\/p>\n<p class=\"\" data-start=\"842\" data-end=\"1179\">Der er ogs\u00e5 en blinkende LED, der viser status og alarmindikation.<\/p>\n<p class=\"\" data-start=\"842\" data-end=\"1179\">Detektoren er ideel til brug p\u00e5 skibe og marinefaciliteter, hvor den giver p\u00e5lidelig detektion selv under vanskelige forhold.<\/p>\n<p class=\"\" data-start=\"1181\" data-end=\"1201\"><strong data-start=\"1181\" data-end=\"1200\">specifikationer<\/strong>:<\/p>\n<ul data-start=\"1202\" data-end=\"1742\">\n<li class=\"\" data-start=\"1202\" data-end=\"1226\">\n<p class=\"\" data-start=\"1204\" data-end=\"1226\"><strong data-start=\"1204\" data-end=\"1218\">Str\u00f8mkilde<\/strong>: 33V DC<\/p>\n<\/li>\n<li class=\"\" data-start=\"1227\" data-end=\"1253\">\n<p class=\"\" data-start=\"1229\" data-end=\"1253\"><strong data-start=\"1229\" data-end=\"1237\">M\u00e5le<\/strong>: \u00d897mm x 31mm<\/p>\n<\/li>\n<li class=\"\" data-start=\"1254\" data-end=\"1272\">\n<p class=\"\" data-start=\"1256\" data-end=\"1272\"><strong data-start=\"1256\" data-end=\"1264\">Farve<\/strong>: S\u00f8lv<\/p>\n<\/li>\n<li class=\"\" data-start=\"1273\" data-end=\"1289\">\n<p class=\"\" data-start=\"1275\" data-end=\"1289\"><strong data-start=\"1275\" data-end=\"1283\">V\u00e6gt<\/strong>: 75 g<\/p>\n<\/li>\n<li class=\"\" data-start=\"1290\" data-end=\"1324\">\n<p class=\"\" data-start=\"1292\" data-end=\"1324\"><strong data-start=\"1292\" data-end=\"1306\">Temperatur<\/strong>: \u201340\u00b0C til +70\u00b0C<\/p>\n<\/li>\n<li class=\"\" data-start=\"1325\" data-end=\"1365\">\n<p class=\"\" data-start=\"1327\" data-end=\"1365\"><strong data-start=\"1327\" data-end=\"1340\">Fugtighed<\/strong>: 0\u201398% RH (uden kondensering)<\/p>\n<\/li>\n<li class=\"\" data-start=\"1366\" data-end=\"1404\">\n<p class=\"\" data-start=\"1368\" data-end=\"1404\"><strong data-start=\"1368\" data-end=\"1391\">Detekterbart medium<\/strong>: Ild (r\u00f8g)<\/p>\n<\/li>\n<li class=\"\" data-start=\"1405\" data-end=\"1460\">\n<p class=\"\" data-start=\"1407\" data-end=\"1460\"><strong data-start=\"1407\" data-end=\"1427\">Sensing teknologi<\/strong>: Infrar\u00f8d, optisk, fotoelektrisk<\/p>\n<\/li>\n<li class=\"\" data-start=\"1461\" data-end=\"1533\">\n<p class=\"\" data-start=\"1463\" data-end=\"1533\"><strong data-start=\"1463\" data-end=\"1477\">Funktioner<\/strong>: DirtAlert, SensAlert, FasTest, forsinket alarmh\u00e5ndtering<\/p>\n<\/li>\n<li class=\"\" data-start=\"1534\" data-end=\"1598\">\n<p class=\"\" data-start=\"1536\" data-end=\"1598\"><strong data-start=\"1536\" data-end=\"1554\">Certificeringer<\/strong>: EN54-7, MED, BV, ABS, CCS, CRS, DNV.GL, LR<\/p>\n<\/li>\n<li class=\"\" data-start=\"1599\" data-end=\"1680\">\n<p class=\"\" data-start=\"1601\" data-end=\"1680\"><strong data-start=\"1601\" data-end=\"1619\">Kompatibilitet<\/strong>: Apollo Series 65 og tidligere konventionelle detektorserier<\/p>\n<\/li>\n<li class=\"\" data-start=\"1681\" data-end=\"1702\">\n<p class=\"\" data-start=\"1683\" data-end=\"1702\"><strong data-start=\"1683\" data-end=\"1695\">IP klasse<\/strong>: IP23D<\/p>\n<\/li>\n<li class=\"\" data-start=\"1703\" data-end=\"1742\">\n<p class=\"\" data-start=\"1705\" data-end=\"1742\"><strong data-start=\"1705\" data-end=\"1716\">Garanti<\/strong>: Begr\u00e6nset 10 \u00e5rs garanti<\/p>\n<\/li>\n<\/ul>","protected":false},"excerpt":{"rendered":"<p>Apollo PP5021 Orbis Series marine optiske r\u00f8gdetektor med blinkende LED er en h\u00f8jtydende detektor, der reducerer falske alarmer gennem forbedret lysspredningsteknologi og sensordesign.<\/p>\n<p>Det er s\u00e6rligt velegnet til marine applikationer og er certificeret til brug i disse milj\u00f8er.<\/p>","protected":false},"featured_media":149909,"template":"","meta":{"_acf_changed":false},"product_brand":[],"product_cat":[4749,3373],"product_tag":[],"class_list":{"0":"post-149910","1":"product","2":"type-product","3":"status-publish","4":"has-post-thumbnail","6":"product_cat-orbis-serien","7":"product_cat-rokdetektorer","8":"pa_brands-apollo-fire-detectors","9":"tm-no-options","11":"first","12":"onbackorder","13":"sale","14":"taxable","15":"shipping-taxable","16":"purchasable","17":"product-type-simple"},"acf":[],"_links":{"self":[{"href":"https:\/\/secureus.se\/dk\/wp-json\/wp\/v2\/product\/149910","targetHints":{"allow":["GET"]}}],"collection":[{"href":"https:\/\/secureus.se\/dk\/wp-json\/wp\/v2\/product"}],"about":[{"href":"https:\/\/secureus.se\/dk\/wp-json\/wp\/v2\/types\/product"}],"wp:featuredmedia":[{"embeddable":true,"href":"https:\/\/secureus.se\/dk\/wp-json\/wp\/v2\/media\/149909"}],"wp:attachment":[{"href":"https:\/\/secureus.se\/dk\/wp-json\/wp\/v2\/media?parent=149910"}],"wp:term":[{"taxonomy":"product_brand","embeddable":true,"href":"https:\/\/secureus.se\/dk\/wp-json\/wp\/v2\/product_brand?post=149910"},{"taxonomy":"product_cat","embeddable":true,"href":"https:\/\/secureus.se\/dk\/wp-json\/wp\/v2\/product_cat?post=149910"},{"taxonomy":"product_tag","embeddable":true,"href":"https:\/\/secureus.se\/dk\/wp-json\/wp\/v2\/product_tag?post=149910"}],"curies":[{"name":"wp","href":"https:\/\/api.w.org\/{rel}","templated":true}]}}