{"id":149988,"date":"2025-04-03T14:11:17","date_gmt":"2025-04-03T12:11:17","guid":{"rendered":"https:\/\/secureus.se\/apollo-pp5025-orbis-series-kontinuitetsbrytare-marine-timesaver-base-vit\/"},"modified":"2026-05-06T14:07:13","modified_gmt":"2026-05-06T12:07:13","slug":"apollo-pp5025-orbis-series-kontinuitetsbrytare-marine-timesaver-base-vit","status":"publish","type":"product","link":"https:\/\/secureus.se\/dk\/apollo-pp5025-orbis-series-kontinuitetsbrytare-marine-timesaver-base-vit\/","title":{"rendered":"Apollo PP5025 Orbis Series Continuity Switch Marine TimeSaver Base, Hvid"},"content":{"rendered":"<h1>Apollo PP5025 Orbis Series Continuity Switch Marine TimeSaver Base<\/h1>\n<p class=\"\" data-start=\"391\" data-end=\"833\">Apollo PP5025 Orbis Series Marine TimeSaver Base er en monteringsbase, der g\u00f8r installation af Orbis Series detektorer hurtig og nem.<\/p>\n<p class=\"\" data-start=\"391\" data-end=\"833\">Med et innovativt designkoncept tilbyder denne base en \u00e5ben arbejdsflade med monteringshuller for at muligg\u00f8re hurtig montering.<\/p>\n<p class=\"\" data-start=\"391\" data-end=\"833\">Den har to fastg\u00f8relsespunkter og et LED-justeringsm\u00e6rke, der hj\u00e6lper med at sikre, at alle detektorer er installeret korrekt med LED&#039;erne i samme retning.<\/p>\n<p class=\"\" data-start=\"835\" data-end=\"1200\">Den er udstyret med en kabelafisoleringsguide for at g\u00f8re installationen endnu nemmere og for at sikre, at kablerne er ordentligt forberedt.<\/p>\n<p class=\"\" data-start=\"835\" data-end=\"1200\">Dette g\u00f8r TimeSaver Base til et effektivt valg til installation af b\u00e5de r\u00f8g- og varmedetektorer i marine milj\u00f8er.<\/p>\n<p class=\"\" data-start=\"835\" data-end=\"1200\">Det er ogs\u00e5 godkendt i henhold til Marine Equipment Directive 2014\/90\/EU til brug i marine applikationer.<\/p>\n<p class=\"\" data-start=\"1202\" data-end=\"1222\"><strong data-start=\"1202\" data-end=\"1221\">specifikationer<\/strong>:<\/p>\n<ul data-start=\"1223\" data-end=\"1528\">\n<li class=\"\" data-start=\"1223\" data-end=\"1241\">\n<p class=\"\" data-start=\"1225\" data-end=\"1241\"><strong data-start=\"1225\" data-end=\"1233\">Farve<\/strong>: S\u00f8lv<\/p>\n<\/li>\n<li class=\"\" data-start=\"1242\" data-end=\"1286\">\n<p class=\"\" data-start=\"1244\" data-end=\"1286\"><strong data-start=\"1244\" data-end=\"1252\">M\u00e5le<\/strong>: Standardst\u00f8rrelse til Orbis-serien<\/p>\n<\/li>\n<li class=\"\" data-start=\"1287\" data-end=\"1363\">\n<p class=\"\" data-start=\"1289\" data-end=\"1363\"><strong data-start=\"1289\" data-end=\"1303\">Funktioner<\/strong>: To fastg\u00f8relsespunkter, LED-justeringsm\u00e6rke, Kabelafisoleringsguide<\/p>\n<\/li>\n<li class=\"\" data-start=\"1364\" data-end=\"1415\">\n<p class=\"\" data-start=\"1366\" data-end=\"1415\"><strong data-start=\"1366\" data-end=\"1384\">Kompatibilitet<\/strong>: Varmedetektor, R\u00f8gdetektor<\/p>\n<\/li>\n<li class=\"\" data-start=\"1416\" data-end=\"1488\">\n<p class=\"\" data-start=\"1418\" data-end=\"1488\"><strong data-start=\"1418\" data-end=\"1436\">Certificeringer<\/strong>: CE-m\u00e6rkning, Marine Equipment Direktiv 2014\/90\/EU<\/p>\n<\/li>\n<li class=\"\" data-start=\"1489\" data-end=\"1528\">\n<p class=\"\" data-start=\"1491\" data-end=\"1528\"><strong data-start=\"1491\" data-end=\"1502\">Garanti<\/strong>: Begr\u00e6nset 10 \u00e5rs garanti<\/p>\n<\/li>\n<\/ul>","protected":false},"excerpt":{"rendered":"<p>Apollo PP5025 Orbis Series Continuity Switch Marine TimeSaver Base er designet til nem og hurtig installation af detektorer.<\/p>\n<p>Den har to fastg\u00f8relsespunkter, et LED-justeringsm\u00e6rke for korrekt installation og en kabelafisoleringsguide til effektivt arbejde.<\/p>","protected":false},"featured_media":149987,"template":"","meta":{"_acf_changed":false},"product_brand":[],"product_cat":[4749],"product_tag":[],"class_list":{"0":"post-149988","1":"product","2":"type-product","3":"status-publish","4":"has-post-thumbnail","6":"product_cat-orbis-serien","7":"pa_brands-apollo-fire-detectors","8":"tm-no-options","10":"first","11":"instock","12":"sale","13":"taxable","14":"shipping-taxable","15":"purchasable","16":"product-type-simple"},"acf":[],"_links":{"self":[{"href":"https:\/\/secureus.se\/dk\/wp-json\/wp\/v2\/product\/149988","targetHints":{"allow":["GET"]}}],"collection":[{"href":"https:\/\/secureus.se\/dk\/wp-json\/wp\/v2\/product"}],"about":[{"href":"https:\/\/secureus.se\/dk\/wp-json\/wp\/v2\/types\/product"}],"wp:featuredmedia":[{"embeddable":true,"href":"https:\/\/secureus.se\/dk\/wp-json\/wp\/v2\/media\/149987"}],"wp:attachment":[{"href":"https:\/\/secureus.se\/dk\/wp-json\/wp\/v2\/media?parent=149988"}],"wp:term":[{"taxonomy":"product_brand","embeddable":true,"href":"https:\/\/secureus.se\/dk\/wp-json\/wp\/v2\/product_brand?post=149988"},{"taxonomy":"product_cat","embeddable":true,"href":"https:\/\/secureus.se\/dk\/wp-json\/wp\/v2\/product_cat?post=149988"},{"taxonomy":"product_tag","embeddable":true,"href":"https:\/\/secureus.se\/dk\/wp-json\/wp\/v2\/product_tag?post=149988"}],"curies":[{"name":"wp","href":"https:\/\/api.w.org\/{rel}","templated":true}]}}