{"id":149990,"date":"2025-04-03T14:11:14","date_gmt":"2025-04-03T12:11:14","guid":{"rendered":"https:\/\/secureus.se\/apollo-orb-mb-00001-apo-orbis-series-kontinuitetsbrytare-timesaver-base-vit\/"},"modified":"2026-03-27T09:50:36","modified_gmt":"2026-03-27T08:50:36","slug":"apollo-orb-mb-00001-apo-orbis-series-kontinuitetsbrytare-timesaver-base-vit","status":"publish","type":"product","link":"https:\/\/secureus.se\/dk\/apollo-orb-mb-00001-apo-orbis-series-kontinuitetsbrytare-timesaver-base-vit\/","title":{"rendered":"Apollo ORB-MB-00001-APO Orbis Series Continuity Switch TimeSaver Base, hvid"},"content":{"rendered":"<h1>Apollo ORB-MB-00001-APO Orbis Series Kontinuitetsswitch TimeSaver Base<\/h1>\n<p class=\"\" data-start=\"472\" data-end=\"897\">Apollo Orbis Continuity Switch TimeSaver Base er designet til at optimere installationen af branddetektorer ved at tilbyde en \u00e5ben arbejdsflade med monteringshuller, der muligg\u00f8r hurtig og nem montering.<\/p>\n<p class=\"\" data-start=\"472\" data-end=\"897\">Basen leveres med et LED-justeringsm\u00e6rke, som g\u00f8r det muligt for installat\u00f8ren at placere detektorer korrekt for at sikre, at LED&#039;erne er orienteret i den rigtige retning.<\/p>\n<p class=\"\" data-start=\"899\" data-end=\"1390\">TimeSaver Base er en perfekt l\u00f8sning til brug med Apollo Series 65 og tidligere modeller af konventionelle detektorer.<\/p>\n<p class=\"\" data-start=\"899\" data-end=\"1390\">Den er designet til at v\u00e6re b\u00e5de funktionel og p\u00e5lidelig med en CE-m\u00e6rkning og overensstemmelse med g\u00e6ldende sikkerhedsstandarder.<\/p>\n<p class=\"\" data-start=\"899\" data-end=\"1390\">Soklen er lavet af PC-materiale og har en dybde p\u00e5 20 mm, hvilket giver en holdbar og stabil montering.<\/p>\n<p class=\"\" data-start=\"899\" data-end=\"1390\">Med sine to fastg\u00f8relsespunkter og robuste design kan den bruges i forskellige sikkerhedssystemer for at sikre effektiv detektering.<\/p>\n<p class=\"\" data-start=\"1392\" data-end=\"1422\"><strong data-start=\"1392\" data-end=\"1420\">Hovedfunktioner:<\/strong><\/p>\n<ul data-start=\"1423\" data-end=\"1660\">\n<li class=\"\" data-start=\"1423\" data-end=\"1442\">\n<p class=\"\" data-start=\"1425\" data-end=\"1442\">To fastg\u00f8relsespunkter<\/p>\n<\/li>\n<li class=\"\" data-start=\"1443\" data-end=\"1467\">\n<p class=\"\" data-start=\"1445\" data-end=\"1467\">LED-justeringsm\u00e6rke<\/p>\n<\/li>\n<li class=\"\" data-start=\"1468\" data-end=\"1520\">\n<p class=\"\" data-start=\"1470\" data-end=\"1520\">Underst\u00f8ttede enheder: Varmedetektor, R\u00f8gdetektor<\/p>\n<\/li>\n<li class=\"\" data-start=\"1521\" data-end=\"1595\">\n<p class=\"\" data-start=\"1523\" data-end=\"1595\">Kompatibel med Apollo Series 65 og tidligere konventionelle detektorer<\/p>\n<\/li>\n<li class=\"\" data-start=\"1596\" data-end=\"1660\">\n<p class=\"\" data-start=\"1598\" data-end=\"1660\">CE-m\u00e6rket og certificeret til brug i sikkerhedssystemer<\/p>\n<\/li>\n<\/ul>\n<p class=\"\" data-start=\"1662\" data-end=\"1693\"><strong data-start=\"1662\" data-end=\"1691\">Tekniske specifikationer:<\/strong><\/p>\n<ul data-start=\"1694\" data-end=\"1875\">\n<li class=\"\" data-start=\"1694\" data-end=\"1709\">\n<p class=\"\" data-start=\"1696\" data-end=\"1709\">Dybde: 20 mm<\/p>\n<\/li>\n<li class=\"\" data-start=\"1710\" data-end=\"1726\">\n<p class=\"\" data-start=\"1712\" data-end=\"1726\">Farve: S\u00f8lv<\/p>\n<\/li>\n<li class=\"\" data-start=\"1727\" data-end=\"1758\">\n<p class=\"\" data-start=\"1729\" data-end=\"1758\">Materiale: PC (polycarbonat)<\/p>\n<\/li>\n<li class=\"\" data-start=\"1759\" data-end=\"1801\">\n<p class=\"\" data-start=\"1761\" data-end=\"1801\">Certificeringer: CE-m\u00e6rkning, kompatibel<\/p>\n<\/li>\n<li class=\"\" data-start=\"1802\" data-end=\"1875\">\n<p class=\"\" data-start=\"1804\" data-end=\"1875\">Kompatibilitet: Apollo Series 65 og tidligere konventionelle detektorer<\/p>\n<\/li>\n<\/ul>","protected":false},"excerpt":{"rendered":"<p>Apollo Orbis Continuity Switch TimeSaver Base tilbyder en effektiv l\u00f8sning til hurtig installation af branddetektorer.<\/p>\n<p>Med to fastg\u00f8relsespunkter og LED-justeringsm\u00e6rke g\u00f8r det installationen nem og hurtig. Den er kompatibel med Apollo Series 65 og tidligere konventionelle detektorer.<\/p>","protected":false},"featured_media":149989,"template":"","meta":{"_acf_changed":false},"product_brand":[],"product_cat":[4749],"product_tag":[],"class_list":{"0":"post-149990","1":"product","2":"type-product","3":"status-publish","4":"has-post-thumbnail","6":"product_cat-orbis-serien","7":"pa_brands-apollo-fire-detectors","8":"tm-no-options","10":"first","11":"instock","12":"sale","13":"taxable","14":"shipping-taxable","15":"purchasable","16":"product-type-simple"},"acf":[],"_links":{"self":[{"href":"https:\/\/secureus.se\/dk\/wp-json\/wp\/v2\/product\/149990","targetHints":{"allow":["GET"]}}],"collection":[{"href":"https:\/\/secureus.se\/dk\/wp-json\/wp\/v2\/product"}],"about":[{"href":"https:\/\/secureus.se\/dk\/wp-json\/wp\/v2\/types\/product"}],"wp:featuredmedia":[{"embeddable":true,"href":"https:\/\/secureus.se\/dk\/wp-json\/wp\/v2\/media\/149989"}],"wp:attachment":[{"href":"https:\/\/secureus.se\/dk\/wp-json\/wp\/v2\/media?parent=149990"}],"wp:term":[{"taxonomy":"product_brand","embeddable":true,"href":"https:\/\/secureus.se\/dk\/wp-json\/wp\/v2\/product_brand?post=149990"},{"taxonomy":"product_cat","embeddable":true,"href":"https:\/\/secureus.se\/dk\/wp-json\/wp\/v2\/product_cat?post=149990"},{"taxonomy":"product_tag","embeddable":true,"href":"https:\/\/secureus.se\/dk\/wp-json\/wp\/v2\/product_tag?post=149990"}],"curies":[{"name":"wp","href":"https:\/\/api.w.org\/{rel}","templated":true}]}}