{"id":149994,"date":"2025-04-03T14:11:13","date_gmt":"2025-04-03T12:11:13","guid":{"rendered":"https:\/\/secureus.se\/apollo-45681-519apo-orbis-series-vattentat-uppvarmd-basskydd\/"},"modified":"2026-04-09T11:30:04","modified_gmt":"2026-04-09T09:30:04","slug":"apollo-45681-519apo-orbis-series-vattentat-uppvarmd-basskydd","status":"publish","type":"product","link":"https:\/\/secureus.se\/dk\/apollo-45681-519apo-orbis-series-vattentat-uppvarmd-basskydd\/","title":{"rendered":"Apollo 45681-519APO Orbis-serien, vandt\u00e6t opvarmet bundd\u00e6ksel"},"content":{"rendered":"<h1>Apollo 45681-519APO Orbis-serien, vandt\u00e6t opvarmet bundd\u00e6ksel<\/h1>\n<p>Apollo Orbis-seriens vandt\u00e6tte opvarmede bundd\u00e6ksel (model 45681-519APO) er et uundv\u00e6rligt tilbeh\u00f8r til din opvarmede Orbis-base.<\/p>\n<p>Coveret er designet til at beskytte mod vejrp\u00e5virkninger og bevare enhedens integritet under alle forhold.<\/p>\n<p>Med sin vandafvisende konstruktion beskytter dette cover din opvarmede base mod fugt og skader, der kan opst\u00e5 under barske vejrforhold.<\/p>\n<p class=\"\" data-start=\"845\" data-end=\"1109\">Dette bundcover er en p\u00e5lidelig og vigtig komponent til at sikre langsigtet holdbarhed og funktionalitet af din Orbis Base \u2013 Heated. Produktet er CE-m\u00e6rket og opfylder relevante sikkerhedskrav for at give brugerne ro i sindet under installation og brug.<\/p>\n<p class=\"\" data-start=\"1111\" data-end=\"1141\"><strong data-start=\"1111\" data-end=\"1139\">Hovedfunktioner:<\/strong><\/p>\n<ul data-start=\"1142\" data-end=\"1289\">\n<li class=\"\" data-start=\"1142\" data-end=\"1197\">\n<p class=\"\" data-start=\"1144\" data-end=\"1197\">Vandt\u00e6t betr\u00e6k designet til Orbis Base \u2013 Opvarmet<\/p>\n<\/li>\n<li class=\"\" data-start=\"1198\" data-end=\"1213\">\n<p class=\"\" data-start=\"1200\" data-end=\"1213\">CE-m\u00e6rkning<\/p>\n<\/li>\n<li class=\"\" data-start=\"1214\" data-end=\"1289\">\n<p class=\"\" data-start=\"1216\" data-end=\"1289\">Sikrer langvarig beskyttelse og funktionalitet under alle vejrforhold<\/p>\n<\/li>\n<\/ul>\n<p class=\"\" data-start=\"1291\" data-end=\"1322\"><strong data-start=\"1291\" data-end=\"1320\">Tekniske specifikationer:<\/strong><\/p>\n<ul data-start=\"1323\" data-end=\"1460\">\n<li class=\"\" data-start=\"1323\" data-end=\"1360\">\n<p class=\"\" data-start=\"1325\" data-end=\"1360\">Kompatibilitet: Orbis Base Heated<\/p>\n<\/li>\n<li class=\"\" data-start=\"1361\" data-end=\"1392\">\n<p class=\"\" data-start=\"1363\" data-end=\"1392\">Certificeringer: CE-m\u00e6rkning<\/p>\n<\/li>\n<li class=\"\" data-start=\"1393\" data-end=\"1460\">\n<p class=\"\" data-start=\"1395\" data-end=\"1460\">Andet: Vandafvisende konstruktion for bedste beskyttelse og holdbarhed<\/p>\n<\/li>\n<\/ul>","protected":false},"excerpt":{"rendered":"<p>Apollo Orbis-seriens vandt\u00e6tte opvarmede basecover er designet til at give maksimal beskyttelse og holdbarhed til din Orbis Heated Base.<\/p>\n<p>Denne vandt\u00e6tte l\u00f8sning sikrer, at din base forbliver beskyttet under alle vejrforhold og bevarer dens funktionalitet.<\/p>","protected":false},"featured_media":149993,"template":"","meta":{"_acf_changed":false},"product_brand":[],"product_cat":[4749],"product_tag":[],"class_list":{"0":"post-149994","1":"product","2":"type-product","3":"status-publish","4":"has-post-thumbnail","6":"product_cat-orbis-serien","7":"pa_brands-apollo-fire-detectors","8":"tm-no-options","10":"first","11":"instock","12":"taxable","13":"shipping-taxable","14":"purchasable","15":"product-type-simple"},"acf":[],"_links":{"self":[{"href":"https:\/\/secureus.se\/dk\/wp-json\/wp\/v2\/product\/149994","targetHints":{"allow":["GET"]}}],"collection":[{"href":"https:\/\/secureus.se\/dk\/wp-json\/wp\/v2\/product"}],"about":[{"href":"https:\/\/secureus.se\/dk\/wp-json\/wp\/v2\/types\/product"}],"wp:featuredmedia":[{"embeddable":true,"href":"https:\/\/secureus.se\/dk\/wp-json\/wp\/v2\/media\/149993"}],"wp:attachment":[{"href":"https:\/\/secureus.se\/dk\/wp-json\/wp\/v2\/media?parent=149994"}],"wp:term":[{"taxonomy":"product_brand","embeddable":true,"href":"https:\/\/secureus.se\/dk\/wp-json\/wp\/v2\/product_brand?post=149994"},{"taxonomy":"product_cat","embeddable":true,"href":"https:\/\/secureus.se\/dk\/wp-json\/wp\/v2\/product_cat?post=149994"},{"taxonomy":"product_tag","embeddable":true,"href":"https:\/\/secureus.se\/dk\/wp-json\/wp\/v2\/product_tag?post=149994"}],"curies":[{"name":"wp","href":"https:\/\/api.w.org\/{rel}","templated":true}]}}