{"id":150000,"date":"2025-04-03T14:11:09","date_gmt":"2025-04-03T12:11:09","guid":{"rendered":"https:\/\/secureus.se\/apollo-pp5037-orbis-series-egensaker-optisk-rokdetektor-vit\/"},"modified":"2026-03-27T11:01:14","modified_gmt":"2026-03-27T10:01:14","slug":"apollo-pp5037-orbis-series-egensaker-optisk-rokdetektor-vit","status":"publish","type":"product","link":"https:\/\/secureus.se\/dk\/apollo-pp5037-orbis-series-egensaker-optisk-rokdetektor-vit\/","title":{"rendered":"Apollo PP5037 Orbis-serien egensikker optisk r\u00f8gdetektor, hvid"},"content":{"rendered":"<h1>Apollo PP5037 Orbis-serien egensikker optisk r\u00f8gdetektor<\/h1>\n<p class=\"\" data-start=\"469\" data-end=\"988\">Apollo Orbis IS optiske r\u00f8gdetektor er en h\u00f8jtydende l\u00f8sning til p\u00e5lidelig detektering af brande, is\u00e6r til langsomt br\u00e6ndende eller ulmende brande.<\/p>\n<p class=\"\" data-start=\"469\" data-end=\"988\">Ved at bruge lysspredningsprincippet m\u00e5ler den lys spredt af r\u00f8ggasser, hvilket g\u00f8r den meget effektiv til at detektere b\u00e5de sort og hvid r\u00f8g.<\/p>\n<p class=\"\" data-start=\"469\" data-end=\"988\">Orbis IS-modellen tilbyder forbedret f\u00f8lsomhed over for sort r\u00f8g, hvilket g\u00f8r den overlegen i forhold til standard optiske detektorer, som er mere f\u00f8lsomme over for hvid r\u00f8g.<\/p>\n<p class=\"\" data-start=\"990\" data-end=\"1347\">En anden n\u00f8glefunktion er algoritmerne, der hj\u00e6lper med at reducere falske alarmer ved at bortfiltrere transienter og sikre, at detektoren ikke reagerer p\u00e5 ikke-brandrelaterede f\u00e6nomener s\u00e5som r\u00f8g fra rygning eller andre kilder.<\/p>\n<p class=\"\" data-start=\"990\" data-end=\"1347\">DirtAlert\u00ae-teknologi informerer, hvis detektoren tr\u00e6nger til reng\u00f8ring, og SensAlert\u00ae advarer, hvis detektoren ikke fungerer korrekt.<\/p>\n<p class=\"\" data-start=\"1349\" data-end=\"1675\">Med et driftstemperaturomr\u00e5de p\u00e5 -40\u00b0C til +70\u00b0C og IP23D-klassificering er denne detektor p\u00e5lidelig i b\u00e5de barske og varierede milj\u00f8er.<\/p>\n<p class=\"\" data-start=\"1349\" data-end=\"1675\">Det er CE-m\u00e6rket, egensikkert og opfylder flere internationale certificeringer, hvilket g\u00f8r det perfekt til brug i farlige milj\u00f8er s\u00e5som b\u00e5de landbaserede og marine installationer.<\/p>\n<p class=\"\" data-start=\"1677\" data-end=\"1707\"><strong data-start=\"1677\" data-end=\"1705\">Hovedfunktioner:<\/strong><\/p>\n<ul data-start=\"1708\" data-end=\"2083\">\n<li class=\"\" data-start=\"1708\" data-end=\"1747\">\n<p class=\"\" data-start=\"1710\" data-end=\"1747\">Forbedret f\u00f8lsomhed over for sort r\u00f8g<\/p>\n<\/li>\n<li class=\"\" data-start=\"1748\" data-end=\"1820\">\n<p class=\"\" data-start=\"1750\" data-end=\"1820\">Reducerer falske alarmer gennem avancerede transientstyringsalgoritmer<\/p>\n<\/li>\n<li class=\"\" data-start=\"1821\" data-end=\"1893\">\n<p class=\"\" data-start=\"1823\" data-end=\"1893\">Inkluderer DirtAlert\u00ae for nem identifikation af snavsdetektorer<\/p>\n<\/li>\n<li class=\"\" data-start=\"1894\" data-end=\"1958\">\n<p class=\"\" data-start=\"1896\" data-end=\"1958\">SensAlert\u00ae for at indikere, om sensoren ikke fungerer korrekt<\/p>\n<\/li>\n<li class=\"\" data-start=\"1959\" data-end=\"2026\">\n<p class=\"\" data-start=\"1961\" data-end=\"2026\">CE-m\u00e6rket og egensikker til brug i farlige milj\u00f8er<\/p>\n<\/li>\n<li class=\"\" data-start=\"2027\" data-end=\"2083\">\n<p class=\"\" data-start=\"2029\" data-end=\"2083\">Kompatibel med b\u00e5de indend\u00f8rs og udend\u00f8rs installationer<\/p>\n<\/li>\n<\/ul>\n<p class=\"\" data-start=\"2085\" data-end=\"2116\"><strong data-start=\"2085\" data-end=\"2114\">Tekniske specifikationer:<\/strong><\/p>\n<ul data-start=\"2117\" data-end=\"2380\">\n<li class=\"\" data-start=\"2117\" data-end=\"2133\">\n<p class=\"\" data-start=\"2119\" data-end=\"2133\">Farve: S\u00f8lv<\/p>\n<\/li>\n<li class=\"\" data-start=\"2134\" data-end=\"2149\">\n<p class=\"\" data-start=\"2136\" data-end=\"2149\">H\u00f8jde: 42 mm<\/p>\n<\/li>\n<li class=\"\" data-start=\"2150\" data-end=\"2170\">\n<p class=\"\" data-start=\"2152\" data-end=\"2170\">Diameter: 100 mm<\/p>\n<\/li>\n<li class=\"\" data-start=\"2171\" data-end=\"2196\">\n<p class=\"\" data-start=\"2173\" data-end=\"2196\">V\u00e6gt: 75 g (uden bund)<\/p>\n<\/li>\n<li class=\"\" data-start=\"2197\" data-end=\"2225\">\n<p class=\"\" data-start=\"2199\" data-end=\"2225\">Str\u00f8mbeskrivelse: 28V DC<\/p>\n<\/li>\n<li class=\"\" data-start=\"2226\" data-end=\"2258\">\n<p class=\"\" data-start=\"2228\" data-end=\"2258\">Temperatur: -40\u00b0C til +70\u00b0C<\/p>\n<\/li>\n<li class=\"\" data-start=\"2259\" data-end=\"2287\">\n<p class=\"\" data-start=\"2261\" data-end=\"2287\">IP-klassificering: IP23D<\/p>\n<\/li>\n<li class=\"\" data-start=\"2288\" data-end=\"2309\">\n<p class=\"\" data-start=\"2290\" data-end=\"2309\">Garantiperiode: 10 \u00e5r<\/p>\n<\/li>\n<li class=\"\" data-start=\"2310\" data-end=\"2380\">\n<p class=\"\" data-start=\"2312\" data-end=\"2380\">Certificeringer: CE-m\u00e6rke, ATEX, IECEx, MED, VdS, LPCB og mere<\/p>\n<\/li>\n<\/ul>","protected":false},"excerpt":{"rendered":"<p>Apollo Orbis egensikre optiske r\u00f8gdetektor tilbyder forbedret f\u00f8lsomhed over for sort r\u00f8g og reducerer falske alarmer gennem avancerede transiente h\u00e5ndteringsalgoritmer.<\/p>\n<p>Ideel til tidlig varsling af brande i b\u00e5de indend\u00f8rs og udend\u00f8rs milj\u00f8er.<\/p>","protected":false},"featured_media":149999,"template":"","meta":{"_acf_changed":false},"product_brand":[],"product_cat":[4749],"product_tag":[],"class_list":{"0":"post-150000","1":"product","2":"type-product","3":"status-publish","4":"has-post-thumbnail","6":"product_cat-orbis-serien","7":"pa_brands-apollo-fire-detectors","8":"tm-no-options","10":"first","11":"instock","12":"sale","13":"taxable","14":"shipping-taxable","15":"purchasable","16":"product-type-simple"},"acf":[],"_links":{"self":[{"href":"https:\/\/secureus.se\/dk\/wp-json\/wp\/v2\/product\/150000","targetHints":{"allow":["GET"]}}],"collection":[{"href":"https:\/\/secureus.se\/dk\/wp-json\/wp\/v2\/product"}],"about":[{"href":"https:\/\/secureus.se\/dk\/wp-json\/wp\/v2\/types\/product"}],"wp:featuredmedia":[{"embeddable":true,"href":"https:\/\/secureus.se\/dk\/wp-json\/wp\/v2\/media\/149999"}],"wp:attachment":[{"href":"https:\/\/secureus.se\/dk\/wp-json\/wp\/v2\/media?parent=150000"}],"wp:term":[{"taxonomy":"product_brand","embeddable":true,"href":"https:\/\/secureus.se\/dk\/wp-json\/wp\/v2\/product_brand?post=150000"},{"taxonomy":"product_cat","embeddable":true,"href":"https:\/\/secureus.se\/dk\/wp-json\/wp\/v2\/product_cat?post=150000"},{"taxonomy":"product_tag","embeddable":true,"href":"https:\/\/secureus.se\/dk\/wp-json\/wp\/v2\/product_tag?post=150000"}],"curies":[{"name":"wp","href":"https:\/\/api.w.org\/{rel}","templated":true}]}}