{"id":150008,"date":"2025-04-03T14:07:48","date_gmt":"2025-04-03T12:07:48","guid":{"rendered":"https:\/\/secureus.se\/apollo-55000-001apo-xp95-series-isolerande-hogtalar-for-oppet-omrade-100db-a-inomhusbruk-en-54-3-kompatibel-rod\/"},"modified":"2026-04-09T11:31:01","modified_gmt":"2026-04-09T09:31:01","slug":"apollo-55000-001apo-xp95-series-isolerande-hogtalar-for-oppet-omrade-100db-a-inomhusbruk-en-54-3-kompatibel-rod","status":"publish","type":"product","link":"https:\/\/secureus.se\/dk\/apollo-55000-001apo-xp95-series-isolerande-hogtalar-for-oppet-omrade-100db-a-inomhusbruk-en-54-3-kompatibel-rod\/","title":{"rendered":"Apollo 55000-001APO XP95-serien \u00e5bent omr\u00e5de isolerende h\u00f8jttaler 100dB A, indend\u00f8rs brug, EN 54-3 kompatibel, r\u00f8d"},"content":{"rendered":"<h1>Apollo 55000-001APO XP95-serien \u00e5bent omr\u00e5de isolerende h\u00f8jttaler 100dB A, indend\u00f8rs brug, EN 54-3 kompatibel, r\u00f8d<\/h1>\n<p class=\"\" data-start=\"494\" data-end=\"923\">Apollo XP95 Series Isolating Speaker er en lydadvarselsl\u00f8sning af h\u00f8j kvalitet til \u00e5bne omr\u00e5der, designet til at forbinde til XP95 og Discovery-systemer.<\/p>\n<p class=\"\" data-start=\"494\" data-end=\"923\">Den tilbyder tre valgbare toner: Apollo, slow whoop og DIN, hvilket g\u00f8r det muligt at tilpasse advarselssignaler til forskellige typer brandalarmsystemer.<\/p>\n<p class=\"\" data-start=\"494\" data-end=\"923\">Den kan justere lydniveauet til enten 92dB(A) eller 100dB(A) alt efter behov.<\/p>\n<p class=\"\" data-start=\"925\" data-end=\"1300\">Den isolerede bas (4\u2033) g\u00f8r den ideel til brug, hvor lyden skal spredes over store omr\u00e5der.<\/p>\n<p class=\"\" data-start=\"925\" data-end=\"1300\">Produktet er i overensstemmelse med EN 54-3 og er bygget til at give p\u00e5lidelig ydeevne selv i kr\u00e6vende milj\u00f8er.<\/p>\n<p class=\"\" data-start=\"925\" data-end=\"1300\">Den er nem at installere med sin &quot;Plug and Play&quot;-forbindelse og kan synkroniseres med andre enheder p\u00e5 samme sl\u00f8jfe for at sikre, at alarmtoner ikke blandes sammen.<\/p>\n<p data-start=\"925\" data-end=\"1300\">Den r\u00f8de finish g\u00f8r den let at identificere i n\u00f8dstilf\u00e6lde, og med dens 10 \u00e5rs garanti giver den langvarig sikkerhed til ethvert brandalarmsystem.<\/p>\n<p class=\"\" data-start=\"1451\" data-end=\"1481\"><strong data-start=\"1451\" data-end=\"1479\">Hovedfunktioner:<\/strong><\/p>\n<ul data-start=\"1482\" data-end=\"1752\">\n<li class=\"\" data-start=\"1482\" data-end=\"1527\">\n<p class=\"\" data-start=\"1484\" data-end=\"1527\">Valgbare lydstyrkeniveauer: 92dB(A) og 100dB(A)<\/p>\n<\/li>\n<li class=\"\" data-start=\"1528\" data-end=\"1572\">\n<p class=\"\" data-start=\"1530\" data-end=\"1572\">Tre toner: Apollo, slow whoop og DIN<\/p>\n<\/li>\n<li class=\"\" data-start=\"1573\" data-end=\"1634\">\n<p class=\"\" data-start=\"1575\" data-end=\"1634\">Synkronisering af toner for at undg\u00e5 at blande alarmer<\/p>\n<\/li>\n<li class=\"\" data-start=\"1635\" data-end=\"1657\">\n<p class=\"\" data-start=\"1637\" data-end=\"1657\">EN 54-3 kompatibel<\/p>\n<\/li>\n<li class=\"\" data-start=\"1658\" data-end=\"1677\">\n<p class=\"\" data-start=\"1660\" data-end=\"1677\">Isoleret 4&quot; base<\/p>\n<\/li>\n<li class=\"\" data-start=\"1678\" data-end=\"1720\">\n<p class=\"\" data-start=\"1680\" data-end=\"1720\">Fungerer med XP95 og Discovery-systemer<\/p>\n<\/li>\n<li class=\"\" data-start=\"1721\" data-end=\"1752\">\n<p class=\"\" data-start=\"1723\" data-end=\"1752\">CE m\u00e6rket og 10 \u00e5rs garanti<\/p>\n<\/li>\n<\/ul>\n<p class=\"\" data-start=\"1754\" data-end=\"1785\"><strong data-start=\"1754\" data-end=\"1783\">Tekniske specifikationer:<\/strong><\/p>\n<ul data-start=\"1786\" data-end=\"2029\">\n<li class=\"\" data-start=\"1786\" data-end=\"1799\">\n<p class=\"\" data-start=\"1788\" data-end=\"1799\">Farve: R\u00f8d<\/p>\n<\/li>\n<li class=\"\" data-start=\"1800\" data-end=\"1844\">\n<p class=\"\" data-start=\"1802\" data-end=\"1844\">Dimensioner: 104 mm (diameter) x 97,5 mm (h\u00f8jde)<\/p>\n<\/li>\n<li class=\"\" data-start=\"1845\" data-end=\"1860\">\n<p class=\"\" data-start=\"1847\" data-end=\"1860\">V\u00e6gt: 225g<\/p>\n<\/li>\n<li class=\"\" data-start=\"1861\" data-end=\"1889\">\n<p class=\"\" data-start=\"1863\" data-end=\"1889\">Str\u00f8mforsyning: 28V DC<\/p>\n<\/li>\n<li class=\"\" data-start=\"1890\" data-end=\"1910\">\n<p class=\"\" data-start=\"1892\" data-end=\"1910\">Lydniveau: 100 dB<\/p>\n<\/li>\n<li class=\"\" data-start=\"1911\" data-end=\"1952\">\n<p class=\"\" data-start=\"1913\" data-end=\"1952\">Temperaturomr\u00e5de: -10\u00b0C til +55\u00b0C<\/p>\n<\/li>\n<li class=\"\" data-start=\"1953\" data-end=\"1980\">\n<p class=\"\" data-start=\"1955\" data-end=\"1980\">IP-klassificering: IP65<\/p>\n<\/li>\n<li class=\"\" data-start=\"1981\" data-end=\"2007\">\n<p class=\"\" data-start=\"1983\" data-end=\"2007\">Materiale: Polycarbonat<\/p>\n<\/li>\n<li class=\"\" data-start=\"2008\" data-end=\"2029\">\n<p class=\"\" data-start=\"2010\" data-end=\"2029\">Garantiperiode: 10 \u00e5r<\/p>\n<\/li>\n<\/ul>","protected":false},"excerpt":{"rendered":"<p>Apollo XP95-seriens isolerende h\u00f8jttalere tilbyder valgbare lydstyrkeniveauer (92dB(A) og 100dB(A)) og en 4&quot; isoleret bash\u00f8jttaler til brug i \u00e5bne omr\u00e5der.<\/p>\n<p>Det er EN 54-17-kompatibelt og fungerer p\u00e5 b\u00e5de Discovery- og XP95-systemer.<\/p>","protected":false},"featured_media":150007,"template":"","meta":{"_acf_changed":false},"product_brand":[],"product_cat":[4751,4748],"product_tag":[],"class_list":{"0":"post-150008","1":"product","2":"type-product","3":"status-publish","4":"has-post-thumbnail","6":"product_cat-xp95-serien","7":"product_cat-discovery-serien","8":"pa_brands-apollo-fire-detectors","9":"tm-no-options","11":"first","12":"instock","13":"taxable","14":"shipping-taxable","15":"purchasable","16":"product-type-simple"},"acf":[],"_links":{"self":[{"href":"https:\/\/secureus.se\/dk\/wp-json\/wp\/v2\/product\/150008","targetHints":{"allow":["GET"]}}],"collection":[{"href":"https:\/\/secureus.se\/dk\/wp-json\/wp\/v2\/product"}],"about":[{"href":"https:\/\/secureus.se\/dk\/wp-json\/wp\/v2\/types\/product"}],"wp:featuredmedia":[{"embeddable":true,"href":"https:\/\/secureus.se\/dk\/wp-json\/wp\/v2\/media\/150007"}],"wp:attachment":[{"href":"https:\/\/secureus.se\/dk\/wp-json\/wp\/v2\/media?parent=150008"}],"wp:term":[{"taxonomy":"product_brand","embeddable":true,"href":"https:\/\/secureus.se\/dk\/wp-json\/wp\/v2\/product_brand?post=150008"},{"taxonomy":"product_cat","embeddable":true,"href":"https:\/\/secureus.se\/dk\/wp-json\/wp\/v2\/product_cat?post=150008"},{"taxonomy":"product_tag","embeddable":true,"href":"https:\/\/secureus.se\/dk\/wp-json\/wp\/v2\/product_tag?post=150008"}],"curies":[{"name":"wp","href":"https:\/\/api.w.org\/{rel}","templated":true}]}}