{"id":150010,"date":"2025-04-03T14:07:47","date_gmt":"2025-04-03T12:07:47","guid":{"rendered":"https:\/\/secureus.se\/apollo-45681-276apo-xp95-series-monteringsbas-for-kompletterande-flertonljudgivare-85db-a-inomhusbruk-en54-3-kompatibel-vit\/"},"modified":"2026-04-16T15:39:37","modified_gmt":"2026-04-16T13:39:37","slug":"apollo-45681-276apo-xp95-series-monteringsbas-for-kompletterande-flertonljudgivare-85db-a-inomhusbruk-en54-3-kompatibel-vit","status":"publish","type":"product","link":"https:\/\/secureus.se\/dk\/apollo-45681-276apo-xp95-series-monteringsbas-for-kompletterande-flertonljudgivare-85db-a-inomhusbruk-en54-3-kompatibel-vit\/","title":{"rendered":"Apollo 45681-276APO XP95-serien, monteringsbase til supplerende multitone lydgiver 85dB A, indend\u00f8rs brug, EN54-3 kompatibel, hvid"},"content":{"rendered":"<h1>Apollo 45681-276APO XP95-serien, monteringsbase til supplerende multitone lydgiver 85dB A, indend\u00f8rs brug, EN54-3 kompatibel, hvid<\/h1>\n<p class=\"\" data-start=\"554\" data-end=\"996\">Apollo XP95 hj\u00e6lpebaselydgiver er et lokalt brugssound designet til indend\u00f8rs milj\u00f8er.<\/p>\n<p class=\"\" data-start=\"554\" data-end=\"996\">Den er kompatibel med XP95, Discovery og Soteria detektorer og styres af kontrolpanelet via sl\u00f8jfedrift.<\/p>\n<p class=\"\" data-start=\"554\" data-end=\"996\">Lydsenderen har et garanteret lydniveau p\u00e5 85 dB(A) p\u00e5 1 meters afstand, og den bruger kun 3 mA str\u00f8m, hvilket g\u00f8r det muligt at tilslutte op til 126 lydsendere til samme sl\u00f8jfe.<\/p>\n<p class=\"\" data-start=\"998\" data-end=\"1400\">Denne enhed er udstyret med en justerbar volumenkontrol, der g\u00f8r det muligt at indstille lydniveauet fra 70 dB(A) til 85 dB(A). Lydsignalet er en vekslende tone p\u00e5 990 Hz og 630 Hz i 0,5 sekunder hver, hvilket g\u00f8r det effektivt til advarsel i forskellige n\u00f8dsituationer.<\/p>\n<p class=\"\" data-start=\"998\" data-end=\"1400\">Fordi enheden reagerer p\u00e5 signaler fra den tilh\u00f8rende detektor eller beacon, kr\u00e6ver den ikke sin egen adresse, hvilket forenkler installationen.<\/p>\n<p class=\"\" data-start=\"1402\" data-end=\"1565\">Med et driftstemperaturomr\u00e5de p\u00e5 -20\u00b0C til +60\u00b0C og en IP23D-klassificering er denne lydsender p\u00e5lidelig og robust til brug i en r\u00e6kke forskellige indend\u00f8rsmilj\u00f8er.<\/p>\n<p class=\"\" data-start=\"1567\" data-end=\"1597\"><strong data-start=\"1567\" data-end=\"1595\">Hovedfunktioner:<\/strong><\/p>\n<ul data-start=\"1598\" data-end=\"1906\">\n<li class=\"\" data-start=\"1598\" data-end=\"1641\">\n<p class=\"\" data-start=\"1600\" data-end=\"1641\">Lydniveau: 85 dB(A) p\u00e5 1 meters afstand<\/p>\n<\/li>\n<li class=\"\" data-start=\"1642\" data-end=\"1668\">\n<p class=\"\" data-start=\"1644\" data-end=\"1668\">Str\u00f8mforbrug: 3 mA<\/p>\n<\/li>\n<li class=\"\" data-start=\"1669\" data-end=\"1722\">\n<p class=\"\" data-start=\"1671\" data-end=\"1722\">Sl\u00f8jfedrevet, kr\u00e6ver ingen ekstern str\u00f8mforsyning<\/p>\n<\/li>\n<li class=\"\" data-start=\"1723\" data-end=\"1770\">\n<p class=\"\" data-start=\"1725\" data-end=\"1770\">Justerbar lydstyrke fra 70 dB(A) til 85 dB(A)<\/p>\n<\/li>\n<li class=\"\" data-start=\"1771\" data-end=\"1816\">\n<p class=\"\" data-start=\"1773\" data-end=\"1816\">Skiftende tonefrekvenser: 990 Hz og 630 Hz<\/p>\n<\/li>\n<li class=\"\" data-start=\"1817\" data-end=\"1870\">\n<p class=\"\" data-start=\"1819\" data-end=\"1870\">Kompatibel med XP95, Discovery og Soteria systemer<\/p>\n<\/li>\n<li class=\"\" data-start=\"1871\" data-end=\"1906\">\n<p class=\"\" data-start=\"1873\" data-end=\"1906\">CE-m\u00e6rket og EN 54-3 kompatibel<\/p>\n<\/li>\n<\/ul>\n<p class=\"\" data-start=\"1908\" data-end=\"1939\"><strong data-start=\"1908\" data-end=\"1937\">Tekniske specifikationer:<\/strong><\/p>\n<ul data-start=\"1940\" data-end=\"2161\">\n<li class=\"\" data-start=\"1940\" data-end=\"1953\">\n<p class=\"\" data-start=\"1942\" data-end=\"1953\">Farve: Hvid<\/p>\n<\/li>\n<li class=\"\" data-start=\"1954\" data-end=\"1996\">\n<p class=\"\" data-start=\"1956\" data-end=\"1996\">Dimensioner: 115 mm (diameter) x 38 mm (h\u00f8jde)<\/p>\n<\/li>\n<li class=\"\" data-start=\"1997\" data-end=\"2012\">\n<p class=\"\" data-start=\"1999\" data-end=\"2012\">V\u00e6gt: 140g<\/p>\n<\/li>\n<li class=\"\" data-start=\"2013\" data-end=\"2041\">\n<p class=\"\" data-start=\"2015\" data-end=\"2041\">Str\u00f8mforsyning: 28V DC<\/p>\n<\/li>\n<li class=\"\" data-start=\"2042\" data-end=\"2083\">\n<p class=\"\" data-start=\"2044\" data-end=\"2083\">Temperaturomr\u00e5de: -20\u00b0C til +60\u00b0C<\/p>\n<\/li>\n<li class=\"\" data-start=\"2084\" data-end=\"2112\">\n<p class=\"\" data-start=\"2086\" data-end=\"2112\">IP-klassificering: IP23D<\/p>\n<\/li>\n<li class=\"\" data-start=\"2113\" data-end=\"2139\">\n<p class=\"\" data-start=\"2115\" data-end=\"2139\">Materiale: Polycarbonat<\/p>\n<\/li>\n<li class=\"\" data-start=\"2140\" data-end=\"2161\">\n<p class=\"\" data-start=\"2142\" data-end=\"2161\">Garantiperiode: 10 \u00e5r<\/p>\n<\/li>\n<\/ul>","protected":false},"excerpt":{"rendered":"<p>Apollo XP95 monteringssokkel til komplement\u00e6re multi-tone lydgivere tilbyder et lydniveau p\u00e5 85 dB(A) p\u00e5 1 meters afstand, med et str\u00f8mforbrug p\u00e5 kun 3 mA.<\/p>\n<p>Designet til indend\u00f8rs brug fungerer denne bas i XP95, Discovery og Soteria-systemer og har en justerbar volumenkontrol.<\/p>","protected":false},"featured_media":150009,"template":"","meta":{"_acf_changed":false},"product_brand":[],"product_cat":[4751],"product_tag":[],"class_list":{"0":"post-150010","1":"product","2":"type-product","3":"status-publish","4":"has-post-thumbnail","6":"product_cat-xp95-serien","7":"pa_brands-apollo-fire-detectors","8":"tm-no-options","10":"first","11":"instock","12":"taxable","13":"shipping-taxable","14":"purchasable","15":"product-type-simple"},"acf":[],"_links":{"self":[{"href":"https:\/\/secureus.se\/dk\/wp-json\/wp\/v2\/product\/150010","targetHints":{"allow":["GET"]}}],"collection":[{"href":"https:\/\/secureus.se\/dk\/wp-json\/wp\/v2\/product"}],"about":[{"href":"https:\/\/secureus.se\/dk\/wp-json\/wp\/v2\/types\/product"}],"wp:featuredmedia":[{"embeddable":true,"href":"https:\/\/secureus.se\/dk\/wp-json\/wp\/v2\/media\/150009"}],"wp:attachment":[{"href":"https:\/\/secureus.se\/dk\/wp-json\/wp\/v2\/media?parent=150010"}],"wp:term":[{"taxonomy":"product_brand","embeddable":true,"href":"https:\/\/secureus.se\/dk\/wp-json\/wp\/v2\/product_brand?post=150010"},{"taxonomy":"product_cat","embeddable":true,"href":"https:\/\/secureus.se\/dk\/wp-json\/wp\/v2\/product_cat?post=150010"},{"taxonomy":"product_tag","embeddable":true,"href":"https:\/\/secureus.se\/dk\/wp-json\/wp\/v2\/product_tag?post=150010"}],"curies":[{"name":"wp","href":"https:\/\/api.w.org\/{rel}","templated":true}]}}