{"id":150012,"date":"2025-04-03T14:07:44","date_gmt":"2025-04-03T12:07:44","guid":{"rendered":"https:\/\/secureus.se\/apollo-45681-331apo-xp95-series-loop-powered-sounder-beacon-base-91db-a-rod-blixt-och-vit-kropp\/"},"modified":"2026-04-16T15:40:54","modified_gmt":"2026-04-16T13:40:54","slug":"apollo-45681-331apo-xp95-series-loop-powered-sounder-beacon-base-91db-a-rod-blixt-och-vit-kropp","status":"publish","type":"product","link":"https:\/\/secureus.se\/dk\/apollo-45681-331apo-xp95-series-loop-powered-sounder-beacon-base-91db-a-rod-blixt-och-vit-kropp\/","title":{"rendered":"Apollo 45681-331APO XP95 Series Sl\u00f8jfedrevet Ekkolod Beacon Base 91dB A, r\u00f8dt blink og hvid krop"},"content":{"rendered":"<h1>Apollo 45681-331APO XP95 Series Sl\u00f8jfedrevet Ekkolod Beacon Base 91dB A, r\u00f8dt blink og hvid krop<\/h1>\n<p>Apollo XP95 Sounder Beacon Base er et sl\u00f8jfedrevet h\u00f8rbart signal og visuel indikator, der kombineres med en standard monteringsbase til detektorer.<\/p>\n<p>Den er designet til at signalere en brandalarm i lukkede rum og tilbyder et lydniveau p\u00e5 91 dB(A) samt en visuel indikator, der blinker en gang i sekundet.<\/p>\n<p>Lys- og lydsignaler kan synkroniseres for at indikere advarsler og evakuering, hvilket sikrer, at signalerne er klare og konsistente.<\/p>\n<p>Denne enhed kan adresseres b\u00e5de individuelt og i grupper, hvilket g\u00f8r det nemt at styre store installationer og skabe effektive advarselssystemer.<\/p>\n<p>Derudover tilbyder den en unik selvtest for b\u00e5de akustiske og visuelle indikatorer, hvilket letter b\u00e5de installation og vedligeholdelse.<\/p>\n<p>Sounder Beacon Base er designet til brug med XP95 og Discovery-systemer og fungerer optimalt, n\u00e5r den er tilsluttet kontrolpaneler med passende software.<\/p>\n<p>Med et driftstemperaturomr\u00e5de p\u00e5 -20\u00b0C til +60\u00b0C og en IP21C-klassificering er den robust nok til indend\u00f8rs brug i de fleste milj\u00f8er og leveres med 10 \u00e5rs garanti for langvarig ydeevne.<\/p>\n<p class=\"\" data-start=\"1624\" data-end=\"1654\"><strong data-start=\"1624\" data-end=\"1652\">Hovedfunktioner:<\/strong><\/p>\n<ul data-start=\"1655\" data-end=\"1907\">\n<li class=\"\" data-start=\"1655\" data-end=\"1677\">\n<p class=\"\" data-start=\"1657\" data-end=\"1677\">Lydniveau: 91 dB(A)<\/p>\n<\/li>\n<li class=\"\" data-start=\"1678\" data-end=\"1726\">\n<p class=\"\" data-start=\"1680\" data-end=\"1726\">Visuel indikator blinker en gang i sekundet<\/p>\n<\/li>\n<li class=\"\" data-start=\"1727\" data-end=\"1785\">\n<p class=\"\" data-start=\"1729\" data-end=\"1785\">Synkronisering af alarmtoner og visuel indikatorblink<\/p>\n<\/li>\n<li class=\"\" data-start=\"1786\" data-end=\"1822\">\n<p class=\"\" data-start=\"1788\" data-end=\"1822\">Individuel og gruppeadressering<\/p>\n<\/li>\n<li class=\"\" data-start=\"1823\" data-end=\"1873\">\n<p class=\"\" data-start=\"1825\" data-end=\"1873\">Unik selvtest for lyd og visuel indikator<\/p>\n<\/li>\n<li class=\"\" data-start=\"1874\" data-end=\"1907\">\n<p class=\"\" data-start=\"1876\" data-end=\"1907\">CE-m\u00e6rket og EN 54-3 kompatibel<\/p>\n<\/li>\n<\/ul>\n<p class=\"\" data-start=\"1909\" data-end=\"1940\"><strong data-start=\"1909\" data-end=\"1938\">Tekniske specifikationer:<\/strong><\/p>\n<ul data-start=\"1941\" data-end=\"2151\">\n<li class=\"\" data-start=\"1941\" data-end=\"1974\">\n<p class=\"\" data-start=\"1943\" data-end=\"1974\">Farve: R\u00f8d blink og hvid krop<\/p>\n<\/li>\n<li class=\"\" data-start=\"1975\" data-end=\"1990\">\n<p class=\"\" data-start=\"1977\" data-end=\"1990\">Dybde: 38 mm<\/p>\n<\/li>\n<li class=\"\" data-start=\"1991\" data-end=\"2006\">\n<p class=\"\" data-start=\"1993\" data-end=\"2006\">V\u00e6gt: 160g<\/p>\n<\/li>\n<li class=\"\" data-start=\"2007\" data-end=\"2035\">\n<p class=\"\" data-start=\"2009\" data-end=\"2035\">Str\u00f8mbeskrivelse: 28V DC<\/p>\n<\/li>\n<li class=\"\" data-start=\"2036\" data-end=\"2058\">\n<p class=\"\" data-start=\"2038\" data-end=\"2058\">Lydniveau: 91 dB(A)<\/p>\n<\/li>\n<li class=\"\" data-start=\"2059\" data-end=\"2100\">\n<p class=\"\" data-start=\"2061\" data-end=\"2100\">Temperaturomr\u00e5de: -20\u00b0C til +60\u00b0C<\/p>\n<\/li>\n<li class=\"\" data-start=\"2101\" data-end=\"2129\">\n<p class=\"\" data-start=\"2103\" data-end=\"2129\">IP-klassificering: IP21C<\/p>\n<\/li>\n<\/ul>","protected":false},"excerpt":{"rendered":"<p>Apollo XP95 Loop-Powered Sounder Beacon Base tilbyder et lydniveau p\u00e5 91dB(A) og en visuel indikator, der blinker hvert sekund.<\/p>\n<p>Den er ideel til at signalere brandalarmer i lukkede rum og kan synkroniseres med andre alarmtoner og lys.<\/p>","protected":false},"featured_media":150011,"template":"","meta":{"_acf_changed":false},"product_brand":[],"product_cat":[4751],"product_tag":[],"class_list":{"0":"post-150012","1":"product","2":"type-product","3":"status-publish","4":"has-post-thumbnail","6":"product_cat-xp95-serien","7":"pa_brands-apollo-fire-detectors","8":"tm-no-options","10":"first","11":"instock","12":"taxable","13":"shipping-taxable","14":"purchasable","15":"product-type-simple"},"acf":[],"_links":{"self":[{"href":"https:\/\/secureus.se\/dk\/wp-json\/wp\/v2\/product\/150012","targetHints":{"allow":["GET"]}}],"collection":[{"href":"https:\/\/secureus.se\/dk\/wp-json\/wp\/v2\/product"}],"about":[{"href":"https:\/\/secureus.se\/dk\/wp-json\/wp\/v2\/types\/product"}],"wp:featuredmedia":[{"embeddable":true,"href":"https:\/\/secureus.se\/dk\/wp-json\/wp\/v2\/media\/150011"}],"wp:attachment":[{"href":"https:\/\/secureus.se\/dk\/wp-json\/wp\/v2\/media?parent=150012"}],"wp:term":[{"taxonomy":"product_brand","embeddable":true,"href":"https:\/\/secureus.se\/dk\/wp-json\/wp\/v2\/product_brand?post=150012"},{"taxonomy":"product_cat","embeddable":true,"href":"https:\/\/secureus.se\/dk\/wp-json\/wp\/v2\/product_cat?post=150012"},{"taxonomy":"product_tag","embeddable":true,"href":"https:\/\/secureus.se\/dk\/wp-json\/wp\/v2\/product_tag?post=150012"}],"curies":[{"name":"wp","href":"https:\/\/api.w.org\/{rel}","templated":true}]}}