{"id":150018,"date":"2025-04-03T14:07:39","date_gmt":"2025-04-03T12:07:39","guid":{"rendered":"https:\/\/secureus.se\/apollo-55000-660apo-xp95-series-optisk-rokdetektor-svart\/"},"modified":"2026-04-09T11:30:27","modified_gmt":"2026-04-09T09:30:27","slug":"apollo-55000-660apo-xp95-series-optisk-rokdetektor-svart","status":"publish","type":"product","link":"https:\/\/secureus.se\/dk\/apollo-55000-660apo-xp95-series-optisk-rokdetektor-svart\/","title":{"rendered":"Apollo 55000-660APO XP95-serien, optisk r\u00f8gdetektor, sort"},"content":{"rendered":"<h1>Apollo 55000-660APO XP95-serien, optisk r\u00f8gdetektor, sort<\/h1>\n<p>Apollo XP95 optiske r\u00f8gdetektor (55000-660APO) bruger lysspredningsprincippet til p\u00e5lideligt at detektere r\u00f8g i omr\u00e5der, hvor der er sandsynlighed for langsomt br\u00e6ndende eller ulmende brande.<\/p>\n<p>Den har en kalibreret f\u00f8lsomhed, der g\u00f8r den i stand til at reagere hurtigt p\u00e5 r\u00f8g, mens den filtrerer interferens fra vind eller \u00e6ndringer i atmosf\u00e6risk tryk, hvilket g\u00f8r den ideel til brug p\u00e5 flugtveje.<\/p>\n<p class=\"\" data-start=\"925\" data-end=\"1286\">Detektoren er forbundet til et to-tr\u00e5ds sl\u00f8jfesystem og bruger digital kommunikation (XP95, Discovery og CoreProtocol\u00ae) for at garantere stabilitet og h\u00f8j immunitet over for interferens, hvilket er afg\u00f8rende i st\u00f8rre systemer, hvor livssikkerhed er vigtig.<\/p>\n<p class=\"\" data-start=\"925\" data-end=\"1286\">Et LED-lys p\u00e5 enheden giver visuel indikation af systemstatus og er hvidt i standby og r\u00f8dt i alarm.<\/p>\n<p class=\"\" data-start=\"1288\" data-end=\"1558\">Med et driftstemperaturomr\u00e5de p\u00e5 -20\u00b0C til +60\u00b0C og et design, der g\u00f8r den velegnet til b\u00e5de indend\u00f8rs og udend\u00f8rs brug, er den ideel til b\u00e5de kommercielle og industrielle milj\u00f8er.<\/p>\n<p class=\"\" data-start=\"1288\" data-end=\"1558\">Den er desuden CE-m\u00e6rket og opfylder internationale sikkerhedsstandarder for branddetektorer.<\/p>\n<p class=\"\" data-start=\"1560\" data-end=\"1590\"><strong data-start=\"1560\" data-end=\"1588\">Hovedfunktioner:<\/strong><\/p>\n<ul data-start=\"1591\" data-end=\"1852\">\n<li class=\"\" data-start=\"1591\" data-end=\"1664\">\n<p class=\"\" data-start=\"1593\" data-end=\"1664\">P\u00e5lidelig branddetektion i temperaturomr\u00e5der fra -20\u00b0C til +60\u00b0C<\/p>\n<\/li>\n<li class=\"\" data-start=\"1665\" data-end=\"1697\">\n<p class=\"\" data-start=\"1667\" data-end=\"1697\">Ideel til flugtveje<\/p>\n<\/li>\n<li class=\"\" data-start=\"1698\" data-end=\"1742\">\n<p class=\"\" data-start=\"1700\" data-end=\"1742\">Up\u00e5virket af vind og atmosf\u00e6risk tryk<\/p>\n<\/li>\n<li class=\"\" data-start=\"1743\" data-end=\"1792\">\n<p class=\"\" data-start=\"1745\" data-end=\"1792\">LED-indikator (hvid i standby, r\u00f8d i alarm)<\/p>\n<\/li>\n<li class=\"\" data-start=\"1793\" data-end=\"1852\">\n<p class=\"\" data-start=\"1795\" data-end=\"1852\">Kompatibel med XP95, Discovery og CoreProtocol\u00ae-systemer<\/p>\n<\/li>\n<\/ul>\n<p class=\"\" data-start=\"1854\" data-end=\"1885\"><strong data-start=\"1854\" data-end=\"1883\">Tekniske specifikationer:<\/strong><\/p>\n<ul data-start=\"1886\" data-end=\"2139\">\n<li class=\"\" data-start=\"1886\" data-end=\"1901\">\n<p class=\"\" data-start=\"1888\" data-end=\"1901\">Farve: Sort<\/p>\n<\/li>\n<li class=\"\" data-start=\"1902\" data-end=\"1922\">\n<p class=\"\" data-start=\"1904\" data-end=\"1922\">Diameter: 100 mm<\/p>\n<\/li>\n<li class=\"\" data-start=\"1923\" data-end=\"1938\">\n<p class=\"\" data-start=\"1925\" data-end=\"1938\">H\u00f8jde: 42 mm<\/p>\n<\/li>\n<li class=\"\" data-start=\"1939\" data-end=\"1954\">\n<p class=\"\" data-start=\"1941\" data-end=\"1954\">V\u00e6gt: 105g<\/p>\n<\/li>\n<li class=\"\" data-start=\"1955\" data-end=\"1983\">\n<p class=\"\" data-start=\"1957\" data-end=\"1983\">Str\u00f8mforsyning: 28V DC<\/p>\n<\/li>\n<li class=\"\" data-start=\"1984\" data-end=\"2046\">\n<p class=\"\" data-start=\"1986\" data-end=\"2046\">Kalibreret til at give en analog v\u00e6rdi p\u00e5 25\u00b17 i ren luft<\/p>\n<\/li>\n<li class=\"\" data-start=\"2047\" data-end=\"2088\">\n<p class=\"\" data-start=\"2049\" data-end=\"2088\">Temperaturomr\u00e5de: -20\u00b0C til +60\u00b0C<\/p>\n<\/li>\n<li class=\"\" data-start=\"2089\" data-end=\"2117\">\n<p class=\"\" data-start=\"2091\" data-end=\"2117\">IP-klassificering: IP23D<\/p>\n<\/li>\n<li class=\"\" data-start=\"2118\" data-end=\"2139\">\n<p class=\"\" data-start=\"2120\" data-end=\"2139\">Garantiperiode: 10 \u00e5r<\/p>\n<\/li>\n<\/ul>","protected":false},"excerpt":{"rendered":"<p>Den optiske r\u00f8gdetektor Apollo XP95 giver p\u00e5lidelig branddetektion over et bredt temperaturomr\u00e5de fra -20\u00b0C til 60\u00b0C.<\/p>\n<p>Den er s\u00e6rlig god til flugtveje og er up\u00e5virket af vind eller atmosf\u00e6risk tryk, hvilket g\u00f8r den yderst effektiv selv i vanskelige milj\u00f8er.<\/p>","protected":false},"featured_media":150017,"template":"","meta":{"_acf_changed":false},"product_brand":[],"product_cat":[4751],"product_tag":[],"class_list":{"0":"post-150018","1":"product","2":"type-product","3":"status-publish","4":"has-post-thumbnail","6":"product_cat-xp95-serien","7":"pa_brands-apollo-fire-detectors","8":"tm-no-options","10":"first","11":"onbackorder","12":"taxable","13":"shipping-taxable","14":"purchasable","15":"product-type-simple"},"acf":[],"_links":{"self":[{"href":"https:\/\/secureus.se\/dk\/wp-json\/wp\/v2\/product\/150018","targetHints":{"allow":["GET"]}}],"collection":[{"href":"https:\/\/secureus.se\/dk\/wp-json\/wp\/v2\/product"}],"about":[{"href":"https:\/\/secureus.se\/dk\/wp-json\/wp\/v2\/types\/product"}],"wp:featuredmedia":[{"embeddable":true,"href":"https:\/\/secureus.se\/dk\/wp-json\/wp\/v2\/media\/150017"}],"wp:attachment":[{"href":"https:\/\/secureus.se\/dk\/wp-json\/wp\/v2\/media?parent=150018"}],"wp:term":[{"taxonomy":"product_brand","embeddable":true,"href":"https:\/\/secureus.se\/dk\/wp-json\/wp\/v2\/product_brand?post=150018"},{"taxonomy":"product_cat","embeddable":true,"href":"https:\/\/secureus.se\/dk\/wp-json\/wp\/v2\/product_cat?post=150018"},{"taxonomy":"product_tag","embeddable":true,"href":"https:\/\/secureus.se\/dk\/wp-json\/wp\/v2\/product_tag?post=150018"}],"curies":[{"name":"wp","href":"https:\/\/api.w.org\/{rel}","templated":true}]}}