{"id":150020,"date":"2025-04-03T14:07:39","date_gmt":"2025-04-03T12:07:39","guid":{"rendered":"https:\/\/secureus.se\/apollo-53541-170apo-provtagningsror-for-kanaldetektor-300-750-mm\/"},"modified":"2026-04-09T11:30:16","modified_gmt":"2026-04-09T09:30:16","slug":"apollo-53541-170apo-provtagningsror-for-kanaldetektor-300-750-mm","status":"publish","type":"product","link":"https:\/\/secureus.se\/dk\/apollo-53541-170apo-provtagningsror-for-kanaldetektor-300-750-mm\/","title":{"rendered":"Apollo 53541-170APO Pr\u00f8vetagningsr\u00f8r til kanaldetektor, 300-750 mm"},"content":{"rendered":"<h1>Apollo 53541-170APO Pr\u00f8vetagningsr\u00f8r til kanaldetektor, 300-750 mm<\/h1>\n<p>Apollo kanaldetektor pr\u00f8vetagningsr\u00f8r (53541-170APO) er designet til effektivt at indsamle r\u00f8gpr\u00f8ver fra kanaler med en bredde mellem 300 mm og 3000 mm.<\/p>\n<p>Den leveres med et 360 mm pr\u00f8vetagningsr\u00f8r, som er velegnet til kanaler med en bredde p\u00e5 op til 540 mm.<\/p>\n<p>Dette pr\u00f8vetagningsr\u00f8r g\u00f8r det muligt at bruge kanaldetektorer i en lang r\u00e6kke installationsmilj\u00f8er, hvilket g\u00f8r det til en fleksibel l\u00f8sning til branddetektion i ventilationssystemer.<\/p>\n<p>For st\u00f8rre kanalbredder kan l\u00e6ngere pr\u00f8vetagningsr\u00f8r bestilles separat, hvilket giver endnu st\u00f8rre fleksibilitet til specifikke installationskrav.<\/p>\n<p>Med sit design og funktionalitet sikrer dette pr\u00f8vetagningsr\u00f8r effektiv og p\u00e5lidelig r\u00f8gdetektion i kanalsystemer, hvilket forbedrer sikkerheden i kommercielle og industrielle bygninger.<\/p>\n<p class=\"\" data-start=\"1281\" data-end=\"1311\"><strong data-start=\"1281\" data-end=\"1309\">Hovedfunktioner:<\/strong><\/p>\n<ul data-start=\"1312\" data-end=\"1599\">\n<li class=\"\" data-start=\"1312\" data-end=\"1375\">\n<p class=\"\" data-start=\"1314\" data-end=\"1375\">Fungerer i kanaler med en bredde p\u00e5 mellem 300 mm og 3000 mm<\/p>\n<\/li>\n<li class=\"\" data-start=\"1376\" data-end=\"1463\">\n<p class=\"\" data-start=\"1378\" data-end=\"1463\">Inkluderer et 360 mm pr\u00f8vetagningsr\u00f8r, velegnet til kanalbredder op til 540 mm<\/p>\n<\/li>\n<li class=\"\" data-start=\"1464\" data-end=\"1538\">\n<p class=\"\" data-start=\"1466\" data-end=\"1538\">L\u00e6ngere pr\u00f8vetagningsr\u00f8r kan bestilles separat til st\u00f8rre installationer<\/p>\n<\/li>\n<li class=\"\" data-start=\"1539\" data-end=\"1599\">\n<p class=\"\" data-start=\"1541\" data-end=\"1599\">CE-m\u00e6rket og designet til brug med kanaldetektorer<\/p>\n<\/li>\n<\/ul>\n<p class=\"\" data-start=\"1601\" data-end=\"1632\"><strong data-start=\"1601\" data-end=\"1630\">Tekniske specifikationer:<\/strong><\/p>\n<ul data-start=\"1633\" data-end=\"1809\">\n<li class=\"\" data-start=\"1633\" data-end=\"1668\">\n<p class=\"\" data-start=\"1635\" data-end=\"1668\">Standard pr\u00f8veudtagning: 360 mm r\u00f8r<\/p>\n<\/li>\n<li class=\"\" data-start=\"1669\" data-end=\"1713\">\n<p class=\"\" data-start=\"1671\" data-end=\"1713\">Velegnet til kanalbredder op til 540 mm<\/p>\n<\/li>\n<li class=\"\" data-start=\"1714\" data-end=\"1748\">\n<p class=\"\" data-start=\"1716\" data-end=\"1748\">Kompatibel med kanaldetektorer<\/p>\n<\/li>\n<li class=\"\" data-start=\"1749\" data-end=\"1778\">\n<p class=\"\" data-start=\"1751\" data-end=\"1778\">Certificering: CE-m\u00e6rkning<\/p>\n<\/li>\n<li class=\"\" data-start=\"1779\" data-end=\"1809\">\n<p class=\"\" data-start=\"1781\" data-end=\"1809\">Garanti: Begr\u00e6nset garanti<\/p>\n<\/li>\n<\/ul>","protected":false},"excerpt":{"rendered":"<p>Apollo pr\u00f8vetagningsr\u00f8r til kanaldetektorer er designet til brug i kanaler med en bredde mellem 300 mm og 3000 mm.<\/p>\n<p>Som standard medf\u00f8lger et 360 mm pr\u00f8vetagningsr\u00f8r, som er velegnet til kanalbredder op til 540 mm.<\/p>","protected":false},"featured_media":150019,"template":"","meta":{"_acf_changed":false},"product_brand":[],"product_cat":[4751],"product_tag":[],"class_list":{"0":"post-150020","1":"product","2":"type-product","3":"status-publish","4":"has-post-thumbnail","6":"product_cat-xp95-serien","7":"pa_brands-apollo-fire-detectors","8":"tm-no-options","10":"first","11":"instock","12":"taxable","13":"shipping-taxable","14":"purchasable","15":"product-type-simple"},"acf":[],"_links":{"self":[{"href":"https:\/\/secureus.se\/dk\/wp-json\/wp\/v2\/product\/150020","targetHints":{"allow":["GET"]}}],"collection":[{"href":"https:\/\/secureus.se\/dk\/wp-json\/wp\/v2\/product"}],"about":[{"href":"https:\/\/secureus.se\/dk\/wp-json\/wp\/v2\/types\/product"}],"wp:featuredmedia":[{"embeddable":true,"href":"https:\/\/secureus.se\/dk\/wp-json\/wp\/v2\/media\/150019"}],"wp:attachment":[{"href":"https:\/\/secureus.se\/dk\/wp-json\/wp\/v2\/media?parent=150020"}],"wp:term":[{"taxonomy":"product_brand","embeddable":true,"href":"https:\/\/secureus.se\/dk\/wp-json\/wp\/v2\/product_brand?post=150020"},{"taxonomy":"product_cat","embeddable":true,"href":"https:\/\/secureus.se\/dk\/wp-json\/wp\/v2\/product_cat?post=150020"},{"taxonomy":"product_tag","embeddable":true,"href":"https:\/\/secureus.se\/dk\/wp-json\/wp\/v2\/product_tag?post=150020"}],"curies":[{"name":"wp","href":"https:\/\/api.w.org\/{rel}","templated":true}]}}