{"id":150022,"date":"2025-04-03T14:07:38","date_gmt":"2025-04-03T12:07:38","guid":{"rendered":"https:\/\/secureus.se\/apollo-55000-640apo-xp95-series-egentligt-saker-optisk-rokdetektor-vit\/"},"modified":"2026-04-16T15:43:28","modified_gmt":"2026-04-16T13:43:28","slug":"apollo-55000-640apo-xp95-series-egentligt-saker-optisk-rokdetektor-vit","status":"publish","type":"product","link":"https:\/\/secureus.se\/dk\/apollo-55000-640apo-xp95-series-egentligt-saker-optisk-rokdetektor-vit\/","title":{"rendered":"Apollo 55000-640APO XP95-serien, egensikker optisk r\u00f8gdetektor, hvid"},"content":{"rendered":"<h1>Apollo 55000-640APO XP95-serien, egensikker optisk r\u00f8gdetektor, hvid<\/h1>\n<p class=\"\" data-start=\"455\" data-end=\"943\">Apollo 55000-640APO XP95 optiske r\u00f8gdetektor er en robust og p\u00e5lidelig l\u00f8sning til branddetektion i milj\u00f8er, hvor der ikke forventes hurtig brandudvikling.<\/p>\n<p class=\"\" data-start=\"455\" data-end=\"943\">Ved at bruge fotoelektrisk detektion af lys spredt af r\u00f8gpartikler giver denne detektor et n\u00f8jagtigt signal til kontrolpanelet.<\/p>\n<p class=\"\" data-start=\"455\" data-end=\"943\">Detektoren er uf\u00f8lsom over for vind og atmosf\u00e6risk tryk, hvilket g\u00f8r den s\u00e6rlig anvendelig til udend\u00f8rs installationer eller p\u00e5 fluktuerende platforme s\u00e5som olieplatforme og raffinaderier.<\/p>\n<p class=\"\" data-start=\"945\" data-end=\"1306\">Den er ogs\u00e5 udstyret med et avanceret transient sp\u00e6ndingsbeskyttelsessystem og har en bred vifte af anvendelser, herunder flugtveje, farlige omr\u00e5der og mellemstore til store bygninger.<\/p>\n<p class=\"\" data-start=\"945\" data-end=\"1306\">Den er ogs\u00e5 godkendt i henhold til flere internationale sikkerhedsstandarder s\u00e5som EN 54 og ATEX, hvilket sikrer dens anvendelighed i b\u00e5de industrielle og marine milj\u00f8er.<\/p>\n<p>Med et driftstemperaturomr\u00e5de p\u00e5 -20\u00b0C til +60\u00b0C og en LED-indikator for alarmstatus er denne detektor et holdbart og effektivt valg til brandsikringssystemer.<\/p>","protected":false},"excerpt":{"rendered":"<p>Apollo 55000-640APO XP95-serien er en optisk r\u00f8gdetektor, der bruger lysspredning til effektivt at detektere r\u00f8g.<\/p>\n<p>Den er ideel til brug i fluktuerende milj\u00f8er, der er uf\u00f8lsomme over for vind og atmosf\u00e6risk tryk, og tilbyder h\u00f8j f\u00f8lsomhed over for langsomt br\u00e6ndende eller rygende brande.<\/p>","protected":false},"featured_media":150021,"template":"","meta":{"_acf_changed":false},"product_brand":[],"product_cat":[4751],"product_tag":[],"class_list":{"0":"post-150022","1":"product","2":"type-product","3":"status-publish","4":"has-post-thumbnail","6":"product_cat-xp95-serien","7":"pa_brands-apollo-fire-detectors","8":"tm-no-options","10":"first","11":"onbackorder","12":"taxable","13":"shipping-taxable","14":"purchasable","15":"product-type-simple"},"acf":[],"_links":{"self":[{"href":"https:\/\/secureus.se\/dk\/wp-json\/wp\/v2\/product\/150022","targetHints":{"allow":["GET"]}}],"collection":[{"href":"https:\/\/secureus.se\/dk\/wp-json\/wp\/v2\/product"}],"about":[{"href":"https:\/\/secureus.se\/dk\/wp-json\/wp\/v2\/types\/product"}],"wp:featuredmedia":[{"embeddable":true,"href":"https:\/\/secureus.se\/dk\/wp-json\/wp\/v2\/media\/150021"}],"wp:attachment":[{"href":"https:\/\/secureus.se\/dk\/wp-json\/wp\/v2\/media?parent=150022"}],"wp:term":[{"taxonomy":"product_brand","embeddable":true,"href":"https:\/\/secureus.se\/dk\/wp-json\/wp\/v2\/product_brand?post=150022"},{"taxonomy":"product_cat","embeddable":true,"href":"https:\/\/secureus.se\/dk\/wp-json\/wp\/v2\/product_cat?post=150022"},{"taxonomy":"product_tag","embeddable":true,"href":"https:\/\/secureus.se\/dk\/wp-json\/wp\/v2\/product_tag?post=150022"}],"curies":[{"name":"wp","href":"https:\/\/api.w.org\/{rel}","templated":true}]}}