{"id":150034,"date":"2025-04-03T13:35:22","date_gmt":"2025-04-03T11:35:22","guid":{"rendered":"https:\/\/secureus.se\/apollo-pp2557-overvakningsmodul-for-intelligent-brytare-i-xp95-serien\/"},"modified":"2026-04-09T11:31:19","modified_gmt":"2026-04-09T09:31:19","slug":"apollo-pp2557-overvakningsmodul-for-intelligent-brytare-i-xp95-serien","status":"publish","type":"product","link":"https:\/\/secureus.se\/dk\/apollo-pp2557-overvakningsmodul-for-intelligent-brytare-i-xp95-serien\/","title":{"rendered":"Apollo PP2557 XP95 Series Intelligent Switch Monitoring Module"},"content":{"rendered":"<h1>Apollo PP2557 XP95 Series Intelligent Switch Monitoring Module<\/h1>\n<p>Apollo PP2557 Intelligent Switch Monitor er en avanceret l\u00f8sning til overv\u00e5gning af switches i brandsikringssystemer.<\/p>\n<p>Den er kompatibel med XP95-, Discovery- og CoreProtocol-systemer og tilbyder fem forudkonfigurerede tilstande, inklusive en kompatibilitetstilstand til \u00e6ldre systemer.<\/p>\n<p>Enheden har et adresseomr\u00e5de p\u00e5 1\u2013254 og kan konfigureres til forskellige inputstile og prioritetstilstande for hurtig respons.<\/p>\n<p>En vigtig egenskab ved denne sk\u00e6rm er den kontrollerbare isolator, som beskytter systemet mod elektrisk interferens og kortslutninger.<\/p>\n<p>Den har ogs\u00e5 en valgbar statusrapporteringsforsinkelse, hvilket g\u00f8r den velegnet til brug med flowkontakter.<\/p>\n<p>Enheden er designet til nem installation og kan monteres med en medf\u00f8lgende bagboks til overflademontering eller planmontering i en britisk dobbeltgevind bagboks.<\/p>\n<p>Med et driftstemperaturomr\u00e5de p\u00e5 -40\u00b0C til +70\u00b0C og en CE-certificering er dette overv\u00e5gningsmodul en p\u00e5lidelig l\u00f8sning til brandsikringssystemer, der kr\u00e6ver n\u00f8jagtig overv\u00e5gning af afbrydere og relaterede enheder.<\/p>","protected":false},"excerpt":{"rendered":"<p>Apollo PP2557 Intelligent Switch Monitor er et intelligent switch-overv\u00e5gningsmodul, designet til at overv\u00e5ge tilstanden af en eller flere enkeltpolede, sp\u00e6ndingsfrie kontakter.<\/p>\n<p>Den inkluderer en kontrollerbar isolator og kan bruges med XP95\/Discovery- og CoreProtocol-systemer.<\/p>","protected":false},"featured_media":150033,"template":"","meta":{"_acf_changed":false},"product_brand":[],"product_cat":[4751],"product_tag":[],"class_list":{"0":"post-150034","1":"product","2":"type-product","3":"status-publish","4":"has-post-thumbnail","6":"product_cat-xp95-serien","7":"pa_brands-apollo-fire-detectors","8":"tm-no-options","10":"first","11":"instock","12":"taxable","13":"shipping-taxable","14":"purchasable","15":"product-type-simple"},"acf":[],"_links":{"self":[{"href":"https:\/\/secureus.se\/dk\/wp-json\/wp\/v2\/product\/150034","targetHints":{"allow":["GET"]}}],"collection":[{"href":"https:\/\/secureus.se\/dk\/wp-json\/wp\/v2\/product"}],"about":[{"href":"https:\/\/secureus.se\/dk\/wp-json\/wp\/v2\/types\/product"}],"wp:featuredmedia":[{"embeddable":true,"href":"https:\/\/secureus.se\/dk\/wp-json\/wp\/v2\/media\/150033"}],"wp:attachment":[{"href":"https:\/\/secureus.se\/dk\/wp-json\/wp\/v2\/media?parent=150034"}],"wp:term":[{"taxonomy":"product_brand","embeddable":true,"href":"https:\/\/secureus.se\/dk\/wp-json\/wp\/v2\/product_brand?post=150034"},{"taxonomy":"product_cat","embeddable":true,"href":"https:\/\/secureus.se\/dk\/wp-json\/wp\/v2\/product_cat?post=150034"},{"taxonomy":"product_tag","embeddable":true,"href":"https:\/\/secureus.se\/dk\/wp-json\/wp\/v2\/product_tag?post=150034"}],"curies":[{"name":"wp","href":"https:\/\/api.w.org\/{rel}","templated":true}]}}