{"id":150038,"date":"2025-04-03T13:35:21","date_gmt":"2025-04-03T11:35:21","guid":{"rendered":"https:\/\/secureus.se\/apollo-55000-760apo-xp95-series-isolerande-din-skena-mini-switch-monitor-module\/"},"modified":"2026-04-16T15:49:55","modified_gmt":"2026-04-16T13:49:55","slug":"apollo-55000-760apo-xp95-series-isolerande-din-skena-mini-switch-monitor-module","status":"publish","type":"product","link":"https:\/\/secureus.se\/dk\/apollo-55000-760apo-xp95-series-isolerande-din-skena-mini-switch-monitor-module\/","title":{"rendered":"Apollo 55000-760APO XP95-serien, isolerende DIN-skinne miniafbrydermonitormodul"},"content":{"rendered":"<h1>Apollo 55000-760APO XP95-serien, isolerende DIN-skinne miniafbrydermonitormodul<\/h1>\n<p>Apollo 55000-760APO XP95 Mini Switch Monitor Module er en kompakt l\u00f8sning til overv\u00e5gning af en eller flere sp\u00e6ndingsfrie kontakter.<\/p>\n<p>Det er is\u00e6r nyttigt, hvor pladsen er begr\u00e6nset, da modulet kun m\u00e5ler 39 mm x 39 mm x 20 mm.<\/p>\n<p>Den kan ogs\u00e5 monteres p\u00e5 en DIN-skinne for nem installation.<\/p>\n<p>Enheden er kompatibel med Apollo XP95, Discovery og CoreProtocol-systemer og tilbyder tre statusindikatorer til at vise normal-, fejl- og alarmstatus.<\/p>\n<p>Denne enhed er ogs\u00e5 udstyret med kortslutningsisolator og kan bruges til b\u00e5de prioriterede og ikke-prioriterede systemer.<\/p>\n<p>Den inkluderer ogs\u00e5 en forsinket alarmstatus (&quot;pre-alarm&quot;), der g\u00f8r det muligt at unders\u00f8ge potentielle alarmer og reducerer risikoen for falske alarmer.<\/p>\n<p>Med et CE-m\u00e6rke og VdS-certificering er dette en p\u00e5lidelig komponent til avancerede brandalarmsystemer.<\/p>","protected":false},"excerpt":{"rendered":"<p>Apollo 55000-760APO XP95 Series Mini Switch Monitor Module er en kompakt enhed, der overv\u00e5ger en eller flere enkeltpolede, sp\u00e6ndingsfrie kontakter og rapporterer status til brandcentralen.<\/p>\n<p>Den er designet til brug, hvor pladsen er begr\u00e6nset og kan monteres p\u00e5 en DIN-skinne.<\/p>","protected":false},"featured_media":150037,"template":"","meta":{"_acf_changed":false},"product_brand":[],"product_cat":[4751],"product_tag":[],"class_list":{"0":"post-150038","1":"product","2":"type-product","3":"status-publish","4":"has-post-thumbnail","6":"product_cat-xp95-serien","7":"pa_brands-apollo-fire-detectors","8":"tm-no-options","10":"first","11":"instock","12":"taxable","13":"shipping-taxable","14":"purchasable","15":"product-type-simple"},"acf":[],"_links":{"self":[{"href":"https:\/\/secureus.se\/dk\/wp-json\/wp\/v2\/product\/150038","targetHints":{"allow":["GET"]}}],"collection":[{"href":"https:\/\/secureus.se\/dk\/wp-json\/wp\/v2\/product"}],"about":[{"href":"https:\/\/secureus.se\/dk\/wp-json\/wp\/v2\/types\/product"}],"wp:featuredmedia":[{"embeddable":true,"href":"https:\/\/secureus.se\/dk\/wp-json\/wp\/v2\/media\/150037"}],"wp:attachment":[{"href":"https:\/\/secureus.se\/dk\/wp-json\/wp\/v2\/media?parent=150038"}],"wp:term":[{"taxonomy":"product_brand","embeddable":true,"href":"https:\/\/secureus.se\/dk\/wp-json\/wp\/v2\/product_brand?post=150038"},{"taxonomy":"product_cat","embeddable":true,"href":"https:\/\/secureus.se\/dk\/wp-json\/wp\/v2\/product_cat?post=150038"},{"taxonomy":"product_tag","embeddable":true,"href":"https:\/\/secureus.se\/dk\/wp-json\/wp\/v2\/product_tag?post=150038"}],"curies":[{"name":"wp","href":"https:\/\/api.w.org\/{rel}","templated":true}]}}