{"id":150054,"date":"2025-04-03T13:23:16","date_gmt":"2025-04-03T11:23:16","guid":{"rendered":"https:\/\/secureus.se\/apollo-45681-217apo-vattentat-kapsling-for-sockel-vit\/"},"modified":"2026-04-16T15:57:13","modified_gmt":"2026-04-16T13:57:13","slug":"apollo-45681-217apo-vattentat-kapsling-for-sockel-vit","status":"publish","type":"product","link":"https:\/\/secureus.se\/dk\/apollo-45681-217apo-vattentat-kapsling-for-sockel-vit\/","title":{"rendered":"Apollo 45681-217APO Vandt\u00e6t kabinet til base, hvid"},"content":{"rendered":"<h1>Apollo 45681-217APO Vandt\u00e6t kabinet til base, hvid<\/h1>\n<p class=\"\" data-start=\"404\" data-end=\"756\">Apollo 45681-217APO vandt\u00e6tte basekabinet er designet til at beskytte Apollo baser, lydgivere og lydgiverbaser og visuelle indikatorer mod indtr\u00e6ngen af vand eller andre v\u00e6sker.<\/p>\n<p class=\"\" data-start=\"404\" data-end=\"756\">Denne indkapsling sikrer, at brandalarmsystemet fungerer p\u00e5lideligt selv i barske milj\u00f8er, hvor vandskader kan v\u00e6re et problem.<\/p>\n<p class=\"\" data-start=\"758\" data-end=\"1127\">Monteringsboksen er nem at installere og kan bruges til en r\u00e6kke forskellige Apollo-baser.<\/p>\n<p class=\"\" data-start=\"758\" data-end=\"1127\">Til installation af visse enheder s\u00e5som XP95 eller Discovery-detektorer kan det v\u00e6re n\u00f8dvendigt at bruge et separat tilbeh\u00f8rss\u00e6t (delnr. 45681-218).<\/p>\n<p class=\"\" data-start=\"758\" data-end=\"1127\">Dette s\u00e6t inkluderer en forl\u00e6ngerslange og en adapterring til installation af enheder med dybere baser eller lydudsender.<\/p>\n<p data-start=\"758\" data-end=\"1127\">Det vandt\u00e6tte kabinet har en robust konstruktion og er perfekt til brug i b\u00e5de kommercielle og industrielle milj\u00f8er.<\/p>\n<p data-start=\"758\" data-end=\"1127\">Den er designet til at modst\u00e5 milj\u00f8er med h\u00f8j luftfugtighed og er en p\u00e5lidelig l\u00f8sning til at sikre langsigtet ydeevne af brandsikkerhedssystemet.<\/p>","protected":false},"excerpt":{"rendered":"<p>Apollo 45681-217APO vandt\u00e6t basekabinet giver beskyttelse mod vandindtr\u00e6ngning og forbedrer ydeevnen af forskellige Apollo-baser.<\/p>\n<p>Den er ideel til installation i milj\u00f8er, hvor v\u00e6sker kan komme i kontakt med enhederne.<\/p>","protected":false},"featured_media":150053,"template":"","meta":{"_acf_changed":false},"product_brand":[],"product_cat":[4751],"product_tag":[],"class_list":{"0":"post-150054","1":"product","2":"type-product","3":"status-publish","4":"has-post-thumbnail","6":"product_cat-xp95-serien","7":"pa_brands-apollo-fire-detectors","8":"tm-no-options","10":"first","11":"instock","12":"taxable","13":"shipping-taxable","14":"purchasable","15":"product-type-simple"},"acf":[],"_links":{"self":[{"href":"https:\/\/secureus.se\/dk\/wp-json\/wp\/v2\/product\/150054","targetHints":{"allow":["GET"]}}],"collection":[{"href":"https:\/\/secureus.se\/dk\/wp-json\/wp\/v2\/product"}],"about":[{"href":"https:\/\/secureus.se\/dk\/wp-json\/wp\/v2\/types\/product"}],"wp:featuredmedia":[{"embeddable":true,"href":"https:\/\/secureus.se\/dk\/wp-json\/wp\/v2\/media\/150053"}],"wp:attachment":[{"href":"https:\/\/secureus.se\/dk\/wp-json\/wp\/v2\/media?parent=150054"}],"wp:term":[{"taxonomy":"product_brand","embeddable":true,"href":"https:\/\/secureus.se\/dk\/wp-json\/wp\/v2\/product_brand?post=150054"},{"taxonomy":"product_cat","embeddable":true,"href":"https:\/\/secureus.se\/dk\/wp-json\/wp\/v2\/product_cat?post=150054"},{"taxonomy":"product_tag","embeddable":true,"href":"https:\/\/secureus.se\/dk\/wp-json\/wp\/v2\/product_tag?post=150054"}],"curies":[{"name":"wp","href":"https:\/\/api.w.org\/{rel}","templated":true}]}}