{"id":150056,"date":"2025-04-03T13:23:16","date_gmt":"2025-04-03T11:23:16","guid":{"rendered":"https:\/\/secureus.se\/apollo-55000-401apo-xp95-series-varmedetektor-cs-55c-vit\/"},"modified":"2026-04-20T11:22:49","modified_gmt":"2026-04-20T09:22:49","slug":"apollo-55000-401apo-xp95-series-varmedetektor-cs-55c-vit","status":"publish","type":"product","link":"https:\/\/secureus.se\/dk\/apollo-55000-401apo-xp95-series-varmedetektor-cs-55c-vit\/","title":{"rendered":"Apollo 55000-401APO XP95-serien, varmedetektor CS 55\u00b0C, hvid"},"content":{"rendered":"<h1>Apollo 55000-401APO XP95-serien, varmedetektor CS 55\u00b0C, hvid<\/h1>\n<p class=\"\" data-start=\"410\" data-end=\"835\">Apollo 55000-401APO XP95-seriens varmedetektor er en p\u00e5lidelig l\u00f8sning til temperaturoverv\u00e5gning i sv\u00e6rt tilg\u00e6ngelige eller snavsede omgivelser.<\/p>\n<p class=\"\" data-start=\"410\" data-end=\"835\">Den bruger en enkelt termistor til at overv\u00e5ge temperaturen og giver en t\u00e6lleoutput, der er proportional med den eksterne lufttemperatur.<\/p>\n<p class=\"\" data-start=\"410\" data-end=\"835\">N\u00e5r temperaturen n\u00e5r 55\u00b0C, rapporteres en alarm, hvilket g\u00f8r den ideel til omr\u00e5der, hvor normale detektorer ikke er tilstr\u00e6kkelige.<\/p>\n<p class=\"\" data-start=\"837\" data-end=\"1221\">Detektoren er up\u00e5virket af vind eller atmosf\u00e6risk tryk, hvilket sikrer, at den fungerer p\u00e5lideligt under en r\u00e6kke forskellige forhold.<\/p>\n<p class=\"\" data-start=\"837\" data-end=\"1221\">Den er ogs\u00e5 designet til at modst\u00e5 h\u00f8j relativ luftfugtighed (op til 95%) og kan bruges i en r\u00e6kke forskellige indend\u00f8rs milj\u00f8er.<\/p>\n<p class=\"\" data-start=\"837\" data-end=\"1221\">Med en levetid p\u00e5 10 \u00e5r og en CE-certificering er denne varmedetektor en p\u00e5lidelig og holdbar l\u00f8sning til brandalarmsystemer.<\/p>","protected":false},"excerpt":{"rendered":"<p>Apollo 55000-401APO XP95-seriens varmedetektor CS 55\u00b0C er designet til at overv\u00e5ge temperaturen i milj\u00f8er, hvor forholdene kan v\u00e6re snavsede eller r\u00f8gfyldte.<\/p>\n<p>Den melder en alarm ved 55\u00b0C og er up\u00e5virket af vind eller atmosf\u00e6risk tryk.<\/p>","protected":false},"featured_media":150055,"template":"","meta":{"_acf_changed":false},"product_brand":[],"product_cat":[4751],"product_tag":[],"class_list":{"0":"post-150056","1":"product","2":"type-product","3":"status-publish","4":"has-post-thumbnail","6":"product_cat-xp95-serien","7":"pa_brands-apollo-fire-detectors","8":"tm-no-options","10":"first","11":"onbackorder","12":"taxable","13":"shipping-taxable","14":"purchasable","15":"product-type-simple"},"acf":[],"_links":{"self":[{"href":"https:\/\/secureus.se\/dk\/wp-json\/wp\/v2\/product\/150056","targetHints":{"allow":["GET"]}}],"collection":[{"href":"https:\/\/secureus.se\/dk\/wp-json\/wp\/v2\/product"}],"about":[{"href":"https:\/\/secureus.se\/dk\/wp-json\/wp\/v2\/types\/product"}],"wp:featuredmedia":[{"embeddable":true,"href":"https:\/\/secureus.se\/dk\/wp-json\/wp\/v2\/media\/150055"}],"wp:attachment":[{"href":"https:\/\/secureus.se\/dk\/wp-json\/wp\/v2\/media?parent=150056"}],"wp:term":[{"taxonomy":"product_brand","embeddable":true,"href":"https:\/\/secureus.se\/dk\/wp-json\/wp\/v2\/product_brand?post=150056"},{"taxonomy":"product_cat","embeddable":true,"href":"https:\/\/secureus.se\/dk\/wp-json\/wp\/v2\/product_cat?post=150056"},{"taxonomy":"product_tag","embeddable":true,"href":"https:\/\/secureus.se\/dk\/wp-json\/wp\/v2\/product_tag?post=150056"}],"curies":[{"name":"wp","href":"https:\/\/api.w.org\/{rel}","templated":true}]}}