{"id":150060,"date":"2025-04-03T13:23:11","date_gmt":"2025-04-03T11:23:11","guid":{"rendered":"https:\/\/secureus.se\/apollo-55000-005apo-xp95-series-isolerande-ljudfyr-for-oppen-miljo-100-db-a-for-anvandning-inomhus-en-54-3-kompatibel-rod-blixt-och-rod-kropp\/"},"modified":"2026-03-27T18:11:00","modified_gmt":"2026-03-27T17:11:00","slug":"apollo-55000-005apo-xp95-series-isolerande-ljudfyr-for-oppen-miljo-100-db-a-for-anvandning-inomhus-en-54-3-kompatibel-rod-blixt-och-rod-kropp","status":"publish","type":"product","link":"https:\/\/secureus.se\/dk\/apollo-55000-005apo-xp95-series-isolerande-ljudfyr-for-oppen-miljo-100-db-a-for-anvandning-inomhus-en-54-3-kompatibel-rod-blixt-och-rod-kropp\/","title":{"rendered":"Apollo 55000-005APO XP95-serien, lydisolerende beacon i \u00e5bent milj\u00f8 100 dB A, til indend\u00f8rs brug, EN 54-3 kompatibel, r\u00f8dt blink og r\u00f8dt hus"},"content":{"rendered":"<h1>Apollo 55000-005APO XP95-serien, lydisolerende beacon i \u00e5bent milj\u00f8 100 dB A, til indend\u00f8rs brug, EN 54-3 kompatibel, r\u00f8dt blink og r\u00f8dt hus<\/h1>\n<p class=\"\" data-start=\"431\" data-end=\"815\">Apollo 55000-005APO XP95 Series Open Environment Isolating Sound Beacon er en avanceret enhed, der kommer med b\u00e5de h\u00f8rbare og visuelle advarsler, hvilket g\u00f8r den ideel til brug i \u00e5bne rum, hvor flere enheder muligvis skal h\u00f8res samtidigt.<\/p>\n<p class=\"\" data-start=\"431\" data-end=\"815\">Med et lydniveau p\u00e5 100 dB (A) og et r\u00f8dt blink sikrer denne enhed, at brandalarmen er tydeligt h\u00f8rbar og synlig.<\/p>\n<p class=\"\" data-start=\"817\" data-end=\"1173\">Enheden er sl\u00f8jfeforsynet og kr\u00e6ver ikke en ekstern str\u00f8mforsyning. Den fungerer ved 17\u201328 V DC og er polaritetsf\u00f8lsom.<\/p>\n<p class=\"\" data-start=\"817\" data-end=\"1173\">Lydsignalet kan justeres til en lydstyrke p\u00e5 enten 92 dB (A) eller 100 dB (A), og det er udstyret med tre valgbare toner: Apollo, Slow-whoop og DIN. Om n\u00f8dvendigt kan b\u00e5de lydsignaler og blitzsynkronisering aktiveres via kontrolpanelet.<\/p>\n<p class=\"\" data-start=\"1175\" data-end=\"1427\">Enheden er ogs\u00e5 kompatibel med XP95, Discovery og CoreProtocol-systemer og kan adresseres individuelt eller som en gruppe.<\/p>\n<p class=\"\" data-start=\"1175\" data-end=\"1427\">Den er IP65-klassificeret til at beskytte mod indtr\u00e6ngning af st\u00f8v og vand, hvilket g\u00f8r den perfekt til b\u00e5de indend\u00f8rs brug og h\u00e5rdere milj\u00f8er.<\/p>","protected":false},"excerpt":{"rendered":"<p>Apollo 55000-005APO XP95 Series Open Environment Sounder er designet til at give h\u00f8rbar og visuel advarsel om brand i \u00e5bne rum.<\/p>\n<p>Den har et lydniveau p\u00e5 100 dB (A) og et r\u00f8dt blink og er EN 54-3 kompatibel.<\/p>","protected":false},"featured_media":150059,"template":"","meta":{"_acf_changed":false},"product_brand":[],"product_cat":[4751,4748],"product_tag":[],"class_list":{"0":"post-150060","1":"product","2":"type-product","3":"status-publish","4":"has-post-thumbnail","6":"product_cat-xp95-serien","7":"product_cat-discovery-serien","8":"pa_brands-apollo-fire-detectors","9":"tm-no-options","11":"first","12":"instock","13":"sale","14":"taxable","15":"shipping-taxable","16":"purchasable","17":"product-type-simple"},"acf":[],"_links":{"self":[{"href":"https:\/\/secureus.se\/dk\/wp-json\/wp\/v2\/product\/150060","targetHints":{"allow":["GET"]}}],"collection":[{"href":"https:\/\/secureus.se\/dk\/wp-json\/wp\/v2\/product"}],"about":[{"href":"https:\/\/secureus.se\/dk\/wp-json\/wp\/v2\/types\/product"}],"wp:featuredmedia":[{"embeddable":true,"href":"https:\/\/secureus.se\/dk\/wp-json\/wp\/v2\/media\/150059"}],"wp:attachment":[{"href":"https:\/\/secureus.se\/dk\/wp-json\/wp\/v2\/media?parent=150060"}],"wp:term":[{"taxonomy":"product_brand","embeddable":true,"href":"https:\/\/secureus.se\/dk\/wp-json\/wp\/v2\/product_brand?post=150060"},{"taxonomy":"product_cat","embeddable":true,"href":"https:\/\/secureus.se\/dk\/wp-json\/wp\/v2\/product_cat?post=150060"},{"taxonomy":"product_tag","embeddable":true,"href":"https:\/\/secureus.se\/dk\/wp-json\/wp\/v2\/product_tag?post=150060"}],"curies":[{"name":"wp","href":"https:\/\/api.w.org\/{rel}","templated":true}]}}