{"id":150064,"date":"2025-04-03T13:23:09","date_gmt":"2025-04-03T11:23:09","guid":{"rendered":"https:\/\/secureus.se\/apollo-45681-277apo-xp95-series-isolerande-2-tons-ljuddampare-monteringsbas-91db-a-inomhusbruk-en54-3-kompatibel-vit\/"},"modified":"2026-04-09T11:32:07","modified_gmt":"2026-04-09T09:32:07","slug":"apollo-45681-277apo-xp95-series-isolerande-2-tons-ljuddampare-monteringsbas-91db-a-inomhusbruk-en54-3-kompatibel-vit","status":"publish","type":"product","link":"https:\/\/secureus.se\/dk\/apollo-45681-277apo-xp95-series-isolerande-2-tons-ljuddampare-monteringsbas-91db-a-inomhusbruk-en54-3-kompatibel-vit\/","title":{"rendered":"Apollo 45681-277APO XP95-serien, 2-tonet isolerende lydd\u00e6mper monteringsbase 91dB A, indend\u00f8rs brug, EN54-3 kompatibel, hvid"},"content":{"rendered":"<h1>Apollo 45681-277APO XP95-serien, 2-tonet isolerende lydd\u00e6mper monteringsbase 91dB A, indend\u00f8rs brug, EN54-3 kompatibel<\/h1>\n<p>Apollo 45681-277APO XP95 Series isolerende 2-tone lydd\u00e6mper monteringsbase er designet til at levere kraftige h\u00f8rbare advarsler i brandalarmsystemer med et lydniveau p\u00e5 91dB A.<\/p>\n<p>Lydd\u00e6mperen har to toner og to lydstyrkeomr\u00e5der (55-75 dB(A) og 75-91 dB(A)), hvilket giver fleksibilitet i, hvordan signalerne kan h\u00f8res i forskellige milj\u00f8er.<\/p>\n<p>Monteringssokkelen er udstyret med en isolator for at forhindre systemet i at blive p\u00e5virket af kortslutninger, hvilket sikrer p\u00e5lidelig drift under alle forhold.<\/p>\n<p>Enheden kan adresseres b\u00e5de individuelt eller via gruppeadressekontrol, s\u00e5 flere sirener kan styres samtidigt, og den har en indbygget akustisk selvtestfunktion for at sikre funktionalitet.<\/p>\n<p>Denne lydd\u00e6mper er designet til indend\u00f8rs brug og fungerer med Apollo XP95, Discovery og CoreProtocol-systemer og er EN54-3-kompatibel, hvilket g\u00f8r den til en p\u00e5lidelig l\u00f8sning til brandalarminstallationer, hvor h\u00f8rbar og visuel advarsel er afg\u00f8rende.<\/p>","protected":false},"excerpt":{"rendered":"<p>Apollo 45681-277APO XP95 Series isolerende 2-tone lydd\u00e6mper monteringsbase er en p\u00e5lidelig og effektiv l\u00f8sning til at give h\u00f8rbare advarsler i brandalarmsystemer.<\/p>\n<p>Den har et st\u00f8jniveau p\u00e5 91dB A og er designet til indend\u00f8rs brug med funktioner som gruppe- og individuel adressering.<\/p>","protected":false},"featured_media":150063,"template":"","meta":{"_acf_changed":false},"product_brand":[],"product_cat":[4751],"product_tag":[],"class_list":{"0":"post-150064","1":"product","2":"type-product","3":"status-publish","4":"has-post-thumbnail","6":"product_cat-xp95-serien","7":"pa_brands-apollo-fire-detectors","8":"tm-no-options","10":"first","11":"instock","12":"taxable","13":"shipping-taxable","14":"purchasable","15":"product-type-simple"},"acf":[],"_links":{"self":[{"href":"https:\/\/secureus.se\/dk\/wp-json\/wp\/v2\/product\/150064","targetHints":{"allow":["GET"]}}],"collection":[{"href":"https:\/\/secureus.se\/dk\/wp-json\/wp\/v2\/product"}],"about":[{"href":"https:\/\/secureus.se\/dk\/wp-json\/wp\/v2\/types\/product"}],"wp:featuredmedia":[{"embeddable":true,"href":"https:\/\/secureus.se\/dk\/wp-json\/wp\/v2\/media\/150063"}],"wp:attachment":[{"href":"https:\/\/secureus.se\/dk\/wp-json\/wp\/v2\/media?parent=150064"}],"wp:term":[{"taxonomy":"product_brand","embeddable":true,"href":"https:\/\/secureus.se\/dk\/wp-json\/wp\/v2\/product_brand?post=150064"},{"taxonomy":"product_cat","embeddable":true,"href":"https:\/\/secureus.se\/dk\/wp-json\/wp\/v2\/product_cat?post=150064"},{"taxonomy":"product_tag","embeddable":true,"href":"https:\/\/secureus.se\/dk\/wp-json\/wp\/v2\/product_tag?post=150064"}],"curies":[{"name":"wp","href":"https:\/\/api.w.org\/{rel}","templated":true}]}}