{"id":150066,"date":"2025-04-03T12:59:57","date_gmt":"2025-04-03T10:59:57","guid":{"rendered":"https:\/\/secureus.se\/varmedetektor-58-5351te\/"},"modified":"2026-04-08T16:26:26","modified_gmt":"2026-04-08T14:26:26","slug":"varmedetektor-58-5351te","status":"publish","type":"product","link":"https:\/\/secureus.se\/dk\/varmedetektor-58-5351te\/","title":{"rendered":"Varmedetektor 5351TE \u2013 58\u00b0 \u2013 Systemsensor"},"content":{"rendered":"<h1 data-pm-slice=\"1 1 []\">VARMEDETEKTOR 58\u00b0 5351TE<\/h1>\n<p class=\"\" data-start=\"515\" data-end=\"1017\">5351TE varmedetektoren fra System Sensor er en del af den konventionelle serie 300 og bruger moderne teknologi til pr\u00e6cis og effektiv branddetektion.<\/p>\n<p class=\"\" data-start=\"515\" data-end=\"1017\">Den er specielt tilpasset til milj\u00f8er, hvor r\u00f8gdetektorer ikke er egnede, s\u00e5som h\u00f8je niveauer af luftforurening.<\/p>\n<p class=\"\" data-start=\"515\" data-end=\"1017\">Detektoren er udstyret med en tofarvet LED, der viser en tydelig statusindikation (gr\u00f8n for normal drift, r\u00f8d for alarm).<\/p>\n<p class=\"\" data-start=\"515\" data-end=\"1017\">En programmerbar funktion g\u00f8r det muligt for LED-lyset at blinke eller forblive t\u00e6ndt konstant afh\u00e6ngigt af brugerens valg.<\/p>\n<p class=\"\" data-start=\"1019\" data-end=\"1467\">Den har et bredt driftssp\u00e6ndingsomr\u00e5de og kan installeres med kompatible baser s\u00e5som B401R, B401DGR eller B401SD.<\/p>\n<p class=\"\" data-start=\"1019\" data-end=\"1467\">Derudover er detektoren bagudkompatibel med serie 100 og kan nemt integreres i eksisterende installationer.<\/p>\n<p class=\"\" data-start=\"1019\" data-end=\"1467\">For avanceret funktionalitet kan en h\u00e5ndholdt programmeringsenhed bruges til at l\u00e6se og skrive vedligeholdelsesdata, temperaturv\u00e6rdier og udf\u00f8re alarmtest uden at fjerne detektoren fra basen.<\/p>\n<p class=\"\" data-start=\"1019\" data-end=\"1467\">Godkendt i henhold til EN54-5 standarden.<\/p>","protected":false},"excerpt":{"rendered":"<p>Varmedetektor 5351TE er en konventionel temperaturdetektor med en maksimal detektionsgr\u00e6nse p\u00e5 58\u00b0C.<\/p>\n<p>Den er ideel til brug i milj\u00f8er udsat for h\u00f8j luftforurening, s\u00e5som fyrrum og k\u00f8kkener.<\/p>\n<p>Den programmerbare detektor har lavt str\u00f8mforbrug og tilbyder driftkompensation mod forurening.<\/p>","protected":false},"featured_media":150065,"template":"","meta":{"_acf_changed":false},"product_brand":[],"product_cat":[4754,4157],"product_tag":[],"class_list":{"0":"post-150066","1":"product","2":"type-product","3":"status-publish","4":"has-post-thumbnail","6":"product_cat-system-sensor-300-serien","7":"product_cat-varmedetektor","8":"tm-no-options","10":"first","11":"instock","12":"sale","13":"taxable","14":"shipping-taxable","15":"purchasable","16":"product-type-simple"},"acf":[],"_links":{"self":[{"href":"https:\/\/secureus.se\/dk\/wp-json\/wp\/v2\/product\/150066","targetHints":{"allow":["GET"]}}],"collection":[{"href":"https:\/\/secureus.se\/dk\/wp-json\/wp\/v2\/product"}],"about":[{"href":"https:\/\/secureus.se\/dk\/wp-json\/wp\/v2\/types\/product"}],"wp:featuredmedia":[{"embeddable":true,"href":"https:\/\/secureus.se\/dk\/wp-json\/wp\/v2\/media\/150065"}],"wp:attachment":[{"href":"https:\/\/secureus.se\/dk\/wp-json\/wp\/v2\/media?parent=150066"}],"wp:term":[{"taxonomy":"product_brand","embeddable":true,"href":"https:\/\/secureus.se\/dk\/wp-json\/wp\/v2\/product_brand?post=150066"},{"taxonomy":"product_cat","embeddable":true,"href":"https:\/\/secureus.se\/dk\/wp-json\/wp\/v2\/product_cat?post=150066"},{"taxonomy":"product_tag","embeddable":true,"href":"https:\/\/secureus.se\/dk\/wp-json\/wp\/v2\/product_tag?post=150066"}],"curies":[{"name":"wp","href":"https:\/\/api.w.org\/{rel}","templated":true}]}}