{"id":150082,"date":"2025-04-03T12:22:17","date_gmt":"2025-04-03T10:22:17","guid":{"rendered":"https:\/\/secureus.se\/system-sensor-eco1005t-a-eco-varmedetektor-58\/"},"modified":"2026-03-26T14:10:23","modified_gmt":"2026-03-26T13:10:23","slug":"system-sensor-eco1005t-a-eco-varmedetektor-58","status":"publish","type":"product","link":"https:\/\/secureus.se\/dk\/system-sensor-eco1005t-a-eco-varmedetektor-58\/","title":{"rendered":"System Sensor ECO1005T En ECO varmedetektor, 58\u00b0"},"content":{"rendered":"<h1>System Sensor ECO1005T En ECO varmedetektor, 58\u00b0<\/h1>\n<p class=\"\" data-start=\"466\" data-end=\"866\">Systemsensor ECO1005T A er en effektiv og p\u00e5lidelig varmedetektor, der er en del af ECO1000-serien.<\/p>\n<p class=\"\" data-start=\"466\" data-end=\"866\">Med en driftstemperatur p\u00e5 58\u00b0C er den s\u00e6rdeles velegnet til milj\u00f8er, hvor temperatur\u00e6ndringer kan v\u00e6re hurtige, s\u00e5som k\u00f8kkener.<\/p>\n<p class=\"\" data-start=\"466\" data-end=\"866\">Den kombinerer et avanceret termisk element med et applikationsspecifikt integreret kredsl\u00f8b (ASIC) for at sikre hurtig og pr\u00e6cis branddetektion.<\/p>\n<p class=\"\" data-start=\"868\" data-end=\"1222\">En af de avancerede funktioner i ECO1005T A er den laserbaserede h\u00e5ndholdte fjerntestenhed, som g\u00f8r det muligt at fjernteste detektoren uden behov for fysisk adgang til enheden.<\/p>\n<p class=\"\" data-start=\"868\" data-end=\"1222\">Dette g\u00f8r vedligeholdelsen b\u00e5de nem og effektiv. En indbygget LED giver et lokalt alarmsignal, der forbliver t\u00e6ndt, indtil detektoren nulstilles ved str\u00f8msvigt.<\/p>\n<p class=\"\" data-start=\"1224\" data-end=\"1568\">Detektoren fungerer med b\u00e5de 12V og 24VDC systemer og har lavt str\u00f8mforbrug, hvilket g\u00f8r den omkostningseffektiv og holdbar.<\/p>\n<p class=\"\" data-start=\"1224\" data-end=\"1568\">Den er godkendt i henhold til EN54-5:2000 Klasse A2S og tilbyder en udvidet garanti for ekstra ro i sindet.<\/p>\n<p class=\"\" data-start=\"1224\" data-end=\"1568\">ECO1005T A er kompatibel med en r\u00e6kke forskellige baser, hvilket g\u00f8r den fleksibel og nem at integrere i forskellige brandalarmsystemer.<\/p>","protected":false},"excerpt":{"rendered":"<p>ECO1005T A er en avanceret varmedetektor med en driftstemperatur p\u00e5 58\u00b0C.<\/p>\n<p>Den bruger et applikationsspecifikt integreret kredsl\u00f8b (ASIC) og et termisk element til hurtig og pr\u00e6cis branddetektion.<\/p>\n<p>Lavt str\u00f8mforbrug og nem at vedligeholde.<\/p>","protected":false},"featured_media":150081,"template":"","meta":{"_acf_changed":false},"product_brand":[],"product_cat":[4755,4157],"product_tag":[],"class_list":{"0":"post-150082","1":"product","2":"type-product","3":"status-publish","4":"has-post-thumbnail","6":"product_cat-eco-1000-serien","7":"product_cat-varmedetektor","8":"pa_brands-system-sensor","9":"tm-no-options","11":"first","12":"instock","13":"taxable","14":"shipping-taxable","15":"purchasable","16":"product-type-simple"},"acf":[],"_links":{"self":[{"href":"https:\/\/secureus.se\/dk\/wp-json\/wp\/v2\/product\/150082","targetHints":{"allow":["GET"]}}],"collection":[{"href":"https:\/\/secureus.se\/dk\/wp-json\/wp\/v2\/product"}],"about":[{"href":"https:\/\/secureus.se\/dk\/wp-json\/wp\/v2\/types\/product"}],"wp:featuredmedia":[{"embeddable":true,"href":"https:\/\/secureus.se\/dk\/wp-json\/wp\/v2\/media\/150081"}],"wp:attachment":[{"href":"https:\/\/secureus.se\/dk\/wp-json\/wp\/v2\/media?parent=150082"}],"wp:term":[{"taxonomy":"product_brand","embeddable":true,"href":"https:\/\/secureus.se\/dk\/wp-json\/wp\/v2\/product_brand?post=150082"},{"taxonomy":"product_cat","embeddable":true,"href":"https:\/\/secureus.se\/dk\/wp-json\/wp\/v2\/product_cat?post=150082"},{"taxonomy":"product_tag","embeddable":true,"href":"https:\/\/secureus.se\/dk\/wp-json\/wp\/v2\/product_tag?post=150082"}],"curies":[{"name":"wp","href":"https:\/\/api.w.org\/{rel}","templated":true}]}}