{"id":150091,"date":"2025-04-14T16:17:21","date_gmt":"2025-04-14T14:17:21","guid":{"rendered":"https:\/\/secureus.se\/motorlas-step-352-vanster-komplett-sats\/"},"modified":"2026-03-25T15:30:10","modified_gmt":"2026-03-25T14:30:10","slug":"motorlas-step-352-vanster-komplett-sats","status":"publish","type":"product","link":"https:\/\/secureus.se\/dk\/motorlas-step-352-vanster-komplett-sats\/","title":{"rendered":"Motorl\u00e5s STEP 352 Venstre Komplet s\u00e6t"},"content":{"rendered":"<div><\/div>\n<p>STEP 352 er en motorl\u00e5s, der er udviklet til at sikre sikker l\u00e5sning d\u00f8gnet rundt. Motorl\u00e5sen er udviklet til h\u00f8jfrekvent brug og kan h\u00e5ndtere flere millioner \u00e5bninger, hvilket ogs\u00e5 sker lige s\u00e5 hurtigt som et elektrisk slag. Dette giver en unik mulighed for at opn\u00e5 h\u00f8jere sikkerhed, hvor der er behov for det, og dermed opn\u00e5 den korrekte afl\u00e5sning af s\u00e5rbare og vigtige d\u00f8re.<\/p>\n<div><\/div>\n<div>STEP 352 er udstyret med en krogbolt og automatisk stempel. Den automatiske cylinder giver dig mulighed for at montere din d\u00f8r med et tr\u00e6kh\u00e5ndtag udvendigt, da backup \u00e5bning kan ske med n\u00f8gle udefra, i kombination med evakuering iflg. SS-EN 179:2008 indefra. L\u00e5sen kan derfor med fordel bruges i en alarmeret flugtvej.<\/div>\n<div><\/div>\n<div>L\u00e5sen kan kombinere krav til evakuering, genbes\u00e6ttelse, brandsikring og tilg\u00e6ngelighedskrav, samtidig med at den giver d\u00f8rmilj\u00f8et en v\u00e6sentlig h\u00f8jere indtr\u00e6ngningsmodstand. Den robuste l\u00e5s sikrer, at d\u00f8ren virkelig er l\u00e5st, ikke bare holdes lukket.<\/div>\n<div><\/div>\n<div>STEP 352 er udstyret med STEPs unikke automatiske stempel. N\u00e5r d\u00f8ren \u00e5bnes elektrisk, kan det automatiske stempel foldes sammen, hvilket muligg\u00f8r \u00e5bning med automatisk d\u00f8rbetjening. Umiddelbart efter at d\u00f8ren er \u00e5bnet, tr\u00e6kker det automatiske stempel sig ud, l\u00e5ses i position og fungerer ligesom et almindeligt drop-stempel igen.<\/div>\n<div><\/div>\n<div>L\u00e5sen har en dobbelt blokering, hvor krogbolten blokering ogs\u00e5 er blokeret. Positionen af l\u00e5sen afl\u00e6ses af en optisk sensor, s\u00e5 du kan v\u00e6re sikker p\u00e5, at den virkelig er l\u00e5st. L\u00e5sen er fuldst\u00e6ndig beskyttet mod adgang og sikrer dermed beskyttelse mod manipulation.<\/div>\n<div><\/div>\n<div>STEP 352 er udstyret med FreeDrive\u00ae, vores unikke og patenterede teknologi, der helt frakobler l\u00e5sens motor og gearkasse, hver gang d\u00f8ren l\u00e5ses mekanisk op.<\/div>\n<div>Dette minimerer slitage ved brug af h\u00e5ndtag, knop, n\u00f8gle eller flugtbeslag.<\/div>\n<div><\/div>\n<div><b>Artiklen indeholder:<\/b><\/div>\n<div>\n<ul>\n<li>Motorl\u00e5s ST352-L<\/li>\n<li>Styreenhed 300C<\/li>\n<li>Rammeoverf\u00f8rsel ST1283<\/li>\n<li>Tilslutningskabel ST0916H 10m<\/li>\n<li>Endeplade ST2009-15<\/li>\n<li>Borebeskyttelse ST1199<\/li>\n<li>Magnetisk kontakt ST0910<\/li>\n<li>Skrue- og stiks\u00e6t ST1192<\/li>\n<\/ul>\n<\/div>\n<div><\/div>\n<div><b>Egenskaber:<\/b><\/div>\n<div>\n<ul>\n<li>Ikke reversibel<\/li>\n<li>L\u00e5ser op p\u00e5 mindre end 0,1 sekund<\/li>\n<li>50 mm dorndybde<\/li>\n<li>Moderne stempelplacering<\/li>\n<li>Med unikt automatisk stempel<\/li>\n<li>Begge controllere h\u00e5ndterer genhusning<\/li>\n<li>FreeDrive\u00ae-teknologi<\/li>\n<li>Indgrebssikker l\u00e5seteknologi<\/li>\n<li>Krypteret kommunikation OSDP AES-128<\/li>\n<li>Garanterer \u00e5bning trods strimmeltryk p\u00e5 op til 80 kg<\/li>\n<li>Evakuering og genbes\u00e6ttelse sikres sammen med STEP Exit n\u00f8devakueringsarmaturer<\/li>\n<li>Designet til brug i h\u00f8jfrekvente d\u00f8re<\/li>\n<\/ul>\n<\/div>\n<div><\/div>\n<div><b>Funktion:<\/b><\/div>\n<div>\n<ul>\n<li>Krogbolten og automatisk stempel l\u00e5ser\/l\u00e5ser op elektrisk via \u00e5bningssignal fra adgangssystem, kodel\u00e5s, albuekontakt eller lignende.<\/li>\n<li>Krogbolten og automatisk stempel l\u00e5ser\/l\u00e5ser op mekanisk via cylinderroeren indefra og udefra<\/li>\n<li>Automatstemplet tr\u00e6kkes mekanisk tilbage via cylinderroeren med et tryk indefra og udefra.<\/li>\n<li>Normal passage sker via \u00e5bningssignal fra adgangssystem, kodel\u00e5s, albuekontakt eller lignende indefra og udefra.<\/li>\n<\/ul>\n<\/div>\n<div><\/div>","protected":false},"excerpt":{"rendered":"<p>STEP 352 er en motorl\u00e5s, der er udviklet til at sikre sikker l\u00e5sning d\u00f8gnet rundt. Motorl\u00e5sen er udviklet til h\u00f8jfrekvent brug og kan modst\u00e5 flere millioner \u00e5bninger, som ogs\u00e5 forekommer<\/p>","protected":false},"featured_media":150090,"template":"","meta":{"_acf_changed":false},"product_brand":[],"product_cat":[2874],"product_tag":[],"class_list":{"0":"post-150091","1":"product","2":"type-product","3":"status-publish","4":"has-post-thumbnail","6":"product_cat-motorlas","7":"pa_brands-step","8":"tm-no-options","10":"first","11":"instock","12":"sale","13":"taxable","14":"shipping-taxable","15":"purchasable","16":"product-type-simple"},"acf":[],"_links":{"self":[{"href":"https:\/\/secureus.se\/dk\/wp-json\/wp\/v2\/product\/150091","targetHints":{"allow":["GET"]}}],"collection":[{"href":"https:\/\/secureus.se\/dk\/wp-json\/wp\/v2\/product"}],"about":[{"href":"https:\/\/secureus.se\/dk\/wp-json\/wp\/v2\/types\/product"}],"wp:featuredmedia":[{"embeddable":true,"href":"https:\/\/secureus.se\/dk\/wp-json\/wp\/v2\/media\/150090"}],"wp:attachment":[{"href":"https:\/\/secureus.se\/dk\/wp-json\/wp\/v2\/media?parent=150091"}],"wp:term":[{"taxonomy":"product_brand","embeddable":true,"href":"https:\/\/secureus.se\/dk\/wp-json\/wp\/v2\/product_brand?post=150091"},{"taxonomy":"product_cat","embeddable":true,"href":"https:\/\/secureus.se\/dk\/wp-json\/wp\/v2\/product_cat?post=150091"},{"taxonomy":"product_tag","embeddable":true,"href":"https:\/\/secureus.se\/dk\/wp-json\/wp\/v2\/product_tag?post=150091"}],"curies":[{"name":"wp","href":"https:\/\/api.w.org\/{rel}","templated":true}]}}