{"id":150100,"date":"2025-04-14T16:17:23","date_gmt":"2025-04-14T14:17:23","guid":{"rendered":"https:\/\/secureus.se\/motorlas-step-352s-split-hoger-komplett-sats\/"},"modified":"2026-04-23T11:24:09","modified_gmt":"2026-04-23T09:24:09","slug":"motorlas-step-352s-split-hoger-komplett-sats","status":"publish","type":"product","link":"https:\/\/secureus.se\/dk\/motorlas-step-352s-split-hoger-komplett-sats\/","title":{"rendered":"Motorl\u00e5s STEP 352S Split H\u00f8jre Komplet s\u00e6t"},"content":{"rendered":"<p>\nSTEP 352S er en motorl\u00e5s med indbygget splitfunktion og automatisk cylinder designet til at erstatte deadbolt-l\u00e5se i skalbeskyttelse og dermed skabe sikker l\u00e5sning d\u00f8gnet rundt. L\u00e5sen er designet til et h\u00f8jfrekvent d\u00f8rmilj\u00f8 med d\u00f8rautomatik, og kan klare flere millioner \u00e5bninger! Opfylder kravene til l\u00e5seklasse 2A og 2B i henhold til SSF 3522.<\/p>\n<div>L\u00e5sen kan kombinere alle krav til evakuering, genindtr\u00e6den, brandsikring og tilg\u00e6ngelighed, samtidig med at den giver d\u00f8rmilj\u00f8et en v\u00e6sentlig h\u00f8jere indtr\u00e6ngningsmodstand. STEP 352S er udstyret med en robust krogbolt, der virkelig sikrer, at d\u00f8ren er l\u00e5st, mens en indbygget splitfunktion sikrer en uovertruffen brugervenlighed.<\/div>\n<div><\/div>\n<div>Den indbyggede splitfunktion muligg\u00f8r mekanisk \u00e5bning indefra uden \u00e5bningsknap. L\u00e5sen har alarmbypass (by-pass funktion), s\u00e5 der kan opn\u00e5s \u201dGodkendt passage\u201d. Dette giver d\u00f8rmilj\u00f8et en uovertruffen brugervenlighed.<\/div>\n<div><\/div>\n<div>STEP 352S er udstyret med STEPs unikke automatiske stempel. N\u00e5r d\u00f8ren \u00e5bnes elektrisk, kan det automatiske stempel foldes sammen, hvilket muligg\u00f8r \u00e5bning med automatisk d\u00f8rbetjening. Umiddelbart efter at d\u00f8ren er \u00e5bnet, tr\u00e6kker det automatiske stempel sig ud, l\u00e5ses i position og fungerer ligesom et almindeligt drop-stempel igen.<\/div>\n<div>STEP 352S er derfor tilpasset specifikt til d\u00f8rmilj\u00f8er, hvor man \u00f8nsker \u00f8get tilg\u00e6ngelighed.<\/div>\n<div><\/div>\n<div>L\u00e5sen har en dobbelt blokering, hvor krogbolten blokering ogs\u00e5 er blokeret. Positionen af l\u00e5sen afl\u00e6ses af en optisk sensor, s\u00e5 du kan v\u00e6re sikker p\u00e5, at den virkelig er l\u00e5st. L\u00e5sen er fuldst\u00e6ndig beskyttet mod adgang og sikrer dermed beskyttelse mod manipulation.<\/div>\n<div><\/div>\n<div>STEP 352S er udstyret med FreeDrive\u00ae, vores unikke og patenterede teknologi, der helt frig\u00f8r l\u00e5sens motor og gearkasse, hver gang d\u00f8ren l\u00e5ses mekanisk op.<\/div>\n<div><\/div>\n<div>Mange svenske d\u00f8rmilj\u00f8er er i dag udstyret med l\u00e5se, der kan h\u00e5ndtere evakuering, genindflytning, brand- og tilg\u00e6ngelighedskrav, men til prisen for lav indbrudssikkerhed. Det drejer sig om udvendige og indvendige skalbeskyttelsesd\u00f8re i tusindvis af lejlighedsbygninger, hospitaler, behandlingshjem og kriminalforsorgen, for at n\u00e6vne nogle f\u00e5.<\/div>\n<div>Med STEP 352S motorl\u00e5s beh\u00f8ver du ikke g\u00e5 p\u00e5 kompromis med indbrudsbeskyttelse. I stedet kan du sikre en kombination af alle ovenst\u00e5ende krav i \u00e9n og samme l\u00e5s, og desuden placere den i et d\u00f8rmilj\u00f8, der bruges hyppigt.<\/p>\n<p><b>Artiklen indeholder:<\/b><\/div>\n<div>\n<ul>\n<li>Motorl\u00e5s ST352S Split H\u00f8jre<\/li>\n<li>ST300C styreenhed<\/li>\n<li>Rammeoverf\u00f8rsel ST1283<\/li>\n<li>Tilslutningskabel ST0916H 10m<\/li>\n<li>Trykstifter ST1088-50 og ST1088-57<\/li>\n<li>Endeplade ST2009-15<\/li>\n<li>Borebeskyttelse ST1199<\/li>\n<li>Magnetisk kontakt ST0910<\/li>\n<li>Skrue- og stiks\u00e6t ST1192<\/li>\n<\/ul>\n<\/div>\n<div><b>Egenskaber:<\/b><\/p>\n<ul>\n<li>Ikke reversibel<\/li>\n<li>L\u00e5ser op p\u00e5 mindre end 0,1 sekund<\/li>\n<li>Moderne stempelplacering<\/li>\n<li>Begge controllere h\u00e5ndterer genhusning<\/li>\n<li>FreeDrive\u00ae-teknologi<\/li>\n<li>Indgrebssikker l\u00e5seteknologi<\/li>\n<li>50 mm dorndybde<\/li>\n<li>Krypteret kommunikation AES-128<\/li>\n<li>Garanterer \u00e5bning trods strimmeltryk p\u00e5 op til 80 kg<\/li>\n<li>Tilslutning til motorl\u00e5s sker via RS-485<\/li>\n<li>Indbygget splitspindel<\/li>\n<li>Evakuering og re-entry sikres sammen med STEP Exit n\u00f8devakueringstilbeh\u00f8r. Certificeret i henhold til SS-EN 179:2008<\/li>\n<li>Certificeret til indbrudssikring i l\u00e5sklasse 2A og 2B i henhold til SSF 3522<\/li>\n<li>Certificeret i brandbeskyttelsesklasse E\/EI120 i henhold til SS-EN 14846:2008<\/li>\n<li>Certificeret i Grade L for korrosion, temperaturer og fugtighed, hvilket svarer til h\u00f8je krav iht. SS-EN 14846<\/li>\n<li>Designet til brug i h\u00f8jfrekvente d\u00f8re<\/li>\n<li>Med unikt automatisk stempel<\/li>\n<\/ul>\n<\/div>\n<div><b>Funktion:<\/b><\/p>\n<ul>\n<li>Krogbolten og automatisk cylinderl\u00e5s\/l\u00e5s op elektrisk via \u00e5bningssignal fra adgangssystem, kodel\u00e5s, trykknap eller lignende.<\/li>\n<li>Krogbolten og automatisk stempel l\u00e5ser\/l\u00e5ser op mekanisk via en trykknap indefra (splitfunktion)<\/li>\n<li>Automatstemplet tr\u00e6kkes mekanisk tilbage via trykstangen med et tryk indefra og udefra.<\/li>\n<li>Normal passage sker med et skub indefra<\/li>\n<li>Justerbar mekanisk splitside. Sideskift sker mekanisk p\u00e5 l\u00e5sehuset<\/li>\n<\/ul>\n<\/div>","protected":false},"excerpt":{"rendered":"<p>STEP 352S er en motorl\u00e5s med indbygget splitfunktion og automatisk cylinder designet til at erstatte deadbolt l\u00e5se i skalbeskyttelse og dermed skabe sikker l\u00e5sning d\u00f8gnet rundt. L\u00e5sen er designet til en<\/p>","protected":false},"featured_media":150099,"template":"","meta":{"_acf_changed":false},"product_brand":[],"product_cat":[2874],"product_tag":[],"class_list":{"0":"post-150100","1":"product","2":"type-product","3":"status-publish","4":"has-post-thumbnail","6":"product_cat-motorlas","7":"pa_brands-step","8":"tm-no-options","10":"first","11":"instock","12":"sale","13":"taxable","14":"shipping-taxable","15":"purchasable","16":"product-type-simple"},"acf":[],"_links":{"self":[{"href":"https:\/\/secureus.se\/dk\/wp-json\/wp\/v2\/product\/150100","targetHints":{"allow":["GET"]}}],"collection":[{"href":"https:\/\/secureus.se\/dk\/wp-json\/wp\/v2\/product"}],"about":[{"href":"https:\/\/secureus.se\/dk\/wp-json\/wp\/v2\/types\/product"}],"wp:featuredmedia":[{"embeddable":true,"href":"https:\/\/secureus.se\/dk\/wp-json\/wp\/v2\/media\/150099"}],"wp:attachment":[{"href":"https:\/\/secureus.se\/dk\/wp-json\/wp\/v2\/media?parent=150100"}],"wp:term":[{"taxonomy":"product_brand","embeddable":true,"href":"https:\/\/secureus.se\/dk\/wp-json\/wp\/v2\/product_brand?post=150100"},{"taxonomy":"product_cat","embeddable":true,"href":"https:\/\/secureus.se\/dk\/wp-json\/wp\/v2\/product_cat?post=150100"},{"taxonomy":"product_tag","embeddable":true,"href":"https:\/\/secureus.se\/dk\/wp-json\/wp\/v2\/product_tag?post=150100"}],"curies":[{"name":"wp","href":"https:\/\/api.w.org\/{rel}","templated":true}]}}