{"id":151331,"date":"2025-04-14T13:20:07","date_gmt":"2025-04-14T11:20:07","guid":{"rendered":"https:\/\/secureus.se\/?post_type=product&#038;p=151331"},"modified":"2026-03-12T22:45:32","modified_gmt":"2026-03-12T21:45:32","slug":"microsd-minneskort-128gb-securex-card-pro","status":"publish","type":"product","link":"https:\/\/secureus.se\/dk\/microsd-minneskort-128gb-securex-card-pro\/","title":{"rendered":"MicroSD-hukommelseskort 128GB \u2013 SecureX Card Pro Series"},"content":{"rendered":"<h4 class=\"\" data-start=\"487\" data-end=\"546\"><strong data-start=\"492\" data-end=\"546\">MicroSD-hukommelseskort 128GB \u2013 SecureX Card Pro Series<\/strong><\/h4>\n<p class=\"\" data-start=\"548\" data-end=\"919\">SecureX Card Pro Series MicroSD-hukommelseskort med 128 GB er et h\u00f8jtydende lagerkort udviklet til professionel brug i sikkerhed, overv\u00e5gning og andet dataintensivt udstyr. Uanset om du bruger det i IP-kameraer, bilsystemer, mobiltelefoner eller medicinsk udstyr, leverer dette hukommelseskort stabil og hurtig dataoverf\u00f8rsel under alle forhold.<\/p>\n<p class=\"\" data-start=\"921\" data-end=\"1206\">Kortet er klassificeret som <strong data-start=\"949\" data-end=\"965\">Klasse 10, U3<\/strong>, hvilket betyder h\u00f8je l\u00e6se- og skrivehastigheder, der kan h\u00e5ndtere high-definition videooptagelse uden forsinkelse. Med en driftstemperatur p\u00e5 <strong data-start=\"1113\" data-end=\"1133\">-25\u00b0C til +80\u00b0C<\/strong> og holdbar konstruktion er den perfekt til b\u00e5de indend\u00f8rs og udend\u00f8rs brug.<\/p>\n<p class=\"\" data-start=\"1208\" data-end=\"1293\">Kortet leveres komplet med en SD-adapter for bred kompatibilitet med andre enheder.<\/p>\n<hr class=\"\" data-start=\"1295\" data-end=\"1298\" \/>\n<h4 class=\"\" data-start=\"1300\" data-end=\"1322\">\u2705 <strong data-start=\"1307\" data-end=\"1322\">Egenskaber:<\/strong><\/h4>\n<ul data-start=\"1324\" data-end=\"1658\">\n<li class=\"\" data-start=\"1324\" data-end=\"1356\">\n<p class=\"\" data-start=\"1326\" data-end=\"1356\"><strong data-start=\"1326\" data-end=\"1348\">Lagerkapacitet:<\/strong> 128 GB<\/p>\n<\/li>\n<li class=\"\" data-start=\"1357\" data-end=\"1442\">\n<p class=\"\" data-start=\"1359\" data-end=\"1442\"><strong data-start=\"1359\" data-end=\"1379\">Hastighedsklasse:<\/strong> U3 \/ Klasse 10 \u2013 optimeret til video og hurtig dataoverf\u00f8rsel<\/p>\n<\/li>\n<li class=\"\" data-start=\"1443\" data-end=\"1529\">\n<p class=\"\" data-start=\"1445\" data-end=\"1529\"><strong data-start=\"1445\" data-end=\"1468\">Anvendelsesomr\u00e5der:<\/strong> IP-kameraer, DVR&#039;er, GPS, smartphones, medicinsk udstyr osv.<\/p>\n<\/li>\n<li class=\"\" data-start=\"1530\" data-end=\"1571\">\n<p class=\"\" data-start=\"1532\" data-end=\"1571\"><strong data-start=\"1532\" data-end=\"1552\">Driftstemperatur:<\/strong> -25\u00b0C til +80\u00b0C<\/p>\n<\/li>\n<li class=\"\" data-start=\"1572\" data-end=\"1593\">\n<p class=\"\" data-start=\"1574\" data-end=\"1593\"><strong data-start=\"1574\" data-end=\"1586\">Garanti:<\/strong> 5 \u00e5r<\/p>\n<\/li>\n<li class=\"\" data-start=\"1594\" data-end=\"1624\">\n<p class=\"\" data-start=\"1596\" data-end=\"1624\"><strong data-start=\"1596\" data-end=\"1619\">Adapter medf\u00f8lger:<\/strong> Ja<\/p>\n<\/li>\n<li class=\"\" data-start=\"1625\" data-end=\"1658\">\n<p class=\"\" data-start=\"1627\" data-end=\"1658\"><strong data-start=\"1627\" data-end=\"1642\">Certifikat:<\/strong> CE, FCC, RoHS<\/p>\n<\/li>\n<\/ul>\n<hr class=\"\" data-start=\"1660\" data-end=\"1663\" \/>\n<p class=\"\" data-start=\"1665\" data-end=\"1786\">F\u00e5 maksimal ydeevne og ro i sindet i din overv\u00e5gning med et MicroSD-kort, du kan stole p\u00e5 \u2013 <strong data-start=\"1758\" data-end=\"1785\">SecureX Card Pro Series<\/strong>.<\/p>","protected":false},"excerpt":{"rendered":"<p><strong data-start=\"208\" data-end=\"262\">MicroSD-hukommelseskort 128GB \u2013 SecureX Card Pro Series<\/strong><br data-start=\"262\" data-end=\"265\" \/>P\u00e5lideligt og hurtigt MicroSD-kort til overv\u00e5gning, smartphones og andre enheder. Klasse 10, U3 hastighed og 5 \u00e5rs garanti \u2013 perfekt til kr\u00e6vende opbevaring.<\/p>","protected":false},"featured_media":162722,"template":"","meta":{"_acf_changed":false},"product_brand":[],"product_cat":[3260],"product_tag":[],"class_list":{"0":"post-151331","1":"product","2":"type-product","3":"status-publish","4":"has-post-thumbnail","6":"product_cat-micro-sd-minneskort","7":"product_shipping_class-postnord-varubrev","8":"tm-no-options","10":"first","11":"outofstock","12":"sale","13":"taxable","14":"shipping-taxable","15":"purchasable","16":"product-type-simple"},"acf":[],"_links":{"self":[{"href":"https:\/\/secureus.se\/dk\/wp-json\/wp\/v2\/product\/151331","targetHints":{"allow":["GET"]}}],"collection":[{"href":"https:\/\/secureus.se\/dk\/wp-json\/wp\/v2\/product"}],"about":[{"href":"https:\/\/secureus.se\/dk\/wp-json\/wp\/v2\/types\/product"}],"wp:featuredmedia":[{"embeddable":true,"href":"https:\/\/secureus.se\/dk\/wp-json\/wp\/v2\/media\/162722"}],"wp:attachment":[{"href":"https:\/\/secureus.se\/dk\/wp-json\/wp\/v2\/media?parent=151331"}],"wp:term":[{"taxonomy":"product_brand","embeddable":true,"href":"https:\/\/secureus.se\/dk\/wp-json\/wp\/v2\/product_brand?post=151331"},{"taxonomy":"product_cat","embeddable":true,"href":"https:\/\/secureus.se\/dk\/wp-json\/wp\/v2\/product_cat?post=151331"},{"taxonomy":"product_tag","embeddable":true,"href":"https:\/\/secureus.se\/dk\/wp-json\/wp\/v2\/product_tag?post=151331"}],"curies":[{"name":"wp","href":"https:\/\/api.w.org\/{rel}","templated":true}]}}