{"id":151626,"date":"2025-04-30T10:03:20","date_gmt":"2025-04-30T08:03:20","guid":{"rendered":"https:\/\/secureus.se\/solo-611-urban-ryggsack\/"},"modified":"2026-04-23T12:47:44","modified_gmt":"2026-04-23T10:47:44","slug":"solo-611-urban-ryggsack","status":"publish","type":"product","link":"https:\/\/secureus.se\/dk\/solo-611-urban-ryggsack\/","title":{"rendered":"Solo 611 \u2013 Urban Rygs\u00e6k"},"content":{"rendered":"<h1>Solo 611 \u2013 Urban Rygs\u00e6k<\/h1>\n<h3 data-start=\"307\" data-end=\"363\">Let og fleksibel rygs\u00e6k til testudstyr<\/h3>\n<p data-start=\"364\" data-end=\"657\">Solo 611 Urban Backpack er designet til teknikere og installat\u00f8rer, der har brug for at transportere testudstyr bekvemt i byer eller p\u00e5 store arbejdspladser.<\/p>\n<p data-start=\"364\" data-end=\"657\">Den kan rumme udstyr som Solo 365, Testifire 1001\/2001 og Solo 330, samt korte teleskopst\u00e6nger som Solo 110 og Solo 111.<\/p>\n<h3 data-start=\"659\" data-end=\"696\">Smarte og brugerdefinerbare rum<\/h3>\n<p data-start=\"697\" data-end=\"1007\">Rygs\u00e6kken har et tilpasningsdygtigt hovedindvendigt system til testudstyr og batterist\u00e6nger.<\/p>\n<p data-start=\"697\" data-end=\"1007\">Den har et polstret rum til en b\u00e6rbar computer eller tablet, store lynl\u00e5slommer til patroner og en frontlomme til A4-notesblokke og sm\u00e5v\u00e6rkt\u00f8jer.<\/p>\n<p data-start=\"697\" data-end=\"1007\">Du kan ogs\u00e5 placere dit firmalogo i en gennemsigtig lomme.<\/p>\n<h3 data-start=\"1009\" data-end=\"1036\">Komfort og b\u00e6rbarhed<\/h3>\n<p data-start=\"1037\" data-end=\"1307\">Urban Backpack Solo 611 har brede, polstrede skulderstropper, en brystrem for v\u00e6gtbalancering og vejer mindre end 1,5 kg.<\/p>\n<p data-start=\"1037\" data-end=\"1307\">Hurtigudl\u00f8ser til Solo 612 stangtasken giver ekstra fleksibilitet.<\/p>\n<p data-start=\"1037\" data-end=\"1307\">Den er nem at b\u00e6re i l\u00f8bet af arbejdsdagen, samtidig med at dit udstyr holdes organiseret og beskyttet.<\/p>\n<h3 data-start=\"1309\" data-end=\"1336\">Fordele ved Solo 611<\/h3>\n<ul data-start=\"1337\" data-end=\"1640\">\n<li data-start=\"1337\" data-end=\"1397\">\n<p data-start=\"1339\" data-end=\"1397\">Tilpasningsbart interi\u00f8rdesignsystem til testudstyr<\/p>\n<\/li>\n<li data-start=\"1398\" data-end=\"1443\">\n<p data-start=\"1400\" data-end=\"1443\">Polstrede rum til computer eller tablet<\/p>\n<\/li>\n<li data-start=\"1444\" data-end=\"1502\">\n<p data-start=\"1446\" data-end=\"1502\">Lynl\u00e5slommer til patroner og frontlomme til v\u00e6rkt\u00f8j<\/p>\n<\/li>\n<li data-start=\"1503\" data-end=\"1552\">\n<p data-start=\"1505\" data-end=\"1552\">Justerbare hurtigsp\u00e6ndere til Solo 612 fiskestangtaske<\/p>\n<\/li>\n<li data-start=\"1553\" data-end=\"1606\">\n<p data-start=\"1555\" data-end=\"1606\">Behagelig at b\u00e6re med brede skulderstropper og brystrem<\/p>\n<\/li>\n<li data-start=\"1607\" data-end=\"1640\">\n<p data-start=\"1609\" data-end=\"1640\">Letv\u00e6gtsv\u00e6gt \u2013 vejer under 1,5 kg<\/p>\n<\/li>\n<\/ul>\n<p data-start=\"1642\" data-end=\"1669\">TEKNISKE SPECIFIKATIONER:<\/p>\n<ul data-start=\"1670\" data-end=\"2012\">\n<li data-start=\"1670\" data-end=\"1697\">\n<p data-start=\"1672\" data-end=\"1697\">Produkt: Urban rygs\u00e6k<\/p>\n<\/li>\n<li data-start=\"1698\" data-end=\"1718\">\n<p data-start=\"1700\" data-end=\"1718\">Model: Solo 611<\/p>\n<\/li>\n<li data-start=\"1719\" data-end=\"1778\">\n<p data-start=\"1721\" data-end=\"1778\">Kompatibel med: Solo 365, Testifire 1001\/2001, Solo 330<\/p>\n<\/li>\n<li data-start=\"1779\" data-end=\"1871\">\n<p data-start=\"1781\" data-end=\"1871\">Rum: Polstret til computer\/tablet, store lynl\u00e5slommer, frontlomme til sm\u00e5 v\u00e6rkt\u00f8jer\/A4<\/p>\n<\/li>\n<li data-start=\"1872\" data-end=\"1911\">\n<p data-start=\"1874\" data-end=\"1911\">Til testst\u00e6nger: Solo 110, Solo 111<\/p>\n<\/li>\n<li data-start=\"1912\" data-end=\"1954\">\n<p data-start=\"1914\" data-end=\"1954\">B\u00e6rekomfort: Brede skulderstropper, brystrem<\/p>\n<\/li>\n<li data-start=\"1955\" data-end=\"1972\">\n<p data-start=\"1957\" data-end=\"1972\">V\u00e6gt: &lt;1,5 kg<\/p>\n<\/li>\n<li data-start=\"1973\" data-end=\"2012\">\n<p data-start=\"1975\" data-end=\"2012\">Materiale: Slidst\u00e6rkt tekstilmateriale<\/p>\n<\/li>\n<\/ul>","protected":false},"excerpt":{"rendered":"<p>Urban Backpack Solo 611 er en let og fleksibel rygs\u00e6k til Solo 365, Testifire 1001\/2001 og Solo 330.<\/p>\n<p>Den har polstrede rum, justerbare stropper og plads til testudstyr, sm\u00e5v\u00e6rkt\u00f8j og batterier, hvilket g\u00f8r den perfekt til arbejde p\u00e5 st\u00f8rre arbejdspladser.<\/p>","protected":false},"featured_media":151625,"template":"","meta":{"_acf_changed":false},"product_brand":[],"product_cat":[2945,4758,5072,2946],"product_tag":[],"class_list":{"0":"post-151626","1":"product","2":"type-product","3":"status-publish","4":"has-post-thumbnail","6":"product_cat-solo","7":"product_cat-forvaring-vaskor","8":"product_cat-solo-365","9":"product_cat-testifire","10":"pa_brands-solo","11":"tm-no-options","13":"first","14":"instock","15":"sale","16":"taxable","17":"shipping-taxable","18":"purchasable","19":"product-type-simple"},"acf":[],"_links":{"self":[{"href":"https:\/\/secureus.se\/dk\/wp-json\/wp\/v2\/product\/151626","targetHints":{"allow":["GET"]}}],"collection":[{"href":"https:\/\/secureus.se\/dk\/wp-json\/wp\/v2\/product"}],"about":[{"href":"https:\/\/secureus.se\/dk\/wp-json\/wp\/v2\/types\/product"}],"wp:featuredmedia":[{"embeddable":true,"href":"https:\/\/secureus.se\/dk\/wp-json\/wp\/v2\/media\/151625"}],"wp:attachment":[{"href":"https:\/\/secureus.se\/dk\/wp-json\/wp\/v2\/media?parent=151626"}],"wp:term":[{"taxonomy":"product_brand","embeddable":true,"href":"https:\/\/secureus.se\/dk\/wp-json\/wp\/v2\/product_brand?post=151626"},{"taxonomy":"product_cat","embeddable":true,"href":"https:\/\/secureus.se\/dk\/wp-json\/wp\/v2\/product_cat?post=151626"},{"taxonomy":"product_tag","embeddable":true,"href":"https:\/\/secureus.se\/dk\/wp-json\/wp\/v2\/product_tag?post=151626"}],"curies":[{"name":"wp","href":"https:\/\/api.w.org\/{rel}","templated":true}]}}