{"id":151630,"date":"2025-04-30T10:03:24","date_gmt":"2025-04-30T08:03:24","guid":{"rendered":"https:\/\/secureus.se\/barvaska-forvaringsvaska-koger-solo-610\/"},"modified":"2026-04-08T16:02:11","modified_gmt":"2026-04-08T14:02:11","slug":"barvaska-forvaringsvaska-koger-solo-610","status":"publish","type":"product","link":"https:\/\/secureus.se\/dk\/barvaska-forvaringsvaska-koger-solo-610\/","title":{"rendered":"B\u00e6retaske \/ opbevaringstaske + kogger Solo 610"},"content":{"rendered":"<h1>B\u00e6retaske \/ opbevaringstaske + kogger Solo 610<\/h1>\n<h3 data-start=\"308\" data-end=\"363\">Komplet transportl\u00f8sning til testudstyr<\/h3>\n<p data-start=\"364\" data-end=\"683\">Solo 610 best\u00e5r af to tasker lavet af slidst\u00e6rkt sort plastik, designet til at opbevare og transportere testere, batterist\u00e6nger, aftagelige enheder, kassetter, batteritestere og teleskopst\u00e6nger p\u00e5 en organiseret m\u00e5de.<\/p>\n<p data-start=\"364\" data-end=\"683\">Tasken er perfekt til teknikere, der har brug for at have alt deres udstyr samlet og let tilg\u00e6ngeligt p\u00e5 arbejdspladsen.<\/p>\n<h3 data-start=\"685\" data-end=\"725\">Kan tilpasses forskellige produkter<\/h3>\n<p data-start=\"726\" data-end=\"941\">Den store taske har to aftagelige skillev\u00e6gge, der kan justeres til st\u00f8rrelsen og typen af udstyr. Det medf\u00f8lgende pilekogger bruges til opbevaring af teleskopst\u00e6nger.<\/p>\n<p data-start=\"726\" data-end=\"941\">Solo 610 kan bruges til b\u00e5de Solo- og Testifire-udstyr:<\/p>\n<p data-start=\"943\" data-end=\"990\"><strong data-start=\"943\" data-end=\"988\">Eksempler p\u00e5 Solo-udstyr, der passer til:<\/strong><\/p>\n<ul data-start=\"991\" data-end=\"1271\">\n<li data-start=\"991\" data-end=\"1038\">\n<p data-start=\"993\" data-end=\"1038\">R\u00f8g-\/CO-detektortester Solo 330 \/ Solo 332<\/p>\n<\/li>\n<li data-start=\"1039\" data-end=\"1072\">\n<p data-start=\"1041\" data-end=\"1072\">Varmedetektortester Solo 461<\/p>\n<\/li>\n<li data-start=\"1073\" data-end=\"1100\">\n<p data-start=\"1075\" data-end=\"1100\">Batterioplader Solo 726<\/p>\n<\/li>\n<li data-start=\"1101\" data-end=\"1138\">\n<p data-start=\"1103\" data-end=\"1138\">2 Solo 770 batterist\u00e6nger i l\u00e5get<\/p>\n<\/li>\n<li data-start=\"1139\" data-end=\"1182\">\n<p data-start=\"1141\" data-end=\"1182\">Solo 200 takedown-enhed i forlommen<\/p>\n<\/li>\n<li data-start=\"1183\" data-end=\"1205\">\n<p data-start=\"1185\" data-end=\"1205\">Enkelt R\u00f8gsabel<\/p>\n<\/li>\n<li data-start=\"1206\" data-end=\"1239\">\n<p data-start=\"1208\" data-end=\"1239\">Pr\u00f8vegasflasker Solo A5 og C3<\/p>\n<\/li>\n<li data-start=\"1240\" data-end=\"1271\">\n<p data-start=\"1242\" data-end=\"1271\">Cellchecker batteritester<\/p>\n<\/li>\n<\/ul>\n<p data-start=\"1273\" data-end=\"1325\"><strong data-start=\"1273\" data-end=\"1323\">Eksempler p\u00e5 Testifire-udstyr, der passer til:<\/strong><\/p>\n<ul data-start=\"1326\" data-end=\"1561\">\n<li data-start=\"1326\" data-end=\"1355\">\n<p data-start=\"1328\" data-end=\"1355\">Testifire 1001 eller 2001<\/p>\n<\/li>\n<li data-start=\"1356\" data-end=\"1383\">\n<p data-start=\"1358\" data-end=\"1383\">Batterioplader Solo 726<\/p>\n<\/li>\n<li data-start=\"1384\" data-end=\"1421\">\n<p data-start=\"1386\" data-end=\"1421\">2 Solo 770 batterist\u00e6nger i l\u00e5get<\/p>\n<\/li>\n<li data-start=\"1422\" data-end=\"1444\">\n<p data-start=\"1424\" data-end=\"1444\">Solo 200 nedtagningsmaskine<\/p>\n<\/li>\n<li data-start=\"1445\" data-end=\"1475\">\n<p data-start=\"1447\" data-end=\"1475\">R\u00f8gpatroner Testifire TS3<\/p>\n<\/li>\n<li data-start=\"1476\" data-end=\"1506\">\n<p data-start=\"1478\" data-end=\"1506\">CO-patroner Testifire TC3<\/p>\n<\/li>\n<li data-start=\"1507\" data-end=\"1529\">\n<p data-start=\"1509\" data-end=\"1529\">Enkelt R\u00f8gsabel<\/p>\n<\/li>\n<li data-start=\"1530\" data-end=\"1561\">\n<p data-start=\"1532\" data-end=\"1561\">Cellchecker batteritester<\/p>\n<\/li>\n<\/ul>\n<h3 data-start=\"1563\" data-end=\"1590\">Pilekogger til testst\u00e6nger<\/h3>\n<p data-start=\"1591\" data-end=\"1645\">F\u00f8lgende kan transporteres i det medf\u00f8lgende kogger:<\/p>\n<ul data-start=\"1646\" data-end=\"1733\">\n<li data-start=\"1646\" data-end=\"1689\">\n<p data-start=\"1648\" data-end=\"1689\">1 teleskopstang Solo 100 eller Solo 108<\/p>\n<\/li>\n<li data-start=\"1690\" data-end=\"1733\">\n<p data-start=\"1692\" data-end=\"1733\">Op til 3 forl\u00e6ngerst\u00e6nger Solo 101<\/p>\n<\/li>\n<\/ul>\n<p data-start=\"1735\" data-end=\"1913\">Solo 610 giver orden og sikkerhed for teknikere, der har brug for at transportere flere typer testudstyr, samtidig med at den beskytter f\u00f8lsomt udstyr mod skader under transport.<\/p>\n<p data-start=\"1915\" data-end=\"1942\">TEKNISKE SPECIFIKATIONER:<\/p>\n<ul data-start=\"1943\" data-end=\"2346\">\n<li data-start=\"1943\" data-end=\"1996\">\n<p data-start=\"1945\" data-end=\"1996\">Produkt: Opbevarings- og transporttaske med kogger<\/p>\n<\/li>\n<li data-start=\"1997\" data-end=\"2017\">\n<p data-start=\"1999\" data-end=\"2017\">Model: Solo 610<\/p>\n<\/li>\n<li data-start=\"2018\" data-end=\"2062\">\n<p data-start=\"2020\" data-end=\"2062\">Materiale: Sort slidst\u00e6rk plastik<\/p>\n<\/li>\n<li data-start=\"2063\" data-end=\"2142\">\n<p data-start=\"2065\" data-end=\"2142\">Indhold: To tasker med aftagelige skillev\u00e6gge + pilekogger til teleskopst\u00e6nger<\/p>\n<\/li>\n<li data-start=\"2143\" data-end=\"2212\">\n<p data-start=\"2145\" data-end=\"2212\">Kompatibel med Solo: 330, 332, 461, 770, 200, A5, C3, Cellchecker<\/p>\n<\/li>\n<li data-start=\"2213\" data-end=\"2291\">\n<p data-start=\"2215\" data-end=\"2291\">Kompatibel med Testifire: 1001, 2001, 726, 770, 200, TS3, TC3, Cellchecker<\/p>\n<\/li>\n<li data-start=\"2292\" data-end=\"2346\">\n<p data-start=\"2294\" data-end=\"2346\">Kogger: 1\u00d7 Solo 100\/Solo 108 + op til 3\u00d7 Solo 101<\/p>\n<\/li>\n<\/ul>","protected":false},"excerpt":{"rendered":"<p>Solo 610 opbevaringstasken er en robust transportl\u00f8sning til testere, batterier, aftagelige enheder, kassetter og teleskopst\u00e6nger.<\/p>\n<p>Kufferten er fleksibel med aftagelige skillev\u00e6gge og medf\u00f8lgende pilekogger til teststave, hvilket g\u00f8r den ideel til servicepersonale og teknikere.<\/p>","protected":false},"featured_media":151629,"template":"","meta":{"_acf_changed":false},"product_brand":[],"product_cat":[2946,4758,2945],"product_tag":[],"class_list":{"0":"post-151630","1":"product","2":"type-product","3":"status-publish","4":"has-post-thumbnail","6":"product_cat-testifire","7":"product_cat-forvaring-vaskor","8":"product_cat-solo","9":"tm-no-options","11":"first","12":"instock","13":"taxable","14":"shipping-taxable","15":"purchasable","16":"product-type-simple"},"acf":[],"_links":{"self":[{"href":"https:\/\/secureus.se\/dk\/wp-json\/wp\/v2\/product\/151630","targetHints":{"allow":["GET"]}}],"collection":[{"href":"https:\/\/secureus.se\/dk\/wp-json\/wp\/v2\/product"}],"about":[{"href":"https:\/\/secureus.se\/dk\/wp-json\/wp\/v2\/types\/product"}],"wp:featuredmedia":[{"embeddable":true,"href":"https:\/\/secureus.se\/dk\/wp-json\/wp\/v2\/media\/151629"}],"wp:attachment":[{"href":"https:\/\/secureus.se\/dk\/wp-json\/wp\/v2\/media?parent=151630"}],"wp:term":[{"taxonomy":"product_brand","embeddable":true,"href":"https:\/\/secureus.se\/dk\/wp-json\/wp\/v2\/product_brand?post=151630"},{"taxonomy":"product_cat","embeddable":true,"href":"https:\/\/secureus.se\/dk\/wp-json\/wp\/v2\/product_cat?post=151630"},{"taxonomy":"product_tag","embeddable":true,"href":"https:\/\/secureus.se\/dk\/wp-json\/wp\/v2\/product_tag?post=151630"}],"curies":[{"name":"wp","href":"https:\/\/api.w.org\/{rel}","templated":true}]}}