{"id":151730,"date":"2025-04-15T13:11:24","date_gmt":"2025-04-15T11:11:24","guid":{"rendered":"https:\/\/secureus.se\/?post_type=product&#038;p=151730"},"modified":"2026-03-17T11:56:57","modified_gmt":"2026-03-17T10:56:57","slug":"nodoppningsknapp-larmknapp-gron-for-utomhus-ip67-extra-gediget-utforande-for-att-tala-tuffare-miljoer","status":"publish","type":"product","link":"https:\/\/secureus.se\/dk\/nodoppningsknapp-larmknapp-gron-for-utomhus-ip67-extra-gediget-utforande-for-att-tala-tuffare-miljoer\/","title":{"rendered":"N\u00f8d\u00e5bningsknap \u2013 Alarmknap Gr\u00f8n \u2013 Til udend\u00f8rs brug IP67 \u2013 Ekstra solidt design, der modst\u00e5r barske milj\u00f8er"},"content":{"rendered":"<h4 class=\"\" data-start=\"406\" data-end=\"455\"><strong data-start=\"411\" data-end=\"455\">N\u00f8dudl\u00f8serknap Udend\u00f8rs IP67 \u2013 Kan nulstilles<\/strong><\/h4>\n<p class=\"\" data-start=\"457\" data-end=\"750\">Denne nulstillelige n\u00f8dopkaldsknap (manuelt alarmtryk) er designet til at modst\u00e5 barske udend\u00f8rsmilj\u00f8er med h\u00f8j p\u00e5lidelighed. Med en IP67-klassificering er den vandt\u00e6t og st\u00f8vt\u00e6t, hvilket g\u00f8r den perfekt til installation i kr\u00e6vende milj\u00f8er som industri, parkeringspladser, lagerbygninger og andre udsatte steder.<\/p>\n<p class=\"\" data-start=\"752\" data-end=\"1029\">Knappen er designet med dobbeltpolede skiftekontakter og har et robust plasthus, der kan modst\u00e5 temperaturer fra <strong data-start=\"894\" data-end=\"914\">-25\u00b0C til +70\u00b0C<\/strong>. Dens nulstillingsfunktion g\u00f8r det nemt at nulstille knappen efter aktivering, hvilket reducerer behovet for udskiftning.<\/p>\n<p class=\"\" data-start=\"1031\" data-end=\"1220\">Leveres komplet med monteringsboks og t\u00e6tningsringe for sikker og t\u00e6t installation.<\/p>\n<p data-start=\"1031\" data-end=\"1220\"><span style=\"text-decoration: underline;\"><strong>Produktet har CE-certificering til det europ\u00e6iske og nordiske marked.<\/strong><\/span><\/p>\n<hr class=\"\" data-start=\"1222\" data-end=\"1225\" \/>\n<h4 class=\"\" data-start=\"1227\" data-end=\"1249\"><strong data-start=\"1234\" data-end=\"1249\">Egenskaber:<\/strong><\/h4>\n<ul data-start=\"1251\" data-end=\"1658\">\n<li class=\"\" data-start=\"1251\" data-end=\"1289\">\n<p class=\"\" data-start=\"1253\" data-end=\"1289\"><strong data-start=\"1253\" data-end=\"1272\">Effektkapacitet:<\/strong> 30V DC, maks. 2A<\/p>\n<\/li>\n<li class=\"\" data-start=\"1290\" data-end=\"1339\">\n<p class=\"\" data-start=\"1292\" data-end=\"1339\"><strong data-start=\"1292\" data-end=\"1308\">Beskyttelsesklasse:<\/strong> IP67 (vandt\u00e6t og st\u00f8vt\u00e6t)<\/p>\n<\/li>\n<li class=\"\" data-start=\"1382\" data-end=\"1426\">\n<p class=\"\" data-start=\"1384\" data-end=\"1426\"><strong data-start=\"1384\" data-end=\"1407\">Temperaturmodstand:<\/strong> -25\u00b0C til +70\u00b0C<\/p>\n<\/li>\n<li class=\"\" data-start=\"1427\" data-end=\"1466\">\n<p class=\"\" data-start=\"1429\" data-end=\"1466\"><strong data-start=\"1429\" data-end=\"1442\">Materiale:<\/strong> Holdbart plastikhus<\/p>\n<\/li>\n<li class=\"\" data-start=\"1523\" data-end=\"1593\">\n<p class=\"\" data-start=\"1525\" data-end=\"1593\"><strong data-start=\"1525\" data-end=\"1539\">Montering:<\/strong> V\u00e6gmontering med medf\u00f8lgende skruer og pakninger<\/p>\n<\/li>\n<li class=\"\" data-start=\"1594\" data-end=\"1658\">\n<p class=\"\" data-start=\"1596\" data-end=\"1658\"><strong data-start=\"1596\" data-end=\"1611\">Bruge:<\/strong> Alarmknap, n\u00f8d\u00e5bning, manuel alarmudl\u00f8sning<\/p>\n<\/li>\n<\/ul>\n<hr class=\"\" data-start=\"1660\" data-end=\"1663\" \/>\n<p class=\"\" data-start=\"1665\" data-end=\"1818\">En p\u00e5lidelig og professionel l\u00f8sning til alarmh\u00e5ndtering i s\u00e5rbare milj\u00f8er \u2013 v\u00e6lg <strong data-start=\"1746\" data-end=\"1796\">N\u00f8d\u00e5bningsknap Udend\u00f8rs IP67<\/strong>\u00a0for maksimal sikkerhed.<\/p>","protected":false},"excerpt":{"rendered":"<p><strong data-start=\"137\" data-end=\"181\">N\u00f8dudl\u00f8serknap Udend\u00f8rs IP67 \u2013 Kan nulstilles<\/strong><br data-start=\"181\" data-end=\"184\" \/>Robust alarmknap i IP67-klassificeret design til barske milj\u00f8er. Nulstillingsbart design, flere farvemuligheder og dobbeltpolet skiftekontakt for fleksibel alarmstyring.<\/p>","protected":false},"featured_media":151725,"template":"","meta":{"_acf_changed":false},"product_brand":[],"product_cat":[1830,4828,1332],"product_tag":[2937,2958],"class_list":{"0":"post-151730","1":"product","2":"type-product","3":"status-publish","4":"has-post-thumbnail","6":"product_cat-brandknappar","7":"product_cat-nodknappar","8":"product_cat-utrymning-tillbehor","9":"product_tag-oppnaknappar","10":"product_tag-stonehouse-produkt","11":"product_shipping_class-postnord-varubrev","12":"pa_brands-stonehouse-security","13":"pa_farg-gron","14":"pa_sakerhetssystem-larmtillbehor-elektronik","15":"tm-no-options","17":"first","18":"instock","19":"sale","20":"featured","21":"taxable","22":"shipping-taxable","23":"purchasable","24":"product-type-simple"},"acf":[],"_links":{"self":[{"href":"https:\/\/secureus.se\/dk\/wp-json\/wp\/v2\/product\/151730","targetHints":{"allow":["GET"]}}],"collection":[{"href":"https:\/\/secureus.se\/dk\/wp-json\/wp\/v2\/product"}],"about":[{"href":"https:\/\/secureus.se\/dk\/wp-json\/wp\/v2\/types\/product"}],"wp:featuredmedia":[{"embeddable":true,"href":"https:\/\/secureus.se\/dk\/wp-json\/wp\/v2\/media\/151725"}],"wp:attachment":[{"href":"https:\/\/secureus.se\/dk\/wp-json\/wp\/v2\/media?parent=151730"}],"wp:term":[{"taxonomy":"product_brand","embeddable":true,"href":"https:\/\/secureus.se\/dk\/wp-json\/wp\/v2\/product_brand?post=151730"},{"taxonomy":"product_cat","embeddable":true,"href":"https:\/\/secureus.se\/dk\/wp-json\/wp\/v2\/product_cat?post=151730"},{"taxonomy":"product_tag","embeddable":true,"href":"https:\/\/secureus.se\/dk\/wp-json\/wp\/v2\/product_tag?post=151730"}],"curies":[{"name":"wp","href":"https:\/\/api.w.org\/{rel}","templated":true}]}}