{"id":151816,"date":"2025-05-08T16:26:21","date_gmt":"2025-05-08T14:26:21","guid":{"rendered":"https:\/\/secureus.se\/aritech-kombi-rok-varme-detektor-dp721rt\/"},"modified":"2026-04-08T16:26:19","modified_gmt":"2026-04-08T14:26:19","slug":"aritech-kombi-rok-varme-detektor-dp721rt","status":"publish","type":"product","link":"https:\/\/secureus.se\/dk\/aritech-kombi-rok-varme-detektor-dp721rt\/","title":{"rendered":"Aritech Kombi R\u00f8g-Varmedetektor DP721RT"},"content":{"rendered":"<p>Kombineret r\u00f8g- og varmedetektor med udskifteligt r\u00f8gkammer, Optisk r\u00f8g- og varmedetektor, firetr\u00e5ds, forsyningssp\u00e6nding 8,5-33 VDC, Med skifterel\u00e6udgang, selvnulstillende IP43. Alle Aritech 700-seriens r\u00f8gdetektorer overv\u00e5ger l\u00f8bende deres f\u00f8lsomhed og driftsstatus. Baggrundsdrift kompenseres dagligt for at opretholde den oprindelige kalibrerede f\u00f8lsomhed inden for de kr\u00e6vede gr\u00e6nser. \u00c9n gang om dagen udf\u00f8rer detektoren en fuld diagnostisk test, der inkluderer dynamisk test af sensorkammeret og den interne elektronik. Hvis en detektor kommer uden for r\u00e6kkevidde eller ikke best\u00e5r den interne diagnostiske test, rapporteres dette tilbage til panelet og angives p\u00e5 detektoren som en fejl med en gul diode.<\/p>","protected":false},"excerpt":{"rendered":"<p>Kombineret r\u00f8g- og varmedetektor, udskifteligt r\u00f8gkammer. Optisk r\u00f8g- og varmedetektor. Fireleder, forsyningssp\u00e6nding 8,5-33 VDC. Med skifterel\u00e6udgang IP43<\/p>\n<p>Automatisk selvdiagnose<br \/>\nTest p\u00e5 stedet uden yderligere m\u00e5leudstyr<br \/>\nOptisk sensor med kammer, der kan udskiftes p\u00e5 stedet og genbruges (milj\u00f8venlig)<br \/>\nSeparate LED&#039;er til brand og fejl<br \/>\nKan drives af 12-24 VDC<\/p>","protected":false},"featured_media":151815,"template":"","meta":{"_acf_changed":false},"product_brand":[],"product_cat":[3373,4157],"product_tag":[],"class_list":{"0":"post-151816","1":"product","2":"type-product","3":"status-publish","4":"has-post-thumbnail","6":"product_cat-rokdetektorer","7":"product_cat-varmedetektor","8":"pa_brands-aritech","9":"tm-no-options","11":"first","12":"outofstock","13":"sale","14":"taxable","15":"shipping-taxable","16":"purchasable","17":"product-type-simple"},"acf":[],"_links":{"self":[{"href":"https:\/\/secureus.se\/dk\/wp-json\/wp\/v2\/product\/151816","targetHints":{"allow":["GET"]}}],"collection":[{"href":"https:\/\/secureus.se\/dk\/wp-json\/wp\/v2\/product"}],"about":[{"href":"https:\/\/secureus.se\/dk\/wp-json\/wp\/v2\/types\/product"}],"wp:featuredmedia":[{"embeddable":true,"href":"https:\/\/secureus.se\/dk\/wp-json\/wp\/v2\/media\/151815"}],"wp:attachment":[{"href":"https:\/\/secureus.se\/dk\/wp-json\/wp\/v2\/media?parent=151816"}],"wp:term":[{"taxonomy":"product_brand","embeddable":true,"href":"https:\/\/secureus.se\/dk\/wp-json\/wp\/v2\/product_brand?post=151816"},{"taxonomy":"product_cat","embeddable":true,"href":"https:\/\/secureus.se\/dk\/wp-json\/wp\/v2\/product_cat?post=151816"},{"taxonomy":"product_tag","embeddable":true,"href":"https:\/\/secureus.se\/dk\/wp-json\/wp\/v2\/product_tag?post=151816"}],"curies":[{"name":"wp","href":"https:\/\/api.w.org\/{rel}","templated":true}]}}