{"id":151986,"date":"2025-05-12T13:07:29","date_gmt":"2025-05-12T11:07:29","guid":{"rendered":"https:\/\/secureus.se\/?post_type=product&#038;p=151986"},"modified":"2026-04-08T15:10:10","modified_gmt":"2026-04-08T13:10:10","slug":"tryckcylinder-4484-3003-krom","status":"publish","type":"product","link":"https:\/\/secureus.se\/dk\/tryckcylinder-4484-3003-krom\/","title":{"rendered":"Trykcylinder 4484\/3003 Krom"},"content":{"rendered":"<p>ASSA ABLOY 4484 er en trykcylinder til afl\u00e5selige sikkerhedsh\u00e5ndtag 844-S, 876-S, 895-S og 8465-S. F\u00e5s med 11 stk. forskellige n\u00f8glenumre (l\u00e5se), 3000, 3001, 3002 osv. op til 3010, hvilket g\u00f8r det muligt at have den samme eller forskellige l\u00e5se. Kan bestilles med samme l\u00e5sning og samme l\u00e5sning som ASSA trykcylinder 7287, der anvendes til vinduesl\u00e5se 2820 og 2830. To ASSA 5525 n\u00f8gler medf\u00f8lger til hver cylinder.<\/p>\n<p><b>Egenskaber:<\/b><\/p>\n<ul>\n<li>Cylinder med 9 skraldeskiver<\/li>\n<li>F\u00e5s med flere forskellige l\u00e5semekanismer (f.eks. 3000, 3001, 30020 osv.)<\/li>\n<li>Nem at l\u00e5se med et tryk p\u00e5 cylinderen<\/li>\n<li>N\u00e5r n\u00f8glen drejes, springer cylinderen op, og l\u00e5sefunktionen oph\u00f8rer.<\/li>\n<li>Materiale: Messing og n\u00f8gler i forniklet st\u00e5l<\/li>\n<li>Overfladebehandling: Forkromet<\/li>\n<\/ul>","protected":false},"excerpt":{"rendered":"<p>Trykcylinder til afl\u00e5selige sikkerhedsh\u00e5ndtag 844-S, 876-S, 895-S og 8465-S.<\/p>","protected":false},"featured_media":151985,"template":"","meta":{"_acf_changed":false},"product_brand":[],"product_cat":[4177],"product_tag":[],"class_list":{"0":"post-151986","1":"product","2":"type-product","3":"status-publish","4":"has-post-thumbnail","6":"product_cat-tillbehor-spanjoletthandtag","7":"pa_brands-abloy","8":"tm-no-options","10":"first","11":"instock","12":"taxable","13":"shipping-taxable","14":"purchasable","15":"product-type-simple"},"acf":[],"_links":{"self":[{"href":"https:\/\/secureus.se\/dk\/wp-json\/wp\/v2\/product\/151986","targetHints":{"allow":["GET"]}}],"collection":[{"href":"https:\/\/secureus.se\/dk\/wp-json\/wp\/v2\/product"}],"about":[{"href":"https:\/\/secureus.se\/dk\/wp-json\/wp\/v2\/types\/product"}],"wp:featuredmedia":[{"embeddable":true,"href":"https:\/\/secureus.se\/dk\/wp-json\/wp\/v2\/media\/151985"}],"wp:attachment":[{"href":"https:\/\/secureus.se\/dk\/wp-json\/wp\/v2\/media?parent=151986"}],"wp:term":[{"taxonomy":"product_brand","embeddable":true,"href":"https:\/\/secureus.se\/dk\/wp-json\/wp\/v2\/product_brand?post=151986"},{"taxonomy":"product_cat","embeddable":true,"href":"https:\/\/secureus.se\/dk\/wp-json\/wp\/v2\/product_cat?post=151986"},{"taxonomy":"product_tag","embeddable":true,"href":"https:\/\/secureus.se\/dk\/wp-json\/wp\/v2\/product_tag?post=151986"}],"curies":[{"name":"wp","href":"https:\/\/api.w.org\/{rel}","templated":true}]}}