{"id":152407,"date":"2025-05-21T12:15:37","date_gmt":"2025-05-21T10:15:37","guid":{"rendered":"https:\/\/secureus.se\/?post_type=product&#038;p=152407"},"modified":"2026-04-13T16:12:21","modified_gmt":"2026-04-13T14:12:21","slug":"wifi-vaderstation-smart-och-appstyrd","status":"publish","type":"product","link":"https:\/\/secureus.se\/dk\/wifi-vaderstation-smart-och-appstyrd\/","title":{"rendered":"WiFi Vejrstation \u2013 Smart og App-styret \u2013 Hold styr p\u00e5 klimaet derhjemme og via din mobiltelefon"},"content":{"rendered":"<p class=\"\" data-start=\"997\" data-end=\"1103\">Placer hovedenheden indend\u00f8rs, placer sensoren udenfor p\u00e5 altanen eller i drivhuset \u2013 resten klares automatisk:<\/p>\n<ol data-start=\"1105\" data-end=\"1630\">\n<li class=\"\" data-start=\"1105\" data-end=\"1169\">\n<p class=\"\" data-start=\"1108\" data-end=\"1169\"><strong data-start=\"1108\" data-end=\"1133\">Tilslut str\u00f8madapteren<\/strong> (alternativt 3 \u00d7 AAA som backup).<\/p>\n<\/li>\n<li class=\"\" data-start=\"1170\" data-end=\"1318\">\n<p class=\"\" data-start=\"1173\" data-end=\"1318\"><strong data-start=\"1173\" data-end=\"1199\">Download \u201cStonehouse Smart\u201d<\/strong> (alternativt Tuya Smart \/ Smart Life) og par via Bluetooth\/Wi-Fi (2,4 GHz). Enheden indstiller selv tid og dato.<\/p>\n<\/li>\n<li class=\"\" data-start=\"1319\" data-end=\"1420\">\n<p class=\"\" data-start=\"1322\" data-end=\"1420\"><strong data-start=\"1322\" data-end=\"1341\">Monter sensoren<\/strong>, op til 100 m v\u00e6k. Hvis du har brug for flere zoner, skal du tilf\u00f8je sensor 2 og 3 i appen.<\/p>\n<\/li>\n<li class=\"\" data-start=\"1421\" data-end=\"1550\">\n<p class=\"\" data-start=\"1424\" data-end=\"1550\">F\u00f8lg alt i realtid: temperatur- og luftfugtighedstendenser, lufttryk, UV-indeks og stilfulde vejrikoner for de n\u00e6ste fire dage.<\/p>\n<\/li>\n<li class=\"\" data-start=\"1551\" data-end=\"1630\">\n<p class=\"\" data-start=\"1554\" data-end=\"1630\">S\u00e6t <strong data-start=\"1560\" data-end=\"1576\">maks.\/min.-alarm<\/strong> eller planl\u00e6g vanding\/alarmer via smart home-rutiner.<\/p>\n<\/li>\n<\/ol>\n<p class=\"\" data-start=\"1632\" data-end=\"1740\">Perfekt til hobbydrivhuse, sommerhuse eller bare til at holde et v\u00e5gent \u00f8je med klimaet og det kommende vejr.<\/p>\n<hr class=\"\" data-start=\"1742\" data-end=\"1745\" \/>\n<h2 class=\"\" data-start=\"1747\" data-end=\"1766\"><strong data-start=\"1750\" data-end=\"1766\">Teknisk data<\/strong><\/h2>\n<div class=\"_tableContainer_16hzy_1\">\n<div class=\"_tableWrapper_16hzy_14 group flex w-fit flex-col-reverse\">\n<table class=\"w-fit min-w-(--thread-content-width)\" data-start=\"1768\" data-end=\"2787\">\n<thead data-start=\"1768\" data-end=\"1789\">\n<tr data-start=\"1768\" data-end=\"1789\">\n<th data-start=\"1768\" data-end=\"1780\" data-col-size=\"sm\">Parameter<\/th>\n<th data-start=\"1780\" data-end=\"1789\" data-col-size=\"md\">V\u00e6rdi<\/th>\n<\/tr>\n<\/thead>\n<tbody data-start=\"1812\" data-end=\"2787\">\n<tr data-start=\"1812\" data-end=\"1905\">\n<td data-start=\"1812\" data-end=\"1831\" data-col-size=\"sm\">Str\u00f8mforsyning<\/td>\n<td data-col-size=\"md\" data-start=\"1831\" data-end=\"1905\">5 V \u2393 Str\u00f8madapter \/ 3 \u00d7 AAA (backup)<\/td>\n<\/tr>\n<tr data-start=\"1906\" data-end=\"1974\">\n<td data-start=\"1906\" data-end=\"1923\" data-col-size=\"sm\">Sensorbatteri<\/td>\n<td data-col-size=\"md\" data-start=\"1923\" data-end=\"1974\">2 \u00d7 AAA<\/td>\n<\/tr>\n<tr data-start=\"1975\" data-end=\"2063\">\n<td data-start=\"1975\" data-end=\"1984\" data-col-size=\"sm\">Effekt<\/td>\n<td data-col-size=\"md\" data-start=\"1984\" data-end=\"2063\">Station 3 W maks.; sensor 0,075 W maks.<\/td>\n<\/tr>\n<tr data-start=\"2064\" data-end=\"2155\">\n<td data-start=\"2064\" data-end=\"2082\" data-col-size=\"sm\">Temperatur indeni<\/td>\n<td data-start=\"2082\" data-end=\"2155\" data-col-size=\"md\">\u22129,9 \u2026 +50 \u00b0C (\u00b11 \u00b0C 0\u201340 \u00b0C)<\/td>\n<\/tr>\n<tr data-start=\"2156\" data-end=\"2237\">\n<td data-start=\"2156\" data-end=\"2173\" data-col-size=\"sm\">Temperatur udenfor<\/td>\n<td data-start=\"2173\" data-end=\"2237\" data-col-size=\"md\">\u221240 \u2026 +60 \u00b0C (\u00b12 \u00b0C)<\/td>\n<\/tr>\n<tr data-start=\"2238\" data-end=\"2310\">\n<td data-start=\"2238\" data-end=\"2245\" data-col-size=\"sm\">Fugtighed<\/td>\n<td data-start=\"2245\" data-end=\"2310\" data-col-size=\"md\">1 \u2026 99 % RF (\u00b15 % RF)<\/td>\n<\/tr>\n<tr data-start=\"2311\" data-end=\"2390\">\n<td data-start=\"2311\" data-end=\"2323\" data-col-size=\"sm\">Tryk<\/td>\n<td data-col-size=\"md\" data-start=\"2323\" data-end=\"2390\">900 \u2026 1050 hPa (\u00b15 hPa)<\/td>\n<\/tr>\n<tr data-start=\"2391\" data-end=\"2467\">\n<td data-start=\"2391\" data-end=\"2410\" data-col-size=\"sm\">Alarmlydstyrke<\/td>\n<td data-col-size=\"md\" data-start=\"2410\" data-end=\"2467\">70 dB @ 10 cm<\/td>\n<\/tr>\n<tr data-start=\"2468\" data-end=\"2546\">\n<td data-start=\"2468\" data-end=\"2486\" data-col-size=\"sm\">Sensorr\u00e6kkevidde<\/td>\n<td data-col-size=\"md\" data-start=\"2486\" data-end=\"2546\">\u2264 100 m frit udsyn<\/td>\n<\/tr>\n<tr data-start=\"2547\" data-end=\"2626\">\n<td data-start=\"2547\" data-end=\"2564\" data-col-size=\"sm\">Wi-Fi-r\u00e6kkevidde<\/td>\n<td data-col-size=\"md\" data-start=\"2564\" data-end=\"2626\">\u2264 25 m til router<\/td>\n<\/tr>\n<tr data-start=\"2627\" data-end=\"2685\">\n<td data-start=\"2627\" data-end=\"2646\" data-col-size=\"sm\">Hovedenhedens dimensioner<\/td>\n<td data-col-size=\"md\" data-start=\"2646\" data-end=\"2685\"><em data-start=\"2648\" data-end=\"2652\">om<\/em> 190 \u00d7 98 \u00d7 40 mm (fra manualen)<\/td>\n<\/tr>\n<tr data-start=\"2686\" data-end=\"2787\">\n<td data-start=\"2686\" data-end=\"2707\" data-col-size=\"sm\">Temperaturenheder<\/td>\n<td data-start=\"2707\" data-end=\"2787\" data-col-size=\"md\">\u00b0C \/ \u00b0F, skift med knap eller app<\/td>\n<\/tr>\n<\/tbody>\n<\/table>\n<div class=\"sticky end-(--thread-content-margin) h-0 self-end select-none\">\n<div class=\"absolute end-0 flex items-end\"><\/div>\n<\/div>\n<\/div>\n<\/div>\n<hr class=\"\" data-start=\"2789\" data-end=\"2792\" \/>\n<h2 class=\"\" data-start=\"2794\" data-end=\"2822\"><strong data-start=\"2797\" data-end=\"2822\">Funktioner og fordele<\/strong><\/h2>\n<div class=\"_tableContainer_16hzy_1\">\n<div class=\"_tableWrapper_16hzy_14 group flex w-fit flex-col-reverse\">\n<table class=\"w-fit min-w-(--thread-content-width)\" data-start=\"2824\" data-end=\"3764\">\n<thead data-start=\"2824\" data-end=\"2845\">\n<tr data-start=\"2824\" data-end=\"2845\">\n<th data-start=\"2824\" data-end=\"2835\" data-col-size=\"sm\">Feature<\/th>\n<th data-start=\"2835\" data-end=\"2845\" data-col-size=\"md\">Detalje<\/th>\n<\/tr>\n<\/thead>\n<tbody data-start=\"2868\" data-end=\"3764\">\n<tr data-start=\"2868\" data-end=\"2986\">\n<td data-start=\"2868\" data-end=\"2882\" data-col-size=\"sm\"><strong data-start=\"2870\" data-end=\"2881\">Vejrudsigt<\/strong><\/td>\n<td data-col-size=\"md\" data-start=\"2882\" data-end=\"2986\">Ikoner for sol, skyer, regn, sne med blinkende regn\/snestorm<\/td>\n<\/tr>\n<tr data-start=\"2987\" data-end=\"3103\">\n<td data-start=\"2987\" data-end=\"3005\" data-col-size=\"sm\"><strong data-start=\"2989\" data-end=\"3004\">Sensorunderst\u00f8ttelse<\/strong><\/td>\n<td data-col-size=\"md\" data-start=\"3005\" data-end=\"3103\">3 kanaler \u2013 skift manuelt eller lad stationen rulle<\/td>\n<\/tr>\n<tr data-start=\"3104\" data-end=\"3215\">\n<td data-start=\"3104\" data-end=\"3124\" data-col-size=\"sm\"><strong data-start=\"3106\" data-end=\"3123\">Min\/maks hukommelse<\/strong><\/td>\n<td data-col-size=\"md\" data-start=\"3124\" data-end=\"3215\">Dagens h\u00f8jeste\/laveste temperatur og RF nulstilles kl. 00:00<\/td>\n<\/tr>\n<tr data-start=\"3216\" data-end=\"3321\">\n<td data-start=\"3216\" data-end=\"3233\" data-col-size=\"sm\"><strong data-start=\"3218\" data-end=\"3232\">Smart alarm<\/strong><\/td>\n<td data-col-size=\"md\" data-start=\"3233\" data-end=\"3321\">Individuel ugentlig tidsplan for 3 alarmer (A1-A3)<\/td>\n<\/tr>\n<tr data-start=\"3322\" data-end=\"3441\">\n<td data-start=\"3322\" data-end=\"3345\" data-col-size=\"sm\"><strong data-start=\"3324\" data-end=\"3344\">Temperaturalarm<\/strong><\/td>\n<td data-col-size=\"md\" data-start=\"3345\" data-end=\"3441\">Indstil h\u00f8j\/lav gr\u00e6nse i appen \u2013 ikon + lyd p\u00e5 stationen<\/td>\n<\/tr>\n<tr data-start=\"3442\" data-end=\"3562\">\n<td data-start=\"3442\" data-end=\"3463\" data-col-size=\"sm\"><strong data-start=\"3444\" data-end=\"3462\">Baggrundsbelysning<\/strong><\/td>\n<td data-col-size=\"md\" data-start=\"3463\" data-end=\"3562\">H\u00f8j \/ Mellem \/ Lav \/ Slukket n\u00e5r den er tilsluttet str\u00f8madapteren, 10 sek. n\u00e5r den er tilsluttet batteri<\/td>\n<\/tr>\n<tr data-start=\"3563\" data-end=\"3657\">\n<td data-start=\"3563\" data-end=\"3576\" data-col-size=\"sm\"><strong data-start=\"3565\" data-end=\"3575\">Snooze<\/strong><\/td>\n<td data-col-size=\"md\" data-start=\"3576\" data-end=\"3657\">5 minutters snooze-funktion p\u00e5 alarmen<\/td>\n<\/tr>\n<tr data-start=\"3658\" data-end=\"3764\">\n<td data-start=\"3658\" data-end=\"3680\" data-col-size=\"sm\"><strong data-start=\"3660\" data-end=\"3679\">Lavt batteriniveau<\/strong><\/td>\n<td data-col-size=\"md\" data-start=\"3680\" data-end=\"3764\">Batteriikon for b\u00e5de station og sensor<\/td>\n<\/tr>\n<\/tbody>\n<\/table>\n<div class=\"sticky end-(--thread-content-margin) h-0 self-end select-none\">\n<div class=\"absolute end-0 flex items-end\"><\/div>\n<\/div>\n<\/div>\n<\/div>\n<hr class=\"\" data-start=\"3766\" data-end=\"3769\" \/>\n<h2 class=\"\" data-start=\"3771\" data-end=\"3796\"><strong data-start=\"3774\" data-end=\"3796\">Pakken indeholder<\/strong><\/h2>\n<ul data-start=\"3798\" data-end=\"3937\">\n<li class=\"\" data-start=\"3798\" data-end=\"3838\">\n<p class=\"\" data-start=\"3800\" data-end=\"3838\">1 \u00d7 Wi-Fi-vejrstation Hovedenhed \u2013 Kan ogs\u00e5 drives af 3 AAA-batterier \u2013 medf\u00f8lger ikke. Betragtes som backup)<\/p>\n<\/li>\n<li class=\"\" data-start=\"3839\" data-end=\"3878\">\n<p class=\"\" data-start=\"3841\" data-end=\"3878\">1 \u00d7 Temperatur- og fugtighedssensor (Drevet af 2 AAA-batterier \u2013 medf\u00f8lger ikke)<\/p>\n<\/li>\n<li class=\"\" data-start=\"3879\" data-end=\"3904\">\n<p class=\"\" data-start=\"3881\" data-end=\"3904\">1 \u00d7 Str\u00f8madapter til vejrstation, hovedenhed.<\/p>\n<\/li>\n<li class=\"\" data-start=\"3905\" data-end=\"3937\">\n<p class=\"\" data-start=\"3907\" data-end=\"3937\">1 \u00d7 Brugermanual\/Manual (18 sprog): SE, EN, DE, FR, ES, IT, DA, CS, PL, HU, FI, NL, LT, RO, PT, JP, RU<\/p>\n<\/li>\n<\/ul>\n<p class=\"\" data-start=\"3939\" data-end=\"3988\"><em data-start=\"3939\" data-end=\"3988\">(ekstra sensorer s\u00e6lges separat.)<\/em><\/p>","protected":false},"excerpt":{"rendered":"<ul data-start=\"101\" data-end=\"963\">\n<li class=\"\" data-start=\"101\" data-end=\"204\">\n<p class=\"\" data-start=\"103\" data-end=\"204\"><strong data-start=\"106\" data-end=\"133\">4-dages vejrudsigt online<\/strong> \u2013 downloades automatisk via Wi-Fi<\/p>\n<\/li>\n<li class=\"\" data-start=\"205\" data-end=\"317\">\n<p class=\"\" data-start=\"207\" data-end=\"317\"><strong data-start=\"210\" data-end=\"236\">Stonehouse Smart \/ Tuya \/ Smart Life (iOS\/Android)<\/strong> \u2013 alarmer, temperaturgrafer og push-notifikationer<\/p>\n<\/li>\n<li class=\"\" data-start=\"318\" data-end=\"436\">\n<p class=\"\" data-start=\"320\" data-end=\"436\"><strong data-start=\"324\" data-end=\"345\">Indend\u00f8rs + udend\u00f8rs klima<\/strong> \u2013 st\u00f8tte til <strong data-start=\"357\" data-end=\"380\">3 tr\u00e5dl\u00f8se sensorer<\/strong> (1 \u00d7 inkluderet)<\/p>\n<\/li>\n<li class=\"\" data-start=\"437\" data-end=\"523\">\n<p class=\"\" data-start=\"439\" data-end=\"523\"><strong data-start=\"442\" data-end=\"488\">Temperaturadvarsel og 3 separate v\u00e6kkeure<\/strong> \u2013 indstilles i app eller p\u00e5 enhed<\/p>\n<\/li>\n<li class=\"\" data-start=\"524\" data-end=\"619\">\n<p class=\"\" data-start=\"526\" data-end=\"619\"><strong data-start=\"529\" data-end=\"561\">Lufttryk, UV-indeks og m\u00e5nefase<\/strong> direkte p\u00e5 sk\u00e6rmen<\/p>\n<\/li>\n<li class=\"\" data-start=\"620\" data-end=\"747\">\n<p class=\"\" data-start=\"622\" data-end=\"747\"><strong data-start=\"625\" data-end=\"657\">Str\u00f8madapter + batteri-backup<\/strong> \u2013 Wi-Fi aktiv med str\u00f8madapter, 3 \u00d7 AAA som backup til stationen.<\/p>\n<\/li>\n<li class=\"\" data-start=\"748\" data-end=\"863\">\n<p class=\"\" data-start=\"750\" data-end=\"863\"><strong data-start=\"753\" data-end=\"780\">3-trins baggrundsbelysning<\/strong> eller 10 sekunders automatisk belysning ved batteridrift<\/p>\n<\/li>\n<li class=\"\" data-start=\"864\" data-end=\"963\">\n<p class=\"\" data-start=\"866\" data-end=\"963\"><strong data-start=\"869\" data-end=\"893\">100 m sensorr\u00e6kkevidde<\/strong> (frit udsyn) &amp; 25 m til router<\/p>\n<\/li>\n<\/ul>","protected":false},"featured_media":156034,"template":"","meta":{"_acf_changed":false},"product_brand":[],"product_cat":[4767],"product_tag":[],"class_list":{"0":"post-152407","1":"product","2":"type-product","3":"status-publish","4":"has-post-thumbnail","6":"product_cat-smart-klimat-vader","7":"pa_brands-stonehouse-smart","8":"tm-no-options","10":"first","11":"instock","12":"sale","13":"taxable","14":"shipping-taxable","15":"purchasable","16":"product-type-simple"},"acf":[],"_links":{"self":[{"href":"https:\/\/secureus.se\/dk\/wp-json\/wp\/v2\/product\/152407","targetHints":{"allow":["GET"]}}],"collection":[{"href":"https:\/\/secureus.se\/dk\/wp-json\/wp\/v2\/product"}],"about":[{"href":"https:\/\/secureus.se\/dk\/wp-json\/wp\/v2\/types\/product"}],"wp:featuredmedia":[{"embeddable":true,"href":"https:\/\/secureus.se\/dk\/wp-json\/wp\/v2\/media\/156034"}],"wp:attachment":[{"href":"https:\/\/secureus.se\/dk\/wp-json\/wp\/v2\/media?parent=152407"}],"wp:term":[{"taxonomy":"product_brand","embeddable":true,"href":"https:\/\/secureus.se\/dk\/wp-json\/wp\/v2\/product_brand?post=152407"},{"taxonomy":"product_cat","embeddable":true,"href":"https:\/\/secureus.se\/dk\/wp-json\/wp\/v2\/product_cat?post=152407"},{"taxonomy":"product_tag","embeddable":true,"href":"https:\/\/secureus.se\/dk\/wp-json\/wp\/v2\/product_tag?post=152407"}],"curies":[{"name":"wp","href":"https:\/\/api.w.org\/{rel}","templated":true}]}}