{"id":152591,"date":"2025-05-27T11:36:26","date_gmt":"2025-05-27T09:36:26","guid":{"rendered":"https:\/\/secureus.se\/?post_type=product&#038;p=152591"},"modified":"2026-04-08T16:20:48","modified_gmt":"2026-04-08T14:20:48","slug":"kortskrivare-fargo-dtc1250e-med-ethernet-dubbelsidig","status":"publish","type":"product","link":"https:\/\/secureus.se\/dk\/kortskrivare-fargo-dtc1250e-med-ethernet-dubbelsidig\/","title":{"rendered":"Kortprinter Fargo DTC1250e med Ethernet (dobbeltsidet)"},"content":{"rendered":"<p>Fargo DTC1250e er en af de hurtigste plastikkortprintere p\u00e5 markedet. Den kan producere dobbelt s\u00e5 mange kort p\u00e5 samme tid som andre f\u00f8rende konkurrenter. Dets kompakte design er fremragende til en r\u00e6kke forskellige kontormilj\u00f8er og kan integreres med andre HID-produkter, hvilket sikrer maksimal v\u00e6rdi. Det grafiske display muligg\u00f8r effektiv betjening, og printeren kan opgraderes til at inkludere en indbygget iCLASS SE\u00ae-encoder, hvilket muligg\u00f8r sikre ID-kort i \u00e9t problemfrit trin.<\/p>\n<p>Udskriver 6 sek.\/kort (K) eller 16 sek.\/kort (YMCKO)<\/p>\n<p>Udskriver i standard CR80- eller CR79-kortst\u00f8rrelser, inklusive PVC, PET og kl\u00e6bende bagside<\/p>\n<ul>\n<li>Enkeltsidede og dobbeltsidede modeller tilg\u00e6ngelige<\/li>\n<li>Mifare-kodning tilg\u00e6ngelig<\/li>\n<li>3 \u00e5rs producentgaranti p\u00e5 printer og printhoved<\/li>\n<\/ul>\n<p><strong>Produktv\u00e6gt<\/strong>: 7,00 kg<\/p>","protected":false},"excerpt":{"rendered":"<p>Fargo DTC1250e er en af de hurtigste plastikkortprintere p\u00e5 markedet. Den kan producere dobbelt s\u00e5 mange kort p\u00e5 samme tid som andre f\u00f8rende konkurrenter. Dens kompakte design er fantastisk til<\/p>","protected":false},"featured_media":152586,"template":"","meta":{"_acf_changed":false},"product_brand":[],"product_cat":[3206],"product_tag":[4863],"class_list":{"0":"post-152591","1":"product","2":"type-product","3":"status-publish","4":"has-post-thumbnail","6":"product_cat-fargo","7":"product_tag-pf","8":"pa_brands-fargo","9":"tm-no-options","11":"first","12":"instock","13":"sale","14":"taxable","15":"shipping-taxable","16":"purchasable","17":"product-type-simple"},"acf":[],"_links":{"self":[{"href":"https:\/\/secureus.se\/dk\/wp-json\/wp\/v2\/product\/152591","targetHints":{"allow":["GET"]}}],"collection":[{"href":"https:\/\/secureus.se\/dk\/wp-json\/wp\/v2\/product"}],"about":[{"href":"https:\/\/secureus.se\/dk\/wp-json\/wp\/v2\/types\/product"}],"wp:featuredmedia":[{"embeddable":true,"href":"https:\/\/secureus.se\/dk\/wp-json\/wp\/v2\/media\/152586"}],"wp:attachment":[{"href":"https:\/\/secureus.se\/dk\/wp-json\/wp\/v2\/media?parent=152591"}],"wp:term":[{"taxonomy":"product_brand","embeddable":true,"href":"https:\/\/secureus.se\/dk\/wp-json\/wp\/v2\/product_brand?post=152591"},{"taxonomy":"product_cat","embeddable":true,"href":"https:\/\/secureus.se\/dk\/wp-json\/wp\/v2\/product_cat?post=152591"},{"taxonomy":"product_tag","embeddable":true,"href":"https:\/\/secureus.se\/dk\/wp-json\/wp\/v2\/product_tag?post=152591"}],"curies":[{"name":"wp","href":"https:\/\/api.w.org\/{rel}","templated":true}]}}