{"id":153395,"date":"2025-06-24T13:00:07","date_gmt":"2025-06-24T11:00:07","guid":{"rendered":"https:\/\/secureus.se\/magicard-mc250ymckok-colour-ribbon-250-prints-4\/"},"modified":"2026-04-21T15:23:34","modified_gmt":"2026-04-21T13:23:34","slug":"magicard-mc250ymckok-colour-ribbon-250-prints","status":"publish","type":"product","link":"https:\/\/secureus.se\/dk\/magicard-mc250ymckok-colour-ribbon-250-prints\/","title":{"rendered":"F\u00e4rgband Magicard &#8211;  MC250YMCKOK (250 utskrifter)"},"content":{"rendered":"<h1>B\u00e5nd<br \/>\nMagicard &#8211; MC250YMCKOK (250 utskrifter)<\/h1>\n<p>F\u00e4rgband Magicard &#8211; MC250YMCKOK (250 utskrifter) \u00e4r ett f\u00e4rgband<br \/>\ntil udskrivning af plastikkort med skarpe farver, klar tekst og god<br \/>\ndetaljeret gengivelse. YMCKOK-b\u00e5ndtypen giver den korrekte kombination af farvepaneler og<br \/>\nBeskyttende overlay til professionel korttryk.<\/p>\n<p>Velegnet til ID-kort, adgangskort, medlemskort og andet<br \/>\nplastikkort, hvor h\u00f8j udskriftskvalitet og p\u00e5lidelighed er afg\u00f8rende<br \/>\nvigtig.<\/p>\n<ul>\n<li>Kapacitet: op til 250 udskrifter<\/li>\n<li>B\u00e5ndtype: YMCKOK<\/li>\n<li>Velegnet til dobbeltsidet korttryk<\/li>\n<li>Artikelnummer: MC250YMCKOK<\/li>\n<\/ul>\n<p><strong>Kompatibel med Magicard 300 &amp; Magicard E+<br \/>\nevent.<\/strong><\/p>\n<p><strong>Produktv\u00e6gt:<\/strong> 0,18 kg<\/p>","protected":false},"excerpt":{"rendered":"<p><span data-teams=\"true\">Robust RFID-tag med<strong> IP68-klassificering<\/strong>Kompakt design i overst\u00f8bt, industrielt holdbart materiale. Underst\u00f8tter LF, HF, UHF og kombinationer \u2013 ideel til industrielle milj\u00f8er.<\/span><\/p>\n<p>Hvis du har krav til milj\u00f8venlige produkter, anbefaler vi vores <span style=\"text-decoration: underline;\"><strong>Vortex Eco<\/strong><\/span>, den er lavet af 100% genbrugsmateriale \u2013 en gevinst for dig og milj\u00f8et.<\/p>\n<p><span style=\"text-decoration: underline;\">IP68 betyder, at produktet er fuldst\u00e6ndig st\u00f8vt\u00e6t og kan neds\u00e6nkes i vand i l\u00e6ngere tid uden at blive beskadiget.<\/span><\/p>","protected":false},"featured_media":153387,"template":"","meta":{"_acf_changed":false},"product_brand":[],"product_cat":[3216,4829],"product_tag":[4863],"class_list":{"0":"post-153395","1":"product","2":"type-product","3":"status-publish","4":"has-post-thumbnail","6":"product_cat-magicard-fargband-retransfer","7":"product_cat-magicard-300-band","8":"product_tag-pf","9":"pa_brands-magicard","10":"tm-has-options","12":"first","13":"instock","14":"sale","15":"taxable","16":"shipping-taxable","17":"purchasable","18":"product-type-simple"},"acf":[],"_links":{"self":[{"href":"https:\/\/secureus.se\/dk\/wp-json\/wp\/v2\/product\/153395","targetHints":{"allow":["GET"]}}],"collection":[{"href":"https:\/\/secureus.se\/dk\/wp-json\/wp\/v2\/product"}],"about":[{"href":"https:\/\/secureus.se\/dk\/wp-json\/wp\/v2\/types\/product"}],"wp:featuredmedia":[{"embeddable":true,"href":"https:\/\/secureus.se\/dk\/wp-json\/wp\/v2\/media\/153387"}],"wp:attachment":[{"href":"https:\/\/secureus.se\/dk\/wp-json\/wp\/v2\/media?parent=153395"}],"wp:term":[{"taxonomy":"product_brand","embeddable":true,"href":"https:\/\/secureus.se\/dk\/wp-json\/wp\/v2\/product_brand?post=153395"},{"taxonomy":"product_cat","embeddable":true,"href":"https:\/\/secureus.se\/dk\/wp-json\/wp\/v2\/product_cat?post=153395"},{"taxonomy":"product_tag","embeddable":true,"href":"https:\/\/secureus.se\/dk\/wp-json\/wp\/v2\/product_tag?post=153395"}],"curies":[{"name":"wp","href":"https:\/\/api.w.org\/{rel}","templated":true}]}}