{"id":153583,"date":"2025-06-27T16:17:10","date_gmt":"2025-06-27T14:17:10","guid":{"rendered":"https:\/\/secureus.se\/?post_type=product&#038;p=153583"},"modified":"2026-03-31T13:29:49","modified_gmt":"2026-03-31T11:29:49","slug":"ajax-indoorcam-4mp-svart-wifi-kamera-for-inomhusbruk","status":"publish","type":"product","link":"https:\/\/secureus.se\/dk\/ajax-indoorcam-4mp-svart-wifi-kamera-for-inomhusbruk\/","title":{"rendered":"Ajax IndoorCam 4MP Black - WiFi-kamera til indend\u00f8rs brug"},"content":{"rendered":"<p data-start=\"794\" data-end=\"1003\"><strong data-start=\"794\" data-end=\"812\">Ajax indend\u00f8rs kamera<\/strong> kombinerer avanceret sikkerhed med nem installation. Kameraet tilsluttes i Ajax-appen via QR-kode og begynder at streame med det samme - uanset om du bruger det alene eller sammen med en Ajax-hub.<\/p>\n<p data-start=\"1008\" data-end=\"1369\">Den indbyggede <strong data-start=\"1021\" data-end=\"1034\">AI-motoren<\/strong> og <strong data-start=\"1039\" data-end=\"1054\">PIR-sensoren<\/strong> minimerer falske alarmer ved at genkende mennesker, dyr og k\u00f8ret\u00f8jer. Hvis kameraet f\u00e5r \u00f8je p\u00e5 en person, sender det en push-meddelelse; tryk p\u00e5 den, og du er i live-tilstand p\u00e5 f\u00e5 sekunder. For at gennemse optagelser bagefter og filtrere p\u00e5 AI-begivenheder skal du forbinde kameraet til <strong data-start=\"1325\" data-end=\"1337\">Ajax NVR<\/strong> eller <strong data-start=\"1344\" data-end=\"1366\">Ajax-lagring i skyen<\/strong>.<\/p>\n<p data-start=\"1371\" data-end=\"1539\">Tak til <strong data-start=\"1381\" data-end=\"1416\">Juveler og Wings-protokoller<\/strong> IndoorCam forts\u00e6tter med at levere h\u00e6ndelser, alarmer og stillbilleder via din Ajax-hub, selv om Wi-Fi-netv\u00e6rket er nede.<\/p>\n<hr data-start=\"1541\" data-end=\"1544\" \/>\n<h2 data-start=\"1546\" data-end=\"1574\"><strong data-start=\"1549\" data-end=\"1574\">Funktioner og fordele<\/strong><\/h2>\n<div class=\"_tableContainer_16hzy_1\">\n<div class=\"_tableWrapper_16hzy_14 group flex w-fit flex-col-reverse\">\n<table class=\"w-fit min-w-(--thread-content-width)\" data-start=\"1576\" data-end=\"2442\">\n<thead data-start=\"1576\" data-end=\"1605\">\n<tr data-start=\"1576\" data-end=\"1605\">\n<th data-start=\"1576\" data-end=\"1591\" data-col-size=\"sm\"><strong data-start=\"1578\" data-end=\"1590\">Kategori<\/strong><\/th>\n<th data-start=\"1591\" data-end=\"1605\" data-col-size=\"md\"><strong data-start=\"1593\" data-end=\"1603\">Detalje<\/strong><\/th>\n<\/tr>\n<\/thead>\n<tbody data-start=\"1635\" data-end=\"2442\">\n<tr data-start=\"1635\" data-end=\"1693\">\n<td data-start=\"1635\" data-end=\"1647\" data-col-size=\"sm\"><strong data-start=\"1637\" data-end=\"1646\">Video<\/strong><\/td>\n<td data-col-size=\"md\" data-start=\"1647\" data-end=\"1693\">4 MP, 2560 \u00d7 1440 @ 25 fps, <strong data-start=\"1677\" data-end=\"1686\">H.264<\/strong>, HDR<\/td>\n<\/tr>\n<tr data-start=\"1694\" data-end=\"1731\">\n<td data-start=\"1694\" data-end=\"1711\" data-col-size=\"sm\"><strong data-start=\"1696\" data-end=\"1710\">Betragtningsvinkel<\/strong><\/td>\n<td data-col-size=\"md\" data-start=\"1711\" data-end=\"1731\">110 \u00b0 H \/ 60 \u00b0 V<\/td>\n<\/tr>\n<tr data-start=\"1732\" data-end=\"1787\">\n<td data-start=\"1732\" data-end=\"1750\" data-col-size=\"sm\"><strong data-start=\"1734\" data-end=\"1749\">IR-nattilstand<\/strong><\/td>\n<td data-col-size=\"md\" data-start=\"1750\" data-end=\"1787\">Op til 8 m, automatisk dag\/nat<\/td>\n<\/tr>\n<tr data-start=\"1788\" data-end=\"1862\">\n<td data-start=\"1788\" data-end=\"1804\" data-col-size=\"sm\"><strong data-start=\"1790\" data-end=\"1803\">AI analyse<\/strong><\/td>\n<td data-col-size=\"md\" data-start=\"1804\" data-end=\"1862\">Mennesker \/ dyr \/ k\u00f8ret\u00f8jer - fungerer selv uden opbevaring<\/td>\n<\/tr>\n<tr data-start=\"1863\" data-end=\"1929\">\n<td data-start=\"1863\" data-end=\"1880\" data-col-size=\"sm\"><strong data-start=\"1865\" data-end=\"1879\">PIR sensor<\/strong><\/td>\n<td data-col-size=\"md\" data-start=\"1880\" data-end=\"1929\">4 m d\u00e6kning, trigger-optagelse og push-meddelelser<\/td>\n<\/tr>\n<tr data-start=\"1930\" data-end=\"1996\">\n<td data-start=\"1930\" data-end=\"1941\" data-col-size=\"sm\"><strong data-start=\"1932\" data-end=\"1940\">Sund<\/strong><\/td>\n<td data-col-size=\"md\" data-start=\"1941\" data-end=\"1996\">2-vejs (mikrofon + 1,5 W h\u00f8jttaler), st\u00f8j- og ekkoreduktion<\/td>\n<\/tr>\n<tr data-start=\"1997\" data-end=\"2105\">\n<td data-start=\"1997\" data-end=\"2017\" data-col-size=\"sm\"><strong data-start=\"1999\" data-end=\"2016\">Meddelelse<\/strong><\/td>\n<td data-col-size=\"md\" data-start=\"2017\" data-end=\"2105\">Wi-Fi 802.11 b\/g\/n 2,4 GHz (\u2264 3 Mbit\/s)<br \/>\nJuveler \u2264 1 700 m<br \/>\nVinger til fotos<\/td>\n<\/tr>\n<tr data-start=\"2106\" data-end=\"2176\">\n<td data-start=\"2106\" data-end=\"2121\" data-col-size=\"sm\"><strong data-start=\"2108\" data-end=\"2120\">Sikkerhed<\/strong><\/td>\n<td data-col-size=\"md\" data-start=\"2121\" data-end=\"2176\">mTLS-kryptering, Secure Boot, NDAA-godkendt hardware<\/td>\n<\/tr>\n<tr data-start=\"2177\" data-end=\"2259\">\n<td data-start=\"2177\" data-end=\"2193\" data-col-size=\"sm\"><strong data-start=\"2179\" data-end=\"2192\">Scenarier<\/strong><\/td>\n<td data-col-size=\"md\" data-start=\"2193\" data-end=\"2259\">Start optagelse i tilf\u00e6lde af alarm, vis livebillede til alarmcentral osv.<\/td>\n<\/tr>\n<tr data-start=\"2260\" data-end=\"2321\">\n<td data-start=\"2260\" data-end=\"2272\" data-col-size=\"sm\"><strong data-start=\"2262\" data-end=\"2271\">Str\u00f8m<\/strong><\/td>\n<td data-col-size=\"md\" data-start=\"2272\" data-end=\"2321\">12 V DC (adapter med 1,5 m kabel medf\u00f8lger), \u2264 10 W<\/td>\n<\/tr>\n<tr data-start=\"2322\" data-end=\"2369\">\n<td data-start=\"2322\" data-end=\"2334\" data-col-size=\"sm\"><strong data-start=\"2324\" data-end=\"2333\">Milj\u00f8<\/strong><\/td>\n<td data-col-size=\"md\" data-start=\"2334\" data-end=\"2369\">0 ... +40 \u00b0C, \u2264 90 % RH, <strong data-start=\"2359\" data-end=\"2367\">IP20<\/strong><\/td>\n<\/tr>\n<tr data-start=\"2370\" data-end=\"2442\">\n<td data-start=\"2370\" data-end=\"2388\" data-col-size=\"sm\"><strong data-start=\"2372\" data-end=\"2387\">M\u00e5l \/ v\u00e6gt<\/strong><\/td>\n<td data-col-size=\"md\" data-start=\"2388\" data-end=\"2442\">Angives i manualen (\u2248 75 \u00d7 75 \u00d7 110 mm), v\u00e6gt ca. 200 g<\/td>\n<\/tr>\n<\/tbody>\n<\/table>\n<div class=\"sticky end-(--thread-content-margin) h-0 self-end select-none\">\n<div class=\"absolute end-0 flex items-end\"><\/div>\n<\/div>\n<\/div>\n<\/div>\n<hr data-start=\"2444\" data-end=\"2447\" \/>\n<h2 data-start=\"2449\" data-end=\"2480\"><strong data-start=\"2452\" data-end=\"2480\">Tekniske specifikationer<\/strong><\/h2>\n<div class=\"_tableContainer_16hzy_1\">\n<div class=\"_tableWrapper_16hzy_14 group flex w-fit flex-col-reverse\">\n<table class=\"w-fit min-w-(--thread-content-width)\" data-start=\"2482\" data-end=\"2922\">\n<thead data-start=\"2482\" data-end=\"2503\">\n<tr data-start=\"2482\" data-end=\"2503\">\n<th data-start=\"2482\" data-end=\"2494\" data-col-size=\"sm\">Parameter<\/th>\n<th data-start=\"2494\" data-end=\"2503\" data-col-size=\"md\">V\u00e6rdi<\/th>\n<\/tr>\n<\/thead>\n<tbody data-start=\"2526\" data-end=\"2922\">\n<tr data-start=\"2526\" data-end=\"2561\">\n<td data-start=\"2526\" data-end=\"2539\" data-col-size=\"sm\">L\u00f8sning<\/td>\n<td data-col-size=\"md\" data-start=\"2539\" data-end=\"2561\">4 MP (2560 \u00d7 1440)<\/td>\n<\/tr>\n<tr data-start=\"2562\" data-end=\"2587\">\n<td data-start=\"2562\" data-end=\"2577\" data-col-size=\"sm\">Billedhastighed<\/td>\n<td data-col-size=\"md\" data-start=\"2577\" data-end=\"2587\">25 fps<\/td>\n<\/tr>\n<tr data-start=\"2588\" data-end=\"2612\">\n<td data-start=\"2588\" data-end=\"2603\" data-col-size=\"sm\">Kompression<\/td>\n<td data-col-size=\"md\" data-start=\"2603\" data-end=\"2612\">H.264<\/td>\n<\/tr>\n<tr data-start=\"2613\" data-end=\"2639\">\n<td data-start=\"2613\" data-end=\"2619\" data-col-size=\"sm\">FOV<\/td>\n<td data-start=\"2619\" data-end=\"2639\" data-col-size=\"md\">110 \u00b0 H \/ 60 \u00b0 V<\/td>\n<\/tr>\n<tr data-start=\"2640\" data-end=\"2656\">\n<td data-start=\"2640\" data-end=\"2649\" data-col-size=\"sm\">IR LED<\/td>\n<td data-col-size=\"md\" data-start=\"2649\" data-end=\"2656\">8 m<\/td>\n<\/tr>\n<tr data-start=\"2657\" data-end=\"2677\">\n<td data-start=\"2657\" data-end=\"2670\" data-col-size=\"sm\">PIR-omr\u00e5de<\/td>\n<td data-col-size=\"md\" data-start=\"2670\" data-end=\"2677\">4 m<\/td>\n<\/tr>\n<tr data-start=\"2678\" data-end=\"2741\">\n<td data-start=\"2678\" data-end=\"2693\" data-col-size=\"sm\">Typer af udl\u00f8sere<\/td>\n<td data-col-size=\"md\" data-start=\"2693\" data-end=\"2741\">Bev\u00e6gelse, AI-objekter, detektoralarmer, scenarier<\/td>\n<\/tr>\n<tr data-start=\"2742\" data-end=\"2787\">\n<td data-start=\"2742\" data-end=\"2752\" data-col-size=\"sm\">Opbevaring<\/td>\n<td data-start=\"2752\" data-end=\"2787\" data-col-size=\"md\">Ajax NVR (HDD) eller Ajax Cloud<\/td>\n<\/tr>\n<tr data-start=\"2788\" data-end=\"2820\">\n<td data-start=\"2788\" data-end=\"2806\" data-col-size=\"sm\">Wi-Fi-hastighed<\/td>\n<td data-start=\"2806\" data-end=\"2820\" data-col-size=\"md\">\u2264 3 Mbit\/s<\/td>\n<\/tr>\n<tr data-start=\"2821\" data-end=\"2863\">\n<td data-start=\"2821\" data-end=\"2841\" data-col-size=\"sm\">Sortiment af juvelerer<\/td>\n<td data-start=\"2841\" data-end=\"2863\" data-col-size=\"md\">\u2264 1 700 m uhindret udsigt<\/td>\n<\/tr>\n<tr data-start=\"2864\" data-end=\"2899\">\n<td data-start=\"2864\" data-end=\"2872\" data-col-size=\"sm\">Str\u00f8m<\/td>\n<td data-start=\"2872\" data-end=\"2899\" data-col-size=\"md\">12 V DC (adapter medf\u00f8lger)<\/td>\n<\/tr>\n<tr data-start=\"2900\" data-end=\"2922\">\n<td data-start=\"2900\" data-end=\"2914\" data-col-size=\"sm\">Beskyttelsesklasse<\/td>\n<td data-start=\"2914\" data-end=\"2922\" data-col-size=\"md\">IP20<\/td>\n<\/tr>\n<\/tbody>\n<\/table>\n<div class=\"sticky end-(--thread-content-margin) h-0 self-end select-none\">\n<div class=\"absolute end-0 flex items-end\"><\/div>\n<\/div>\n<\/div>\n<\/div>\n<hr data-start=\"2924\" data-end=\"2927\" \/>\n<h2 data-start=\"2929\" data-end=\"2956\"><strong data-start=\"2932\" data-end=\"2956\">Backup-kommunikation<\/strong><\/h2>\n<div class=\"_tableContainer_16hzy_1\">\n<div class=\"_tableWrapper_16hzy_14 group flex w-fit flex-col-reverse\">\n<table class=\"w-fit min-w-(--thread-content-width)\" data-start=\"2958\" data-end=\"3142\">\n<thead data-start=\"2958\" data-end=\"3011\">\n<tr data-start=\"2958\" data-end=\"3011\">\n<th data-start=\"2958\" data-end=\"2967\" data-col-size=\"sm\">Prim\u00e6r<\/th>\n<th data-start=\"2967\" data-end=\"2976\" data-col-size=\"sm\">Backup<\/th>\n<th data-start=\"2976\" data-end=\"3011\" data-col-size=\"sm\">Hvad sendes i tilf\u00e6lde af Wi-Fi-afbrydelse?<\/th>\n<\/tr>\n<\/thead>\n<tbody data-start=\"3066\" data-end=\"3142\">\n<tr data-start=\"3066\" data-end=\"3142\">\n<td data-start=\"3066\" data-end=\"3082\" data-col-size=\"sm\">Wi-Fi 2,4 GHz<\/td>\n<td data-start=\"3082\" data-end=\"3115\" data-col-size=\"sm\">Jeweller + Wings via Ajax-hubb<\/td>\n<td data-start=\"3115\" data-end=\"3142\" data-col-size=\"sm\">Advarsler, begivenheder og fotos<\/td>\n<\/tr>\n<\/tbody>\n<\/table>\n<div class=\"sticky end-(--thread-content-margin) h-0 self-end select-none\">\n<div class=\"absolute end-0 flex items-end\"><\/div>\n<\/div>\n<\/div>\n<\/div>\n<hr data-start=\"3144\" data-end=\"3147\" \/>\n<h2 data-start=\"3149\" data-end=\"3170\"><strong data-start=\"3152\" data-end=\"3170\">Kompatibilitet<\/strong><\/h2>\n<p data-start=\"3172\" data-end=\"3269\">Hub 2 \/ Hub 2 (4G) \/ Hub 2 Plus \/ Hub BP \/ Hub Hybrid 4G \/ ReX 2 og alle <strong data-start=\"3247\" data-end=\"3259\">Ajax NVR<\/strong>-modeller.<\/p>\n<p data-start=\"3172\" data-end=\"3269\"><strong>Indeholder:<\/strong><br \/>\nKamera<br \/>\nVedh\u00e6ftet fil<br \/>\nPlug-in-transformer med 1,5 m kabel<\/p>","protected":false},"excerpt":{"rendered":"<ul>\n<li data-start=\"100\" data-end=\"177\">\n<p data-start=\"102\" data-end=\"177\"><strong data-start=\"105\" data-end=\"131\">4 MP video (2K) + HDR<\/strong> - Skarpe farver i b\u00e5de lyse og m\u00f8rke scener<\/p>\n<\/li>\n<li data-start=\"178\" data-end=\"259\">\n<p data-start=\"180\" data-end=\"259\"><strong data-start=\"183\" data-end=\"207\">AI-genkendelse + PIR<\/strong> - adskiller mennesker, dyr og k\u00f8ret\u00f8jer (r\u00e6kkevidde 4 m)<\/p>\n<\/li>\n<li data-start=\"260\" data-end=\"336\">\n<p data-start=\"262\" data-end=\"336\"><strong data-start=\"265\" data-end=\"289\">To-vejs kommunikation<\/strong> - Indbygget mikrofon (G.722) &amp; 85 dB h\u00f8jttaler<\/p>\n<\/li>\n<li data-start=\"337\" data-end=\"427\">\n<p data-start=\"339\" data-end=\"427\"><strong data-start=\"342\" data-end=\"383\">Wi-Fi 2,4 GHz + Jeweller\/Wings-backup<\/strong> - bevarer alarmer og billeder, hvis Wi-Fi g\u00e5r ned<\/p>\n<\/li>\n<li data-start=\"428\" data-end=\"515\">\n<p data-start=\"430\" data-end=\"515\"><strong data-start=\"433\" data-end=\"453\">Fleksibel opbevaring<\/strong> - lokalt p\u00e5 <strong data-start=\"466\" data-end=\"478\">Ajax NVR<\/strong> eller i <strong data-start=\"487\" data-end=\"501\">Ajax-skyen<\/strong> (kommer snart)<\/p>\n<\/li>\n<li data-start=\"516\" data-end=\"590\">\n<p data-start=\"518\" data-end=\"590\"><strong data-start=\"521\" data-end=\"559\">NDAA-kompatibel og krypteret (mTLS)<\/strong> - ingen forbudte komponenter<\/p>\n<\/li>\n<li data-start=\"591\" data-end=\"684\">\n<p data-start=\"593\" data-end=\"684\"><strong data-start=\"596\" data-end=\"625\">Scenarier og hub-kontrol<\/strong> - optage konstant eller kun, n\u00e5r alarmen er sl\u00e5et til<\/p>\n<\/li>\n<li data-start=\"685\" data-end=\"760\">\n<p data-start=\"687\" data-end=\"760\">\ud83d\udd0c <strong data-start=\"690\" data-end=\"724\">12 V DC-adapter (medf\u00f8lger) + IP20<\/strong> - Perfekt til hjemmet, kontoret og butikken<\/p>\n<\/li>\n<\/ul>","protected":false},"featured_media":155505,"template":"","meta":{"_acf_changed":false},"product_brand":[],"product_cat":[4011,3156],"product_tag":[4863],"class_list":{"0":"post-153583","1":"product","2":"type-product","3":"status-publish","4":"has-post-thumbnail","6":"product_cat-ajax-kameror","7":"product_cat-rorelse-och-kamera","8":"product_tag-pf","9":"pa_brands-ajax-systems","10":"pa_farg-svart","11":"tm-no-options","13":"first","14":"instock","15":"sale","16":"taxable","17":"shipping-taxable","18":"purchasable","19":"product-type-simple"},"acf":[],"_links":{"self":[{"href":"https:\/\/secureus.se\/dk\/wp-json\/wp\/v2\/product\/153583","targetHints":{"allow":["GET"]}}],"collection":[{"href":"https:\/\/secureus.se\/dk\/wp-json\/wp\/v2\/product"}],"about":[{"href":"https:\/\/secureus.se\/dk\/wp-json\/wp\/v2\/types\/product"}],"wp:featuredmedia":[{"embeddable":true,"href":"https:\/\/secureus.se\/dk\/wp-json\/wp\/v2\/media\/155505"}],"wp:attachment":[{"href":"https:\/\/secureus.se\/dk\/wp-json\/wp\/v2\/media?parent=153583"}],"wp:term":[{"taxonomy":"product_brand","embeddable":true,"href":"https:\/\/secureus.se\/dk\/wp-json\/wp\/v2\/product_brand?post=153583"},{"taxonomy":"product_cat","embeddable":true,"href":"https:\/\/secureus.se\/dk\/wp-json\/wp\/v2\/product_cat?post=153583"},{"taxonomy":"product_tag","embeddable":true,"href":"https:\/\/secureus.se\/dk\/wp-json\/wp\/v2\/product_tag?post=153583"}],"curies":[{"name":"wp","href":"https:\/\/api.w.org\/{rel}","templated":true}]}}