{"id":153623,"date":"2025-06-27T16:39:55","date_gmt":"2025-06-27T14:39:55","guid":{"rendered":"https:\/\/secureus.se\/ajax-speakerphone-vit\/"},"modified":"2026-03-31T13:29:49","modified_gmt":"2026-03-31T11:29:49","slug":"ajax-speakerphone-vit","status":"publish","type":"product","link":"https:\/\/secureus.se\/dk\/ajax-speakerphone-vit\/","title":{"rendered":"Ajax SpeakerPhone White - h\u00f8jttaler til alarmcentral, 2-vejs tr\u00e5dl\u00f8s"},"content":{"rendered":"<p data-start=\"755\" data-end=\"1123\"><strong data-start=\"755\" data-end=\"776\">Ajax h\u00f8jttalertelefon<\/strong> g\u00f8r alarmverifikation lige s\u00e5 hurtig som et telefonopkald. N\u00e5r en alarm g\u00e5r, slukkes sirenerne, og alarmcentralens operat\u00f8r forbindes med <strong data-start=\"912\" data-end=\"946\">klar fuld-duplex kommunikation<\/strong>Operat\u00f8ren kan lytte til lydmilj\u00f8et, tale med personer p\u00e5 stedet og straks beslutte, om sikkerhedsvagter, politi eller redningstjenester skal alarmeres \u2013 eller om det er falsk alarm.<\/p>\n<p data-start=\"1125\" data-end=\"1387\">Enheden fungerer uafh\u00e6ngigt via <strong data-start=\"1157\" data-end=\"1172\">Wi-Fi + SIP<\/strong> eller som en del af et Ajax-system (Hub 2 4G \/ Hub 2 Plus \/ Hub Hybrid 4G). Med hub-forbindelsen er den krypterede <strong data-start=\"1294\" data-end=\"1321\">Juveler\/Wings-backup<\/strong>, s\u00e5 begivenheder og taletrafik forts\u00e6tter selv under netv\u00e6rksafbrydelser.<\/p>\n<hr data-start=\"1389\" data-end=\"1392\" \/>\n<h2 data-start=\"1394\" data-end=\"1422\"><strong data-start=\"1397\" data-end=\"1422\">Funktioner og fordele<\/strong><\/h2>\n<div class=\"_tableContainer_16hzy_1\">\n<div class=\"_tableWrapper_16hzy_14 group flex w-fit flex-col-reverse\">\n<table class=\"w-fit min-w-(--thread-content-width)\" data-start=\"1424\" data-end=\"2136\">\n<thead data-start=\"1424\" data-end=\"1453\">\n<tr data-start=\"1424\" data-end=\"1453\">\n<th data-start=\"1424\" data-end=\"1439\" data-col-size=\"sm\"><strong data-start=\"1426\" data-end=\"1438\">Kategori<\/strong><\/th>\n<th data-start=\"1439\" data-end=\"1453\" data-col-size=\"md\"><strong data-start=\"1441\" data-end=\"1451\">Detalje<\/strong><\/th>\n<\/tr>\n<\/thead>\n<tbody data-start=\"1483\" data-end=\"2136\">\n<tr data-start=\"1483\" data-end=\"1555\">\n<td data-start=\"1483\" data-end=\"1494\" data-col-size=\"sm\"><strong data-start=\"1485\" data-end=\"1493\">Sund<\/strong><\/td>\n<td data-start=\"1494\" data-end=\"1555\" data-col-size=\"md\">103 dB maksimal lydstyrke, justerbar \u2022 G722 codec \u2022 AI ekkod\u00e6mpning<\/td>\n<\/tr>\n<tr data-start=\"1556\" data-end=\"1647\">\n<td data-start=\"1556\" data-end=\"1576\" data-col-size=\"sm\"><strong data-start=\"1558\" data-end=\"1575\">Meddelelse<\/strong><\/td>\n<td data-start=\"1576\" data-end=\"1647\" data-col-size=\"md\">Wi-Fi 2,4 GHz (\u2264 3 Mbit\/s) \u2022 Juveler \u2264 1.700 m \u2022 Wings fotokanaler<\/td>\n<\/tr>\n<tr data-start=\"1648\" data-end=\"1741\">\n<td data-start=\"1648\" data-end=\"1664\" data-col-size=\"sm\"><strong data-start=\"1650\" data-end=\"1663\">Protokol<\/strong><\/td>\n<td data-start=\"1664\" data-end=\"1741\" data-col-size=\"md\"><strong data-start=\"1666\" data-end=\"1676\">VoRF1\u2122<\/strong> (propriet\u00e6r) for lav latenstid \u2022 <strong data-start=\"1708\" data-end=\"1715\">NIPPE TIL<\/strong> til central integration<\/td>\n<\/tr>\n<tr data-start=\"1742\" data-end=\"1822\">\n<td data-start=\"1742\" data-end=\"1759\" data-col-size=\"sm\"><strong data-start=\"1744\" data-end=\"1758\">SIP-server<\/strong><\/td>\n<td data-start=\"1759\" data-end=\"1822\" data-col-size=\"md\">Kompatibel med Asterisk, ESI, Evalink Talos, Sentinel og andre.<\/td>\n<\/tr>\n<tr data-start=\"1823\" data-end=\"1912\">\n<td data-start=\"1823\" data-end=\"1836\" data-col-size=\"sm\"><strong data-start=\"1825\" data-end=\"1835\">Backup<\/strong><\/td>\n<td data-start=\"1836\" data-end=\"1912\" data-col-size=\"md\">Batteridrift \u2264 4 \u00e5rs standby \/ 12 timers tale \u2022 12 V DC ind = kontinuerlig drift<\/td>\n<\/tr>\n<tr data-start=\"1913\" data-end=\"1971\">\n<td data-start=\"1913\" data-end=\"1929\" data-col-size=\"sm\"><strong data-start=\"1915\" data-end=\"1928\">Kapacitet<\/strong><\/td>\n<td data-start=\"1929\" data-end=\"1971\" data-col-size=\"md\">Op til <strong data-start=\"1940\" data-end=\"1969\">10 h\u00f8jttalertelefoner pr. hub<\/strong><\/td>\n<\/tr>\n<tr data-start=\"1972\" data-end=\"2056\">\n<td data-start=\"1972\" data-end=\"1987\" data-col-size=\"sm\"><strong data-start=\"1974\" data-end=\"1986\">Sikkerhed<\/strong><\/td>\n<td data-start=\"1987\" data-end=\"2056\" data-col-size=\"md\">mTLS-kryptering, sikker opstart, IP50-kapsling, OTA fw-opdateringer<\/td>\n<\/tr>\n<tr data-start=\"2057\" data-end=\"2136\">\n<td data-start=\"2057\" data-end=\"2076\" data-col-size=\"sm\"><strong data-start=\"2059\" data-end=\"2075\">Installation<\/strong><\/td>\n<td data-start=\"2076\" data-end=\"2136\" data-col-size=\"md\">QR-kode i appen, anbefalet h\u00f8jde 1,6 m, v\u00e6g\/bord<\/td>\n<\/tr>\n<\/tbody>\n<\/table>\n<div class=\"sticky end-(--thread-content-margin) h-0 self-end select-none\">\n<div class=\"absolute end-0 flex items-end\"><\/div>\n<\/div>\n<\/div>\n<\/div>\n<hr data-start=\"2138\" data-end=\"2141\" \/>\n<h2 data-start=\"2143\" data-end=\"2174\"><strong data-start=\"2146\" data-end=\"2174\">Tekniske specifikationer<\/strong><\/h2>\n<div class=\"_tableContainer_16hzy_1\">\n<div class=\"_tableWrapper_16hzy_14 group flex w-fit flex-col-reverse\">\n<table class=\"w-fit min-w-(--thread-content-width)\" data-start=\"2176\" data-end=\"2630\">\n<thead data-start=\"2176\" data-end=\"2197\">\n<tr data-start=\"2176\" data-end=\"2197\">\n<th data-start=\"2176\" data-end=\"2188\" data-col-size=\"sm\">Parameter<\/th>\n<th data-start=\"2188\" data-end=\"2197\" data-col-size=\"sm\">V\u00e6rdi<\/th>\n<\/tr>\n<\/thead>\n<tbody data-start=\"2220\" data-end=\"2630\">\n<tr data-start=\"2220\" data-end=\"2272\">\n<td data-start=\"2220\" data-end=\"2250\" data-col-size=\"sm\">Tr\u00e5dl\u00f8s r\u00e6kkevidde (juveler)<\/td>\n<td data-start=\"2250\" data-end=\"2272\" data-col-size=\"sm\">\u2264 1 700 m uhindret udsigt<\/td>\n<\/tr>\n<tr data-start=\"2273\" data-end=\"2313\">\n<td data-start=\"2273\" data-end=\"2285\" data-col-size=\"sm\">Batterier<\/td>\n<td data-start=\"2285\" data-end=\"2313\" data-col-size=\"sm\">4 \u00d7 CR123A (3V) \u2013 medf\u00f8lger<\/td>\n<\/tr>\n<tr data-start=\"2314\" data-end=\"2367\">\n<td data-start=\"2314\" data-end=\"2333\" data-col-size=\"sm\">Batteri liv<\/td>\n<td data-start=\"2333\" data-end=\"2367\" data-col-size=\"sm\">\u2264 4 \u00e5rs standby \/ \u2264 12 timers taletid<\/td>\n<\/tr>\n<tr data-start=\"2368\" data-end=\"2405\">\n<td data-start=\"2368\" data-end=\"2383\" data-col-size=\"sm\">Ekstern str\u00f8mforsyning<\/td>\n<td data-start=\"2383\" data-end=\"2405\" data-col-size=\"sm\">12V DC \u00b110 %, 1A<\/td>\n<\/tr>\n<tr data-start=\"2406\" data-end=\"2447\">\n<td data-start=\"2406\" data-end=\"2420\" data-col-size=\"sm\">Maks. enheder<\/td>\n<td data-start=\"2420\" data-end=\"2447\" data-col-size=\"sm\">10 h\u00f8jttalertelefoner \/ hub<\/td>\n<\/tr>\n<tr data-start=\"2448\" data-end=\"2484\">\n<td data-start=\"2448\" data-end=\"2460\" data-col-size=\"sm\">Lydtryk<\/td>\n<td data-start=\"2460\" data-end=\"2484\" data-col-size=\"sm\">Op til 103 dB @ 1 m<\/td>\n<\/tr>\n<tr data-start=\"2485\" data-end=\"2523\">\n<td data-start=\"2485\" data-end=\"2497\" data-col-size=\"sm\">Temp.\/RF<\/td>\n<td data-start=\"2497\" data-end=\"2523\" data-col-size=\"sm\">0 \u2026 +40 \u00b0C \u2022 \u2264 75 % RF<\/td>\n<\/tr>\n<tr data-start=\"2524\" data-end=\"2543\">\n<td data-start=\"2524\" data-end=\"2535\" data-col-size=\"sm\">IP klasse<\/td>\n<td data-start=\"2535\" data-end=\"2543\" data-col-size=\"sm\">IP50<\/td>\n<\/tr>\n<tr data-start=\"2544\" data-end=\"2583\">\n<td data-start=\"2544\" data-end=\"2551\" data-col-size=\"sm\">M\u00e5le<\/td>\n<td data-start=\"2551\" data-end=\"2583\" data-col-size=\"sm\">\u00d8 \u2248 110 mm \u00d7 D \u2248 40 mm (type)<\/td>\n<\/tr>\n<tr data-start=\"2584\" data-end=\"2630\">\n<td data-start=\"2584\" data-end=\"2604\" data-col-size=\"sm\">Installationsh\u00f8jde<\/td>\n<td data-start=\"2604\" data-end=\"2630\" data-col-size=\"sm\">1,60 m (anbefalet)<\/td>\n<\/tr>\n<\/tbody>\n<\/table>\n<div class=\"sticky end-(--thread-content-margin) h-0 self-end select-none\">\n<div class=\"absolute end-0 flex items-end\"><\/div>\n<\/div>\n<\/div>\n<\/div>\n<hr data-start=\"2632\" data-end=\"2635\" \/>\n<h2 data-start=\"2637\" data-end=\"2662\"><strong data-start=\"2640\" data-end=\"2662\">Anvendelsesomr\u00e5der<\/strong><\/h2>\n<div class=\"_tableContainer_16hzy_1\">\n<div class=\"_tableWrapper_16hzy_14 group flex w-fit flex-col-reverse\">\n<table class=\"w-fit min-w-(--thread-content-width)\" data-start=\"2664\" data-end=\"3024\">\n<thead data-start=\"2664\" data-end=\"2681\">\n<tr data-start=\"2664\" data-end=\"2681\">\n<th data-start=\"2664\" data-end=\"2672\" data-col-size=\"sm\">Milj\u00f8<\/th>\n<th data-start=\"2672\" data-end=\"2681\" data-col-size=\"md\">Fordel<\/th>\n<\/tr>\n<\/thead>\n<tbody data-start=\"2700\" data-end=\"3024\">\n<tr data-start=\"2700\" data-end=\"2771\">\n<td data-start=\"2700\" data-end=\"2710\" data-col-size=\"sm\"><strong data-start=\"2702\" data-end=\"2709\">Hjem<\/strong><\/td>\n<td data-start=\"2710\" data-end=\"2771\" data-col-size=\"md\">Operat\u00f8ren kan straks registrere falske alarmer eller sende hj\u00e6lp<\/td>\n<\/tr>\n<tr data-start=\"2772\" data-end=\"2861\">\n<td data-start=\"2772\" data-end=\"2795\" data-col-size=\"sm\"><strong data-start=\"2774\" data-end=\"2794\">Erhverv og kontor<\/strong><\/td>\n<td data-start=\"2795\" data-end=\"2861\" data-col-size=\"md\">Hurtig reaktion ved indbrud, truende situationer eller brandalarmer<\/td>\n<\/tr>\n<tr data-start=\"2862\" data-end=\"2936\">\n<td data-start=\"2862\" data-end=\"2874\" data-col-size=\"sm\"><strong data-start=\"2864\" data-end=\"2873\">Butik<\/strong><\/td>\n<td data-start=\"2874\" data-end=\"2936\" data-col-size=\"md\">Afskr\u00e6k r\u00f8vere med stemmep\u00e5virkning, beskyt personale og kunder<\/td>\n<\/tr>\n<tr data-start=\"2937\" data-end=\"3024\">\n<td data-start=\"2937\" data-end=\"2966\" data-col-size=\"sm\"><strong data-start=\"2939\" data-end=\"2965\">\u00c6ldre- og plejehjem<\/strong><\/td>\n<td data-start=\"2966\" data-end=\"3024\" data-col-size=\"md\">Tovejskommunikation i tilf\u00e6lde af fald, h\u00e6ndelse eller panikalarm<\/td>\n<\/tr>\n<\/tbody>\n<\/table>\n<\/div>\n<\/div>","protected":false},"excerpt":{"rendered":"<ul>\n<li data-start=\"118\" data-end=\"211\">\n<p data-start=\"120\" data-end=\"211\"><strong data-start=\"123\" data-end=\"159\">Tovejslyd med fuld dupleks (VoRF1\u2122)<\/strong> - klar samtale mellem alarmcentral og objekt<\/p>\n<\/li>\n<li data-start=\"212\" data-end=\"306\">\n<p data-start=\"214\" data-end=\"306\"><strong data-start=\"217\" data-end=\"250\">Wi-Fi + Jeweller\/Wings-backup<\/strong> - begivenheder og tale fungerer, selv om netv\u00e6rket falder<\/p>\n<\/li>\n<li data-start=\"307\" data-end=\"394\">\n<p data-start=\"309\" data-end=\"394\"><strong data-start=\"312\" data-end=\"330\">Underst\u00f8ttelse af SIP-servere<\/strong> - integreres med Asterisk, ESI, Evalink Talos, Sentinel osv.<\/p>\n<\/li>\n<li data-start=\"395\" data-end=\"480\">\n<p data-start=\"397\" data-end=\"480\"><strong data-start=\"400\" data-end=\"441\">4 \u00d7 CR123A-batterier (\u2264 4 \u00e5rs standby)<\/strong> + 12 V DC-indgang som str\u00f8mforsyning\/backup<\/p>\n<\/li>\n<li data-start=\"481\" data-end=\"572\">\n<p data-start=\"483\" data-end=\"572\"><strong data-start=\"486\" data-end=\"511\">Lydstyrke op til 103 dB<\/strong> - kan h\u00f8res tydeligt i st\u00f8rre rum, op til 10 enheder\/hub<\/p>\n<\/li>\n<li data-start=\"573\" data-end=\"630\">\n<p data-start=\"575\" data-end=\"630\"><strong data-start=\"578\" data-end=\"598\">R\u00e6kkevidde 1 700 m<\/strong> (gratis visning) via Jeweller radio<\/p>\n<\/li>\n<li data-start=\"631\" data-end=\"721\">\n<p data-start=\"633\" data-end=\"721\"><strong data-start=\"637\" data-end=\"682\">NDAA-kompatibel, IP50- og OTA-opdateringer<\/strong> - fremtidssikret og vedligeholdelsesfri<\/p>\n<\/li>\n<\/ul>","protected":false},"featured_media":155465,"template":"","meta":{"_acf_changed":false},"product_brand":[],"product_cat":[3163],"product_tag":[4863],"class_list":{"0":"post-153623","1":"product","2":"type-product","3":"status-publish","4":"has-post-thumbnail","6":"product_cat-sirener","7":"product_tag-pf","8":"pa_brands-ajax-systems","9":"pa_farg-vit","10":"tm-no-options","12":"first","13":"onbackorder","14":"taxable","15":"shipping-taxable","16":"purchasable","17":"product-type-simple"},"acf":[],"_links":{"self":[{"href":"https:\/\/secureus.se\/dk\/wp-json\/wp\/v2\/product\/153623","targetHints":{"allow":["GET"]}}],"collection":[{"href":"https:\/\/secureus.se\/dk\/wp-json\/wp\/v2\/product"}],"about":[{"href":"https:\/\/secureus.se\/dk\/wp-json\/wp\/v2\/types\/product"}],"wp:featuredmedia":[{"embeddable":true,"href":"https:\/\/secureus.se\/dk\/wp-json\/wp\/v2\/media\/155465"}],"wp:attachment":[{"href":"https:\/\/secureus.se\/dk\/wp-json\/wp\/v2\/media?parent=153623"}],"wp:term":[{"taxonomy":"product_brand","embeddable":true,"href":"https:\/\/secureus.se\/dk\/wp-json\/wp\/v2\/product_brand?post=153623"},{"taxonomy":"product_cat","embeddable":true,"href":"https:\/\/secureus.se\/dk\/wp-json\/wp\/v2\/product_cat?post=153623"},{"taxonomy":"product_tag","embeddable":true,"href":"https:\/\/secureus.se\/dk\/wp-json\/wp\/v2\/product_tag?post=153623"}],"curies":[{"name":"wp","href":"https:\/\/api.w.org\/{rel}","templated":true}]}}