{"id":153998,"date":"2023-11-23T09:56:32","date_gmt":"2023-11-23T08:56:32","guid":{"rendered":"https:\/\/secureus.se\/kombidetektor-ir-mv-dt8012f4\/"},"modified":"2026-04-23T10:35:49","modified_gmt":"2026-04-23T08:35:49","slug":"kombidetektor-ir-mv-dt8012f4","status":"publish","type":"product","link":"https:\/\/secureus.se\/dk\/kombidetektor-ir-mv-dt8012f4\/","title":{"rendered":"Honeywell KOMBINERET IR\/MV-DETECTOR DT8012F4 - Alarmklasse 2"},"content":{"rendered":"<h1>Honeywell IR\/MV COMBID DETECTOR DT8012F4<\/h1>\n<p data-start=\"324\" data-end=\"1290\">Honeywell DT8012F4 IR\/MV COMBINED DETECTOR er en h\u00f8jkvalitetsdetektor, der kombinerer PIR (spejl) og mikrob\u00f8lgeteknologi for at give p\u00e5lidelig beskyttelse i kommercielle milj\u00f8er, hvor der kan v\u00e6re behov for et klasse 2-system.<\/p>\n<p data-start=\"324\" data-end=\"1290\">Den giver forbedret immunitet over for falske alarmer gennem patenterede l\u00f8sninger, herunder DualCore\u2122-signalbehandling, hvilket g\u00f8r den ideel til omr\u00e5der, der er vanskelige at beskytte med standardprodukter.<br data-start=\"750\" data-end=\"753\" \/>Denne detektor er nem at installere med en plug-in-funktion mellem bunddelen og detektordelen, hvilket reducerer installationstiden og -kompleksiteten.<\/p>\n<p data-start=\"324\" data-end=\"1290\">DT8012F4 har en r\u00e6kkevidde p\u00e5 12 x 17 m og en X-Band-mikrob\u00f8lgeteknologi p\u00e5 10,525 GHz, der sikrer optimal ydeevne for at beskytte dit rum.<br data-start=\"1057\" data-end=\"1060\" \/>Derudover har den en immunitet over for hvidt lys p\u00e5 6.500 lux og en immunitet over for k\u00e6ledyr p\u00e5 45 kg, hvilket g\u00f8r den velegnet til milj\u00f8er med k\u00e6ledyr.<\/p>\n<p data-start=\"324\" data-end=\"1290\">Detektoren har ogs\u00e5 EN50131-2-4 Grade 2 Class II-godkendelser for sikker installation.<\/p>\n<p data-start=\"1292\" data-end=\"1322\"><strong data-start=\"1292\" data-end=\"1320\">Funktioner og fordele:<\/strong><\/p>\n<ul data-start=\"1323\" data-end=\"1617\">\n<li data-start=\"1323\" data-end=\"1375\">\n<p data-start=\"1325\" data-end=\"1375\">Kombination af PIR og mikrob\u00f8lger giver h\u00f8j sikkerhed<\/p>\n<\/li>\n<li data-start=\"1376\" data-end=\"1444\">\n<p data-start=\"1378\" data-end=\"1444\">Forbedret immunitet over for falske alarmer gennem DualCore\u2122-signalbehandling<\/p>\n<\/li>\n<li data-start=\"1445\" data-end=\"1488\">\n<p data-start=\"1447\" data-end=\"1488\">Nem installation med plug-in-funktion<\/p>\n<\/li>\n<li data-start=\"1489\" data-end=\"1519\">\n<p data-start=\"1491\" data-end=\"1519\">Immunitet for k\u00e6ledyr p\u00e5 45 kg<\/p>\n<\/li>\n<li data-start=\"1520\" data-end=\"1551\">\n<p data-start=\"1522\" data-end=\"1551\">Optimal r\u00e6kkevidde: 12 x 17 m<\/p>\n<\/li>\n<li data-start=\"1552\" data-end=\"1617\">\n<p data-start=\"1554\" data-end=\"1617\">Immunitet over for hvidt lys p\u00e5 6.500 lux for h\u00f8j ydeevne i lyse omgivelser<\/p>\n<\/li>\n<\/ul>\n<p data-start=\"1619\" data-end=\"1650\"><strong data-start=\"1619\" data-end=\"1648\">Tekniske specifikationer:<\/strong><\/p>\n<ul data-start=\"1651\" data-end=\"2238\">\n<li data-start=\"1651\" data-end=\"1689\">\n<p data-start=\"1653\" data-end=\"1689\">Detektionstype: PIR + Mikrob\u00f8lgeovn<\/p>\n<\/li>\n<li data-start=\"1690\" data-end=\"1713\">\n<p data-start=\"1692\" data-end=\"1713\">Detektionszoner: 36<\/p>\n<\/li>\n<li data-start=\"1714\" data-end=\"1737\">\n<p data-start=\"1716\" data-end=\"1737\">R\u00e6kkevidde: 12 x 17 m<\/p>\n<\/li>\n<li data-start=\"1738\" data-end=\"1771\">\n<p data-start=\"1740\" data-end=\"1771\">Mikrob\u00f8lgefrekvens: 10,525 GHz<\/p>\n<\/li>\n<li data-start=\"1772\" data-end=\"1833\">\n<p data-start=\"1774\" data-end=\"1833\">RFI-immunitet: 20V\/m (10-1000 MHz), 15V\/m (1000-2700 MHz)<\/p>\n<\/li>\n<li data-start=\"1834\" data-end=\"1866\">\n<p data-start=\"1836\" data-end=\"1866\">Str\u00f8mforsyning: 9 - 15V DC<\/p>\n<\/li>\n<li data-start=\"1867\" data-end=\"1912\">\n<p data-start=\"1869\" data-end=\"1912\">Str\u00f8mforbrug: 14 mA (maks. ved 12 V DC)<\/p>\n<\/li>\n<li data-start=\"1913\" data-end=\"1948\">\n<p data-start=\"1915\" data-end=\"1948\">Monteringsh\u00f8jde: 2,3 m (optimalt)<\/p>\n<\/li>\n<li data-start=\"1949\" data-end=\"1978\">\n<p data-start=\"1951\" data-end=\"1978\">Alarmrel\u00e6: 30 mA @ 25 V DC<\/p>\n<\/li>\n<li data-start=\"1979\" data-end=\"2008\">\n<p data-start=\"1981\" data-end=\"2008\">Sabotage: 30 mA ved 25 V DC<\/p>\n<\/li>\n<li data-start=\"2009\" data-end=\"2037\">\n<p data-start=\"2011\" data-end=\"2037\">Immunitet for k\u00e6ledyr: 45 kg<\/p>\n<\/li>\n<li data-start=\"2038\" data-end=\"2069\">\n<p data-start=\"2040\" data-end=\"2069\">Immunitet over for hvidt lys: 6.500 lux<\/p>\n<\/li>\n<li data-start=\"2070\" data-end=\"2106\">\n<p data-start=\"2072\" data-end=\"2106\">Driftstemperatur: -10 til +55 \u00b0C<\/p>\n<\/li>\n<li data-start=\"2107\" data-end=\"2134\">\n<p data-start=\"2109\" data-end=\"2134\">M\u00e5l: 98 x 57 x 43,5 mm<\/p>\n<\/li>\n<li data-start=\"2135\" data-end=\"2150\">\n<p data-start=\"2137\" data-end=\"2150\">V\u00e6gt: 135 g<\/p>\n<\/li>\n<li data-start=\"2151\" data-end=\"2238\">\n<p data-start=\"2153\" data-end=\"2238\">Godkendelser: EN50131-2-4 Grade 2 Class II, INCERT, IMQ, SBSC, FG, F&amp;P, NCP, GOST-R<\/p>\n<\/li>\n<\/ul>","protected":false},"excerpt":{"rendered":"<p>Kombinationsdetektor med PIR- og mikrob\u00f8lgeteknologi, ideel til kommercielle milj\u00f8er.<\/p>\n<p>12 x 17 m r\u00e6kkevidde, forbedret immunitet mod falsk alarm og nem installation.<\/p>","protected":false},"featured_media":138676,"template":"","meta":{"_acf_changed":false},"product_brand":[],"product_cat":[1324,1325],"product_tag":[2146,2465],"class_list":{"0":"post-153998","1":"product","2":"type-product","3":"status-publish","4":"has-post-thumbnail","6":"product_cat-outlet","7":"product_cat-larmgivare-skalskydd","8":"product_tag-rorelsedetektor-kombidetektorer","9":"product_tag-sbsc-larmklass2","10":"product_shipping_class-postnord-varubrev","11":"pa_brands-honeywell","12":"tm-no-options","14":"first","15":"instock","16":"sale","17":"taxable","18":"shipping-taxable","19":"purchasable","20":"product-type-simple"},"acf":[],"_links":{"self":[{"href":"https:\/\/secureus.se\/dk\/wp-json\/wp\/v2\/product\/153998","targetHints":{"allow":["GET"]}}],"collection":[{"href":"https:\/\/secureus.se\/dk\/wp-json\/wp\/v2\/product"}],"about":[{"href":"https:\/\/secureus.se\/dk\/wp-json\/wp\/v2\/types\/product"}],"wp:featuredmedia":[{"embeddable":true,"href":"https:\/\/secureus.se\/dk\/wp-json\/wp\/v2\/media\/138676"}],"wp:attachment":[{"href":"https:\/\/secureus.se\/dk\/wp-json\/wp\/v2\/media?parent=153998"}],"wp:term":[{"taxonomy":"product_brand","embeddable":true,"href":"https:\/\/secureus.se\/dk\/wp-json\/wp\/v2\/product_brand?post=153998"},{"taxonomy":"product_cat","embeddable":true,"href":"https:\/\/secureus.se\/dk\/wp-json\/wp\/v2\/product_cat?post=153998"},{"taxonomy":"product_tag","embeddable":true,"href":"https:\/\/secureus.se\/dk\/wp-json\/wp\/v2\/product_tag?post=153998"}],"curies":[{"name":"wp","href":"https:\/\/api.w.org\/{rel}","templated":true}]}}