{"id":154203,"date":"2024-03-15T09:44:29","date_gmt":"2024-03-15T08:44:29","guid":{"rendered":"https:\/\/secureus.se\/cylinderring-16mm-rokoko-nickel-3\/"},"modified":"2026-03-25T15:41:34","modified_gmt":"2026-03-25T14:41:34","slug":"cylinderring-16mm-rokoko-nickel","status":"publish","type":"product","link":"https:\/\/secureus.se\/dk\/cylinderring-16mm-rokoko-nickel\/","title":{"rendered":"Cylinderring 16mm Rokoko Nikkel"},"content":{"rendered":"<p><b>Beskrivelse:\u00a0<br \/><\/b><br \/>\nASSA ABLOY Cylinderring til oval rokoko cylinder (indvendig). F\u00e5s i flere forskellige st\u00f8rrelser. H\u00f8jde p\u00e5 cylinderringe og l\u00e6ngde af skrue bestemmes af tykkelsen af d\u00f8ren og placeringen af l\u00e5sehuset. ASSA ABLOY ovale cylinderringe er inkluderet i cylindertilbeh\u00f8r 2256 og 18256.\u00a0\u00a0<\/p>\n<div><\/div>\n<div><b>Egenskaber:\u00a0<\/b><\/div>\n<div>\n<ul>\n<li>Til samling sammen med oval rokoko cylinder<\/li>\n<li>F\u00e5s i st\u00f8rrelserne: 6, 8, 11, 13, 16, 18, 21 og 24 mm\u00a0<\/li>\n<li>Materiale: Messing<\/li>\n<\/ul>\n<\/div>","protected":false},"excerpt":{"rendered":"<p>Beskrivelse: ASSA ABLOY Cylinderring til oval rokoko cylinder (indvendig). F\u00e5s i flere forskellige st\u00f8rrelser. H\u00f8jde p\u00e5 cylinderringe og l\u00e6ngde af skrue bestemmes af tykkelsen af d\u00f8ren og placeringen af l\u00e5sehuset. ASSA<\/p>","protected":false},"featured_media":138032,"template":"","meta":{"_acf_changed":false},"product_brand":[],"product_cat":[3254],"product_tag":[],"class_list":{"0":"post-154203","1":"product","2":"type-product","3":"status-publish","4":"has-post-thumbnail","6":"product_cat-cylinderringar","7":"product_shipping_class-postnord-varubrev","8":"pa_brands-abloy","9":"tm-no-options","11":"first","12":"instock","13":"taxable","14":"shipping-taxable","15":"purchasable","16":"product-type-simple"},"acf":[],"_links":{"self":[{"href":"https:\/\/secureus.se\/dk\/wp-json\/wp\/v2\/product\/154203","targetHints":{"allow":["GET"]}}],"collection":[{"href":"https:\/\/secureus.se\/dk\/wp-json\/wp\/v2\/product"}],"about":[{"href":"https:\/\/secureus.se\/dk\/wp-json\/wp\/v2\/types\/product"}],"wp:featuredmedia":[{"embeddable":true,"href":"https:\/\/secureus.se\/dk\/wp-json\/wp\/v2\/media\/138032"}],"wp:attachment":[{"href":"https:\/\/secureus.se\/dk\/wp-json\/wp\/v2\/media?parent=154203"}],"wp:term":[{"taxonomy":"product_brand","embeddable":true,"href":"https:\/\/secureus.se\/dk\/wp-json\/wp\/v2\/product_brand?post=154203"},{"taxonomy":"product_cat","embeddable":true,"href":"https:\/\/secureus.se\/dk\/wp-json\/wp\/v2\/product_cat?post=154203"},{"taxonomy":"product_tag","embeddable":true,"href":"https:\/\/secureus.se\/dk\/wp-json\/wp\/v2\/product_tag?post=154203"}],"curies":[{"name":"wp","href":"https:\/\/api.w.org\/{rel}","templated":true}]}}