{"id":154639,"date":"2025-08-01T12:08:38","date_gmt":"2025-08-01T10:08:38","guid":{"rendered":"https:\/\/secureus.se\/?post_type=product&#038;p=154639"},"modified":"2026-03-10T11:06:07","modified_gmt":"2026-03-10T10:06:07","slug":"fireprotect-2-ac-varme-rok-230v","status":"publish","type":"product","link":"https:\/\/secureus.se\/dk\/fireprotect-2-ac-varme-rok-230v\/","title":{"rendered":"FireProtect 2 AC - (varme\/r\u00f8g) 230V"},"content":{"rendered":"<h3 data-start=\"124\" data-end=\"213\"><strong data-start=\"128\" data-end=\"213\">Ajax FireProtect 2 AC - R\u00f8g-\/varmedetektor med indbygget sirene og lysindikation - Tr\u00e5dl\u00f8s kommunikation og nettilslutning<\/strong><\/h3>\n<p data-start=\"215\" data-end=\"455\">Denne avancerede r\u00f8g- og varmedetektor er designet til indend\u00f8rs installation og kombinerer tr\u00e5dl\u00f8s kommunikation med str\u00f8mforsyning (110-240 VAC). Den er udstyret med en indbygget sirene og r\u00f8d lysindikation, der aktiveres i tilf\u00e6lde af alarm.<\/p>\n<h4 data-start=\"457\" data-end=\"477\"><strong data-start=\"462\" data-end=\"477\">Funktioner:<\/strong><\/h4>\n<ul data-start=\"478\" data-end=\"1123\">\n<li data-start=\"478\" data-end=\"569\">\n<p data-start=\"480\" data-end=\"569\"><strong data-start=\"480\" data-end=\"503\">Dobbelt detektion:<\/strong> Alarmerer b\u00e5de i tilf\u00e6lde af r\u00f8g i kammeret og hurtige temperatur\u00e6ndringer.<\/p>\n<\/li>\n<li data-start=\"570\" data-end=\"618\">\n<p data-start=\"572\" data-end=\"618\"><strong data-start=\"572\" data-end=\"590\">Indbygget sirene:<\/strong> 85 dB i en afstand af 3 meter.<\/p>\n<\/li>\n<li data-start=\"619\" data-end=\"682\">\n<p data-start=\"621\" data-end=\"682\"><strong data-start=\"621\" data-end=\"640\">Lysindikation:<\/strong> Tydelig visuel alarmindikator (r\u00f8dt lys).<\/p>\n<\/li>\n<li data-start=\"683\" data-end=\"810\">\n<p data-start=\"685\" data-end=\"810\"><strong data-start=\"685\" data-end=\"709\">Synkroniserede alarmer:<\/strong> Mulighed for at konfigurere, at alle detektorer i systemet lyder samtidigt i tilf\u00e6lde af en alarm fra en enhed.<\/p>\n<\/li>\n<li data-start=\"811\" data-end=\"934\">\n<p data-start=\"813\" data-end=\"934\"><strong data-start=\"813\" data-end=\"827\">Selvtestning:<\/strong> Regelm\u00e6ssige funktions- og statustests, herunder advarsler om lavt batteriniveau og behov for reng\u00f8ring.<\/p>\n<\/li>\n<li data-start=\"935\" data-end=\"1025\">\n<p data-start=\"937\" data-end=\"1025\"><strong data-start=\"937\" data-end=\"959\">M\u00e5ling af temperatur:<\/strong> Indbygget temperatursensor til overv\u00e5gning af omgivelsestemperatur.<\/p>\n<\/li>\n<li data-start=\"1026\" data-end=\"1123\">\n<p data-start=\"1028\" data-end=\"1123\"><strong data-start=\"1028\" data-end=\"1049\">Stand-alone drift:<\/strong> Fungerer ogs\u00e5 som en traditionel r\u00f8galarm uden tilslutning til et system.<\/p>\n<\/li>\n<\/ul>\n<h4 data-start=\"1125\" data-end=\"1149\"><strong data-start=\"1130\" data-end=\"1149\">Kompatibilitet:<\/strong><\/h4>\n<ul data-start=\"1150\" data-end=\"1220\">\n<li data-start=\"1150\" data-end=\"1162\">\n<p data-start=\"1152\" data-end=\"1162\">Hub Plus<\/p>\n<\/li>\n<li data-start=\"1163\" data-end=\"1172\">\n<p data-start=\"1165\" data-end=\"1172\">Hub 2<\/p>\n<\/li>\n<li data-start=\"1173\" data-end=\"1187\">\n<p data-start=\"1175\" data-end=\"1187\">Hub 2 Plus<\/p>\n<\/li>\n<li data-start=\"1188\" data-end=\"1202\">\n<p data-start=\"1190\" data-end=\"1202\">Nav-hybrid<\/p>\n<\/li>\n<li data-start=\"1203\" data-end=\"1210\">\n<p data-start=\"1205\" data-end=\"1210\">ReX<\/p>\n<\/li>\n<li data-start=\"1211\" data-end=\"1220\">\n<p data-start=\"1213\" data-end=\"1220\">Rex 2<\/p>\n<\/li>\n<\/ul>\n<h4 data-start=\"1222\" data-end=\"1251\"><strong data-start=\"1227\" data-end=\"1251\">Teknisk information:<\/strong><\/h4>\n<ul data-start=\"1252\" data-end=\"1558\">\n<li data-start=\"1252\" data-end=\"1307\">\n<p data-start=\"1254\" data-end=\"1307\"><strong data-start=\"1254\" data-end=\"1275\">Tr\u00e5dl\u00f8s r\u00e6kkevidde:<\/strong> Op til 1700 m i \u00e5bent terr\u00e6n<\/p>\n<\/li>\n<li data-start=\"1308\" data-end=\"1345\">\n<p data-start=\"1310\" data-end=\"1345\"><strong data-start=\"1310\" data-end=\"1331\">Forsyningssp\u00e6nding:<\/strong> 110-240 VAC<\/p>\n<\/li>\n<li data-start=\"1346\" data-end=\"1379\">\n<p data-start=\"1348\" data-end=\"1379\"><strong data-start=\"1348\" data-end=\"1366\">Backup batteri:<\/strong> 1 \u00d7 CR123A<\/p>\n<\/li>\n<li data-start=\"1380\" data-end=\"1420\">\n<p data-start=\"1382\" data-end=\"1420\"><strong data-start=\"1382\" data-end=\"1403\">Arbejdstemperatur:<\/strong> 0\u00b0C til +50\u00b0C<\/p>\n<\/li>\n<li data-start=\"1421\" data-end=\"1476\">\n<p data-start=\"1423\" data-end=\"1476\"><strong data-start=\"1423\" data-end=\"1441\">Fugtighed:<\/strong> Op til 80 % (ikke-kondenserende)<\/p>\n<\/li>\n<li data-start=\"1477\" data-end=\"1558\">\n<p data-start=\"1479\" data-end=\"1558\"><strong data-start=\"1479\" data-end=\"1503\">Alarmt\u00e6rskel (opvarmning):<\/strong> +64 \u00b0C eller temperaturstigning p\u00e5 10 \u00b0C inden for 1 minut<\/p>\n<\/li>\n<\/ul>","protected":false},"excerpt":{"rendered":"<p><strong data-start=\"119\" data-end=\"189\">Smart r\u00f8g- og varmedetektor med indbygget sirene og lysindikation.<\/strong> Alarmerer ved r\u00f8g eller hurtige temperaturstigninger og kan synkroniseres med andre detektorer i systemet. Drives af 110-240 VAC med batteribackup. Fungerer b\u00e5de selvst\u00e6ndigt og med Ajax-enheder som Hub 2, Hub Plus og ReX. Op til 1700 m tr\u00e5dl\u00f8s r\u00e6kkevidde.<\/p>","protected":false},"featured_media":155444,"template":"","meta":{"_acf_changed":false},"product_brand":[],"product_cat":[3159],"product_tag":[4863],"class_list":{"0":"post-154639","1":"product","2":"type-product","3":"status-publish","4":"has-post-thumbnail","6":"product_cat-brandvarnare","7":"product_tag-pf","8":"pa_brands-ajax-systems","9":"pa_farg-vit","10":"tm-no-options","12":"first","13":"instock","14":"taxable","15":"shipping-taxable","16":"purchasable","17":"product-type-simple"},"acf":[],"_links":{"self":[{"href":"https:\/\/secureus.se\/dk\/wp-json\/wp\/v2\/product\/154639","targetHints":{"allow":["GET"]}}],"collection":[{"href":"https:\/\/secureus.se\/dk\/wp-json\/wp\/v2\/product"}],"about":[{"href":"https:\/\/secureus.se\/dk\/wp-json\/wp\/v2\/types\/product"}],"wp:featuredmedia":[{"embeddable":true,"href":"https:\/\/secureus.se\/dk\/wp-json\/wp\/v2\/media\/155444"}],"wp:attachment":[{"href":"https:\/\/secureus.se\/dk\/wp-json\/wp\/v2\/media?parent=154639"}],"wp:term":[{"taxonomy":"product_brand","embeddable":true,"href":"https:\/\/secureus.se\/dk\/wp-json\/wp\/v2\/product_brand?post=154639"},{"taxonomy":"product_cat","embeddable":true,"href":"https:\/\/secureus.se\/dk\/wp-json\/wp\/v2\/product_cat?post=154639"},{"taxonomy":"product_tag","embeddable":true,"href":"https:\/\/secureus.se\/dk\/wp-json\/wp\/v2\/product_tag?post=154639"}],"curies":[{"name":"wp","href":"https:\/\/api.w.org\/{rel}","templated":true}]}}