{"id":155524,"date":"2025-08-26T09:18:40","date_gmt":"2025-08-26T07:18:40","guid":{"rendered":"https:\/\/secureus.se\/uppstallningsarm-cl-rf-on-off-silver\/"},"modified":"2026-04-08T15:08:22","modified_gmt":"2026-04-08T13:08:22","slug":"uppstallningsarm-cl-rf-on-off-silver","status":"publish","type":"product","link":"https:\/\/secureus.se\/dk\/uppstallningsarm-cl-rf-on-off-silver\/","title":{"rendered":"Stand-up arm CL-RF On\/Off S\u00f8lv"},"content":{"rendered":"<div>Dormakabas CL-RF ON\/OFF serie standarm. Passer til d\u00f8rlukkerhuse TS83 og TS73. Til indvendige og udvendige d\u00f8re. M\u00e5 ikke bruges p\u00e5 brandklassificerede d\u00f8re.<\/div>\n<div><\/div>\n<div><b>Egenskaber:\u00a0<\/b><\/div>\n<div>\n<ul>\n<li>Armsystem med mekanisk l\u00e5searrangement, der kan t\u00e6ndes og slukkes.<\/li>\n<li>Omstillingen sker manuelt med en knap p\u00e5 hovedarmen.<\/li>\n<li>Velegnet til venstre og h\u00f8jre d\u00f8re.<\/li>\n<li>Kan monteres p\u00e5 d\u00f8rblad eller karm.<\/li>\n<li>Velegnet til d\u00f8rlukkere TS 73 og TS 83.<\/li>\n<li>Omstillingen sker manuelt med en knap p\u00e5 hovedarmen.<\/li>\n<li>For rammedybde max. 45 mm, med forl\u00e6nget ledarm max. 65 mm.<\/li>\n<li>Slagkraften kan justeres med h\u00e5ndtaget.<\/li>\n<li>Kan s\u00e6ttes op i enhver vinkel op til maksimalt 150\u00b0.<\/li>\n<\/ul>\n<\/div>","protected":false},"excerpt":{"rendered":"<p>Armsystem med mekanisk skraldejustering, der kan sl\u00e5s til og fra. Passer til d\u00f8rlukkerhusene TS83 og TS73.<\/p>","protected":false},"featured_media":155521,"template":"","meta":{"_acf_changed":false},"product_brand":[],"product_cat":[4805],"product_tag":[4863],"class_list":{"0":"post-155524","1":"product","2":"type-product","3":"status-publish","4":"has-post-thumbnail","6":"product_cat-dorrstangararmar","7":"product_tag-pf","8":"pa_brands-dormakaba","9":"tm-no-options","11":"first","12":"instock","13":"sale","14":"taxable","15":"shipping-taxable","16":"purchasable","17":"product-type-simple"},"acf":[],"_links":{"self":[{"href":"https:\/\/secureus.se\/dk\/wp-json\/wp\/v2\/product\/155524","targetHints":{"allow":["GET"]}}],"collection":[{"href":"https:\/\/secureus.se\/dk\/wp-json\/wp\/v2\/product"}],"about":[{"href":"https:\/\/secureus.se\/dk\/wp-json\/wp\/v2\/types\/product"}],"wp:featuredmedia":[{"embeddable":true,"href":"https:\/\/secureus.se\/dk\/wp-json\/wp\/v2\/media\/155521"}],"wp:attachment":[{"href":"https:\/\/secureus.se\/dk\/wp-json\/wp\/v2\/media?parent=155524"}],"wp:term":[{"taxonomy":"product_brand","embeddable":true,"href":"https:\/\/secureus.se\/dk\/wp-json\/wp\/v2\/product_brand?post=155524"},{"taxonomy":"product_cat","embeddable":true,"href":"https:\/\/secureus.se\/dk\/wp-json\/wp\/v2\/product_cat?post=155524"},{"taxonomy":"product_tag","embeddable":true,"href":"https:\/\/secureus.se\/dk\/wp-json\/wp\/v2\/product_tag?post=155524"}],"curies":[{"name":"wp","href":"https:\/\/api.w.org\/{rel}","templated":true}]}}