{"id":155754,"date":"2025-09-01T12:48:49","date_gmt":"2025-09-01T10:48:49","guid":{"rendered":"https:\/\/secureus.se\/monteringsstolpe-730\/"},"modified":"2026-04-08T15:07:33","modified_gmt":"2026-04-08T13:07:33","slug":"monteringsstolpe-730","status":"publish","type":"product","link":"https:\/\/secureus.se\/dk\/monteringsstolpe-730\/","title":{"rendered":"Monteringsstolpe 730"},"content":{"rendered":"<div>\n<div><\/div>\n<\/div>\n<div>Monteringsstolpe i st\u00e5l, til standard elektrisk endeplade i Solid serien. Bruges til at tilpasse fastg\u00f8relse og egenskaber til den aktuelle anvendelse og d\u00f8rmilj\u00f8\n<\/div>\n<div><b>Egenskaber:\u00a0<\/b><\/div>\n<div>\n<ul>\n<li>Til tr\u00e6-, st\u00e5l- eller aluminiumsrammer.<\/li>\n<li>Sammenl\u00e5ste dobbeltfaldsl\u00e5se.<\/li>\n<li>Tungest\u00f8rrelse: 15 mm<b>. <\/b><\/li>\n<\/ul>\n<\/div>\n<div><b><br \/>\nVelegnet til: <\/b><\/div>\n<div>ASSA ABLOY elektriske endeplader i standardserien: 70, 570, 71, 571, 75, 575, 585<\/div>\n<div><\/div>","protected":false},"excerpt":{"rendered":"<p>Monteringsstolpe i st\u00e5l, f\u00f6r standard elslutbleck i Solid-serien. Anv\u00e4nds f\u00f6r att anpassa inf\u00e4stning och egenskaper till den aktuella applikationen och d\u00f6rrmilj\u00f6n Egenskaper:\u00a0 F\u00f6r tr\u00e4-, st\u00e5l- eller aluminiumkarmar. F\u00f6rreglade dubbelfall\u00e5s. Pl\u00f6sm\u00e5tt:<\/p>","protected":false},"featured_media":159462,"template":"","meta":{"_acf_changed":false},"product_brand":[],"product_cat":[4735],"product_tag":[],"class_list":{"0":"post-155754","1":"product","2":"type-product","3":"status-publish","4":"has-post-thumbnail","6":"product_cat-monteringsstolpe","7":"product_shipping_class-postnord-varubrev","8":"pa_brands-abloy","9":"tm-no-options","11":"first","12":"instock","13":"sale","14":"taxable","15":"shipping-taxable","16":"purchasable","17":"product-type-simple"},"acf":[],"_links":{"self":[{"href":"https:\/\/secureus.se\/dk\/wp-json\/wp\/v2\/product\/155754","targetHints":{"allow":["GET"]}}],"collection":[{"href":"https:\/\/secureus.se\/dk\/wp-json\/wp\/v2\/product"}],"about":[{"href":"https:\/\/secureus.se\/dk\/wp-json\/wp\/v2\/types\/product"}],"wp:featuredmedia":[{"embeddable":true,"href":"https:\/\/secureus.se\/dk\/wp-json\/wp\/v2\/media\/159462"}],"wp:attachment":[{"href":"https:\/\/secureus.se\/dk\/wp-json\/wp\/v2\/media?parent=155754"}],"wp:term":[{"taxonomy":"product_brand","embeddable":true,"href":"https:\/\/secureus.se\/dk\/wp-json\/wp\/v2\/product_brand?post=155754"},{"taxonomy":"product_cat","embeddable":true,"href":"https:\/\/secureus.se\/dk\/wp-json\/wp\/v2\/product_cat?post=155754"},{"taxonomy":"product_tag","embeddable":true,"href":"https:\/\/secureus.se\/dk\/wp-json\/wp\/v2\/product_tag?post=155754"}],"curies":[{"name":"wp","href":"https:\/\/api.w.org\/{rel}","templated":true}]}}