{"id":155771,"date":"2025-09-01T12:48:48","date_gmt":"2025-09-01T10:48:48","guid":{"rendered":"https:\/\/secureus.se\/monteringsstolpe-731-17\/"},"modified":"2025-09-25T09:14:06","modified_gmt":"2025-09-25T07:14:06","slug":"monteringsstolpe-731-17","status":"publish","type":"product","link":"https:\/\/secureus.se\/dk\/monteringsstolpe-731-17\/","title":{"rendered":"Monteringsstolpe 731-17"},"content":{"rendered":"<div>\n<div>\n<div>\u00a0<\/div>\n<div>\n<p>Monteringsstolpe i st\u00e5l, til standard elektrisk endeplade i Solid serien. Bruges til at tilpasse fastg\u00f8relse og egenskaber til den aktuelle anvendelse og d\u00f8rmilj\u00f8. <br \/><b><br \/><\/b><b>Egenskaber:\u00a0<\/b><br \/>Til tr\u00e6-, st\u00e5l- eller aluminiumsrammer.\u00a0<br \/>Sammenl\u00e5ste dobbeltfaldsl\u00e5se.\u00a0<br \/>Tungest\u00f8rrelse: 17 mm.\u00a0<\/p>\n<p><b>Velegnet til:<\/b>\u00a0\u00a0<br \/>ASSA ABLOY elektriske endeplader i standardserien: 70, 570, 71, 571, 75, 575, 585<\/p>\n<\/div>\n<\/div>\n<\/div>\n<div>\n<\/p>\n<\/div>","protected":false},"excerpt":{"rendered":"<p>\u00a0 Monteringsstolpe i st\u00e5l, til standard elektrisk endeplade i Solid serien. Bruges til at tilpasse fastg\u00f8relse og egenskaber til den aktuelle anvendelse og d\u00f8rmilj\u00f8. Egenskaber: Til tr\u00e6-, st\u00e5l- eller aluminiumsrammer. Sammenl\u00e5ste dobbeltfaldsl\u00e5se. Tungest\u00f8rrelse: 17 mm.\u00a0<\/p>","protected":false},"featured_media":155770,"template":"","meta":{"_acf_changed":false},"product_brand":[],"product_cat":[4735],"product_tag":[],"class_list":{"0":"post-155771","1":"product","2":"type-product","3":"status-publish","4":"has-post-thumbnail","6":"product_cat-monteringsstolpe","7":"product_shipping_class-postnord-varubrev","8":"pa_brands-abloy","9":"tm-no-options","11":"first","12":"outofstock","13":"sale","14":"taxable","15":"shipping-taxable","16":"purchasable","17":"product-type-simple"},"acf":[],"_links":{"self":[{"href":"https:\/\/secureus.se\/dk\/wp-json\/wp\/v2\/product\/155771","targetHints":{"allow":["GET"]}}],"collection":[{"href":"https:\/\/secureus.se\/dk\/wp-json\/wp\/v2\/product"}],"about":[{"href":"https:\/\/secureus.se\/dk\/wp-json\/wp\/v2\/types\/product"}],"wp:featuredmedia":[{"embeddable":true,"href":"https:\/\/secureus.se\/dk\/wp-json\/wp\/v2\/media\/155770"}],"wp:attachment":[{"href":"https:\/\/secureus.se\/dk\/wp-json\/wp\/v2\/media?parent=155771"}],"wp:term":[{"taxonomy":"product_brand","embeddable":true,"href":"https:\/\/secureus.se\/dk\/wp-json\/wp\/v2\/product_brand?post=155771"},{"taxonomy":"product_cat","embeddable":true,"href":"https:\/\/secureus.se\/dk\/wp-json\/wp\/v2\/product_cat?post=155771"},{"taxonomy":"product_tag","embeddable":true,"href":"https:\/\/secureus.se\/dk\/wp-json\/wp\/v2\/product_tag?post=155771"}],"curies":[{"name":"wp","href":"https:\/\/api.w.org\/{rel}","templated":true}]}}