{"id":155849,"date":"2025-09-03T09:08:43","date_gmt":"2025-09-03T07:08:43","guid":{"rendered":"https:\/\/secureus.se\/monteringsstolpe-545\/"},"modified":"2026-03-25T15:28:58","modified_gmt":"2026-03-25T14:28:58","slug":"monteringsstolpe-545","status":"publish","type":"product","link":"https:\/\/secureus.se\/dk\/monteringsstolpe-545\/","title":{"rendered":"Monteringsstolpe 545"},"content":{"rendered":"<div>\n<div><\/div>\n<\/div>\n<div>Monteringsstolpe i rustfrit st\u00e5l til enkle Solide elektriske endeplader, specialdesignet til Sch\u00fcco profilsystem Royal S65 (med glidetunge) og Royal S50N.<\/div>\n<div><b>\u00a0<\/b><\/div>\n<div><b><\/b><b>Egenskaber:\u00a0<\/b><\/div>\n<div>\n<ul>\n<li>Passer til Sch\u00fccos Royal S65 og Royal S50N.<\/li>\n<li>I profiler fr\u00e6set med Assa\/Sch\u00fcco standardudsparinger kan typen af elektrisk endeplade \u00e6ndres uden at \u00e6ndre udsparingerne.<\/li>\n<li>Ved montering i profilsystem S65 skal der anvendes en glidetunge.\u00a0 <b>\u00a0\u00a0<\/b><\/li>\n<\/ul>\n<\/div>\n<div><b>\u00a0<\/b><\/div>\n<div><b><\/b><b>Velegnet til:\u00a0 \u00a0<\/b><\/div>\n<div>ASSA ABLOY elektrisk endeplade enkel serie: 14, 114, 514, 5114<\/div>\n<div><\/div>","protected":false},"excerpt":{"rendered":"<p>Monteringsstolpe i rostfritt st\u00e5l f\u00f6r enkla Solid elslutbleck, speciellt framtagna f\u00f6r Sch\u00fcco profilsystem Royal S65 (med glidpl\u00f6s) och Royal S50N. \u00a0 Egenskaper:\u00a0 Passar Sch\u00fccos Royal S65 och Royal S50N. I<\/p>","protected":false},"featured_media":159461,"template":"","meta":{"_acf_changed":false},"product_brand":[],"product_cat":[4735],"product_tag":[],"class_list":{"0":"post-155849","1":"product","2":"type-product","3":"status-publish","4":"has-post-thumbnail","6":"product_cat-monteringsstolpe","7":"product_shipping_class-postnord-varubrev","8":"pa_brands-abloy","9":"tm-no-options","11":"first","12":"instock","13":"sale","14":"taxable","15":"shipping-taxable","16":"purchasable","17":"product-type-simple"},"acf":[],"_links":{"self":[{"href":"https:\/\/secureus.se\/dk\/wp-json\/wp\/v2\/product\/155849","targetHints":{"allow":["GET"]}}],"collection":[{"href":"https:\/\/secureus.se\/dk\/wp-json\/wp\/v2\/product"}],"about":[{"href":"https:\/\/secureus.se\/dk\/wp-json\/wp\/v2\/types\/product"}],"wp:featuredmedia":[{"embeddable":true,"href":"https:\/\/secureus.se\/dk\/wp-json\/wp\/v2\/media\/159461"}],"wp:attachment":[{"href":"https:\/\/secureus.se\/dk\/wp-json\/wp\/v2\/media?parent=155849"}],"wp:term":[{"taxonomy":"product_brand","embeddable":true,"href":"https:\/\/secureus.se\/dk\/wp-json\/wp\/v2\/product_brand?post=155849"},{"taxonomy":"product_cat","embeddable":true,"href":"https:\/\/secureus.se\/dk\/wp-json\/wp\/v2\/product_cat?post=155849"},{"taxonomy":"product_tag","embeddable":true,"href":"https:\/\/secureus.se\/dk\/wp-json\/wp\/v2\/product_tag?post=155849"}],"curies":[{"name":"wp","href":"https:\/\/api.w.org\/{rel}","templated":true}]}}