{"id":155867,"date":"2025-09-03T09:08:45","date_gmt":"2025-09-03T07:08:45","guid":{"rendered":"https:\/\/secureus.se\/monteringsstolpe-520\/"},"modified":"2026-04-08T15:07:11","modified_gmt":"2026-04-08T13:07:11","slug":"monteringsstolpe-520","status":"publish","type":"product","link":"https:\/\/secureus.se\/dk\/monteringsstolpe-520\/","title":{"rendered":"Monteringsstolpe 520"},"content":{"rendered":"<div>Monteringsstolpe i st\u00e5l, til simple elektriske endeplader i Solid serien. Bruges til at tilpasse fastg\u00f8relse og egenskaber til den aktuelle anvendelse og d\u00f8rmilj\u00f8.<\/div>\n<div><b><br \/>\nEgenskaber: <\/b><\/div>\n<div>\n<ul>\n<li>Til aluminiumsrammer.<\/li>\n<li>Sammenl\u00e5st enkelt faldl\u00e5s.<\/li>\n<li>Tungest\u00f8rrelse: 26 mm.<\/li>\n<\/ul>\n<p><b>Passere<\/b><b>er at:<br \/>\n<\/b>ASSA ABLOY elektrisk endeplade enkel serie: 14, 114, 514, 5114<b><br \/>\n<\/b><\/p>\n<\/div>\n<div><\/div>\n<div><\/div>\n<div><\/div>","protected":false},"excerpt":{"rendered":"<p>Monteringsstolpe i st\u00e5l, f\u00f6r enkla elslutbleck i Solid-serien. Anv\u00e4nds f\u00f6r att anpassa inf\u00e4stning och egenskaper till den aktuella applikationen och d\u00f6rrmilj\u00f6n. Egenskaper: F\u00f6r aluminiumkarmar. F\u00f6rreglade enkelfall\u00e5s. Pl\u00f6sm\u00e5tt: 26 mm. Passar<\/p>","protected":false},"featured_media":155866,"template":"","meta":{"_acf_changed":false},"product_brand":[],"product_cat":[4735],"product_tag":[],"class_list":{"0":"post-155867","1":"product","2":"type-product","3":"status-publish","4":"has-post-thumbnail","6":"product_cat-monteringsstolpe","7":"product_shipping_class-postnord-varubrev","8":"pa_brands-abloy","9":"tm-no-options","11":"first","12":"onbackorder","13":"sale","14":"taxable","15":"shipping-taxable","16":"purchasable","17":"product-type-simple"},"acf":[],"_links":{"self":[{"href":"https:\/\/secureus.se\/dk\/wp-json\/wp\/v2\/product\/155867","targetHints":{"allow":["GET"]}}],"collection":[{"href":"https:\/\/secureus.se\/dk\/wp-json\/wp\/v2\/product"}],"about":[{"href":"https:\/\/secureus.se\/dk\/wp-json\/wp\/v2\/types\/product"}],"wp:featuredmedia":[{"embeddable":true,"href":"https:\/\/secureus.se\/dk\/wp-json\/wp\/v2\/media\/155866"}],"wp:attachment":[{"href":"https:\/\/secureus.se\/dk\/wp-json\/wp\/v2\/media?parent=155867"}],"wp:term":[{"taxonomy":"product_brand","embeddable":true,"href":"https:\/\/secureus.se\/dk\/wp-json\/wp\/v2\/product_brand?post=155867"},{"taxonomy":"product_cat","embeddable":true,"href":"https:\/\/secureus.se\/dk\/wp-json\/wp\/v2\/product_cat?post=155867"},{"taxonomy":"product_tag","embeddable":true,"href":"https:\/\/secureus.se\/dk\/wp-json\/wp\/v2\/product_tag?post=155867"}],"curies":[{"name":"wp","href":"https:\/\/api.w.org\/{rel}","templated":true}]}}