{"id":155879,"date":"2025-09-03T09:08:46","date_gmt":"2025-09-03T07:08:46","guid":{"rendered":"https:\/\/secureus.se\/monteringsstolpe-507-23\/"},"modified":"2026-03-25T15:28:23","modified_gmt":"2026-03-25T14:28:23","slug":"monteringsstolpe-507-23","status":"publish","type":"product","link":"https:\/\/secureus.se\/dk\/monteringsstolpe-507-23\/","title":{"rendered":"Monteringsstolpe 507-23"},"content":{"rendered":"<div>\n<div>\n<div>\n<div><\/div>\n<div>Monteringsstolpe i st\u00e5l, til simple elektriske endeplader i Solid serien. Bruges til at tilpasse fastg\u00f8relse og egenskaber til den aktuelle anvendelse og d\u00f8rmilj\u00f8. <b><\/b><\/div>\n<div><b>\u00a0<\/b><\/div>\n<div><b>Egenskaber:\u00a0\u00a0<\/b><\/div>\n<div>\n<ul>\n<li>Til tr\u00e6-, st\u00e5l- eller aluminiumsrammer.<\/li>\n<li>Enkelt faldl\u00e5s uden interlock.<\/li>\n<li>Tungest\u00f8rrelse: 23 mm.<b><\/b><\/li>\n<\/ul>\n<\/div>\n<div><b>\u00a0<\/b><\/div>\n<div><b>Velegnet til:\u00a0\u00a0<\/b><\/div>\n<div>ASSA ABLOY elektrisk endeplade enkel serie: 14, 114, 514, 5114<\/div>\n<\/div>\n<\/div>\n<\/div>\n<div><\/div>","protected":false},"excerpt":{"rendered":"<p>Monteringsstolpe i st\u00e5l, f\u00f6r enkla elslutbleck i Solid-serien. Anv\u00e4nds f\u00f6r att anpassa inf\u00e4stning och egenskaper till den aktuella applikationen och d\u00f6rrmilj\u00f6n. \u00a0 Egenskaper:\u00a0\u00a0 F\u00f6r tr\u00e4-, st\u00e5l- eller aluminiumkarmar. Enkelfall\u00e5s utan<\/p>","protected":false},"featured_media":155878,"template":"","meta":{"_acf_changed":false},"product_brand":[],"product_cat":[4735],"product_tag":[],"class_list":{"0":"post-155879","1":"product","2":"type-product","3":"status-publish","4":"has-post-thumbnail","6":"product_cat-monteringsstolpe","7":"product_shipping_class-postnord-varubrev","8":"pa_brands-abloy","9":"tm-no-options","11":"first","12":"onbackorder","13":"sale","14":"taxable","15":"shipping-taxable","16":"purchasable","17":"product-type-simple"},"acf":[],"_links":{"self":[{"href":"https:\/\/secureus.se\/dk\/wp-json\/wp\/v2\/product\/155879","targetHints":{"allow":["GET"]}}],"collection":[{"href":"https:\/\/secureus.se\/dk\/wp-json\/wp\/v2\/product"}],"about":[{"href":"https:\/\/secureus.se\/dk\/wp-json\/wp\/v2\/types\/product"}],"wp:featuredmedia":[{"embeddable":true,"href":"https:\/\/secureus.se\/dk\/wp-json\/wp\/v2\/media\/155878"}],"wp:attachment":[{"href":"https:\/\/secureus.se\/dk\/wp-json\/wp\/v2\/media?parent=155879"}],"wp:term":[{"taxonomy":"product_brand","embeddable":true,"href":"https:\/\/secureus.se\/dk\/wp-json\/wp\/v2\/product_brand?post=155879"},{"taxonomy":"product_cat","embeddable":true,"href":"https:\/\/secureus.se\/dk\/wp-json\/wp\/v2\/product_cat?post=155879"},{"taxonomy":"product_tag","embeddable":true,"href":"https:\/\/secureus.se\/dk\/wp-json\/wp\/v2\/product_tag?post=155879"}],"curies":[{"name":"wp","href":"https:\/\/api.w.org\/{rel}","templated":true}]}}