{"id":155883,"date":"2025-09-03T09:08:46","date_gmt":"2025-09-03T07:08:46","guid":{"rendered":"https:\/\/secureus.se\/monteringsstolpe-505\/"},"modified":"2026-04-23T11:23:10","modified_gmt":"2026-04-23T09:23:10","slug":"monteringsstolpe-505","status":"publish","type":"product","link":"https:\/\/secureus.se\/dk\/monteringsstolpe-505\/","title":{"rendered":"Monteringsstolpe 505"},"content":{"rendered":"<div><\/div>\n<p>Monteringsstolpe i st\u00e5l, til simple elektriske endeplader i Solid serien. Bruges til at tilpasse fastg\u00f8relse og egenskaber til den aktuelle anvendelse og d\u00f8rmilj\u00f8.<\/p>\n<div><\/div>\n<div><b>Egenskaber:<\/b><\/div>\n<div>\n<ul>\n<li>Til st\u00e5l- eller aluminiumsrammer.<\/li>\n<li>Sammenl\u00e5st enkelt faldl\u00e5s.<\/li>\n<li>Tungest\u00f8rrelse: 5 mm.<\/li>\n<\/ul>\n<p>&nbsp;<\/p>\n<\/div>\n<div><b>Velegnet til:\u00a0<\/b><br \/>\nASSA ABLOY elektrisk endeplade enkel serie: 14, 114, 514, 5114<\/div>","protected":false},"excerpt":{"rendered":"<p>Monteringsstolpe i st\u00e5l, f\u00f6r enkla elslutbleck i Solid-serien. Anv\u00e4nds f\u00f6r att anpassa inf\u00e4stning och egenskaper till den aktuella applikationen och d\u00f6rrmilj\u00f6n. Egenskaper: F\u00f6r st\u00e5l- eller aluminiumkarmar. F\u00f6rreglade enkelfall\u00e5s. Pl\u00f6sm\u00e5tt: 5<\/p>","protected":false},"featured_media":155880,"template":"","meta":{"_acf_changed":false},"product_brand":[],"product_cat":[4735],"product_tag":[],"class_list":{"0":"post-155883","1":"product","2":"type-product","3":"status-publish","4":"has-post-thumbnail","6":"product_cat-monteringsstolpe","7":"product_shipping_class-postnord-varubrev","8":"pa_brands-abloy","9":"tm-no-options","11":"first","12":"outofstock","13":"sale","14":"taxable","15":"shipping-taxable","16":"purchasable","17":"product-type-simple"},"acf":[],"_links":{"self":[{"href":"https:\/\/secureus.se\/dk\/wp-json\/wp\/v2\/product\/155883","targetHints":{"allow":["GET"]}}],"collection":[{"href":"https:\/\/secureus.se\/dk\/wp-json\/wp\/v2\/product"}],"about":[{"href":"https:\/\/secureus.se\/dk\/wp-json\/wp\/v2\/types\/product"}],"wp:featuredmedia":[{"embeddable":true,"href":"https:\/\/secureus.se\/dk\/wp-json\/wp\/v2\/media\/155880"}],"wp:attachment":[{"href":"https:\/\/secureus.se\/dk\/wp-json\/wp\/v2\/media?parent=155883"}],"wp:term":[{"taxonomy":"product_brand","embeddable":true,"href":"https:\/\/secureus.se\/dk\/wp-json\/wp\/v2\/product_brand?post=155883"},{"taxonomy":"product_cat","embeddable":true,"href":"https:\/\/secureus.se\/dk\/wp-json\/wp\/v2\/product_cat?post=155883"},{"taxonomy":"product_tag","embeddable":true,"href":"https:\/\/secureus.se\/dk\/wp-json\/wp\/v2\/product_tag?post=155883"}],"curies":[{"name":"wp","href":"https:\/\/api.w.org\/{rel}","templated":true}]}}