{"id":155897,"date":"2025-09-03T09:29:35","date_gmt":"2025-09-03T07:29:35","guid":{"rendered":"https:\/\/secureus.se\/monteringsstolpe-975-w\/"},"modified":"2026-04-08T15:06:45","modified_gmt":"2026-04-08T13:06:45","slug":"monteringsstolpe-975-w","status":"publish","type":"product","link":"https:\/\/secureus.se\/dk\/monteringsstolpe-975-w\/","title":{"rendered":"Monteringsstolpe 975-W"},"content":{"rendered":"<p>ASSA ABLOY 975-W er en flad monteringsstolpe i rustfrit st\u00e5l, tilpasset til Wicona 75\/Connect. Passer til Assas standard 900-serie slutblik sammen med enkelt- eller dobbeltslutblikhuse. Bruges til at tilpasse fastg\u00f8relsen af det elektriske slutblik til Wiconas standardudsparing.<\/p>\n<div><\/div>\n<div><b>Egenskaber:<\/b><\/div>\n<div>\n<ul>\n<li>Symmetrisk<\/li>\n<li>Bredde: 50 mm<\/li>\n<li>H\u00f8jde: 245 mm<\/li>\n<li>Tungest\u00f8rrelse: 17,5 mm<\/li>\n<li>Passer til profilsystem Wicona 75\/Connect<\/li>\n<\/ul>\n<\/div>\n<div><\/div>\n<div><b>Velegnet til ASSA ABLOY elektriske endeplader i 900-serien:<\/b><\/div>\n<div>\n<ul>\n<li>905, 905M<\/li>\n<li>910, 910M<\/li>\n<li>911, 911M<\/li>\n<li>920, 920M, 920C<\/li>\n<li>940 mio<\/li>\n<li>941 mio<\/li>\n<li>960M, 960C<\/li>\n<li>961M, 961C<\/li>\n<li>990 mio<\/li>\n<li>991 mio<\/li>\n<\/ul>\n<\/div>","protected":false},"excerpt":{"rendered":"<p>ASSA ABLOY 975-W \u00e4r en plan monteringsstolpe i rostfritt st\u00e5l, anpassad f\u00f6r Wicona 75\/Connect. Passar till Assas standard slutbleck i 900-serien tillsammans med l\u00e5shus med enkelfall eller dubbelfall. Anv\u00e4nds f\u00f6r<\/p>","protected":false},"featured_media":155896,"template":"","meta":{"_acf_changed":false},"product_brand":[],"product_cat":[4735],"product_tag":[],"class_list":{"0":"post-155897","1":"product","2":"type-product","3":"status-publish","4":"has-post-thumbnail","6":"product_cat-monteringsstolpe","7":"product_shipping_class-postnord-varubrev","8":"pa_brands-abloy","9":"tm-no-options","11":"first","12":"instock","13":"sale","14":"taxable","15":"shipping-taxable","16":"purchasable","17":"product-type-simple"},"acf":[],"_links":{"self":[{"href":"https:\/\/secureus.se\/dk\/wp-json\/wp\/v2\/product\/155897","targetHints":{"allow":["GET"]}}],"collection":[{"href":"https:\/\/secureus.se\/dk\/wp-json\/wp\/v2\/product"}],"about":[{"href":"https:\/\/secureus.se\/dk\/wp-json\/wp\/v2\/types\/product"}],"wp:featuredmedia":[{"embeddable":true,"href":"https:\/\/secureus.se\/dk\/wp-json\/wp\/v2\/media\/155896"}],"wp:attachment":[{"href":"https:\/\/secureus.se\/dk\/wp-json\/wp\/v2\/media?parent=155897"}],"wp:term":[{"taxonomy":"product_brand","embeddable":true,"href":"https:\/\/secureus.se\/dk\/wp-json\/wp\/v2\/product_brand?post=155897"},{"taxonomy":"product_cat","embeddable":true,"href":"https:\/\/secureus.se\/dk\/wp-json\/wp\/v2\/product_cat?post=155897"},{"taxonomy":"product_tag","embeddable":true,"href":"https:\/\/secureus.se\/dk\/wp-json\/wp\/v2\/product_tag?post=155897"}],"curies":[{"name":"wp","href":"https:\/\/api.w.org\/{rel}","templated":true}]}}