{"id":155935,"date":"2025-09-03T09:29:38","date_gmt":"2025-09-03T07:29:38","guid":{"rendered":"https:\/\/secureus.se\/monteringsstolpe-9487-10\/"},"modified":"2026-03-25T15:27:28","modified_gmt":"2026-03-25T14:27:28","slug":"monteringsstolpe-9487-10","status":"publish","type":"product","link":"https:\/\/secureus.se\/dk\/monteringsstolpe-9487-10\/","title":{"rendered":"Monteringsstolpe 9487-10"},"content":{"rendered":"<p>ASSA ABLOY 9487-10 er en flad monteringsstolpe i rustfrit st\u00e5l, tilpasset Sapa 2074 profilsystem. Passer til Assas standard slutblik i 900-serien sammen med l\u00e5sehuse med enkelt- eller dobbeltl\u00e5s.<\/p>\n<div><b><br \/>Egenskaber:\u00a0<\/b><\/div>\n<div>\n<ul>\n<li>Symmetrisk<\/li>\n<li>Bredde: 57,6 mm<\/li>\n<li>H\u00f8jde: 200 mm<\/li>\n<li>Tungest\u00f8rrelse: 22,3 mm<\/li>\n<li>Passer til profilsystem Sapa 2074<\/li>\n<li>Har samme dimensioner som endeplade 1487-10<\/li>\n<\/ul>\n<\/div>\n<div><b>Velegnet til ASSA ABLOY elektriske endeplader i 900-serien:<\/b><\/div>\n<div>\n<ul>\n<li>905, 905M<\/li>\n<li>910, 910M<\/li>\n<li>911, 911M<\/li>\n<li>920, 920M, 920C<\/li>\n<li>940 mio<\/li>\n<li>941 mio<\/li>\n<li>960M, 960C<\/li>\n<li>961M, 961C<\/li>\n<li>990 mio<\/li>\n<li>991 mio<\/li>\n<\/ul>\n<\/div>\n<div><\/div>","protected":false},"excerpt":{"rendered":"<p>ASSA ABLOY 9487-10 \u00e4r en plan monteringsstolpe i rostfritt st\u00e5l, anpassad f\u00f6r profilsystem Sapa 2074. Passar till Assas standard slutbleck i 900-serien tillsammans med l\u00e5shus med enkelfall eller dubbelfall. Egenskaper:\u00a0<\/p>","protected":false},"featured_media":155934,"template":"","meta":{"_acf_changed":false},"product_brand":[],"product_cat":[4735],"product_tag":[],"class_list":{"0":"post-155935","1":"product","2":"type-product","3":"status-publish","4":"has-post-thumbnail","6":"product_cat-monteringsstolpe","7":"product_shipping_class-postnord-varubrev","8":"pa_brands-abloy","9":"tm-no-options","11":"first","12":"instock","13":"sale","14":"taxable","15":"shipping-taxable","16":"purchasable","17":"product-type-simple"},"acf":[],"_links":{"self":[{"href":"https:\/\/secureus.se\/dk\/wp-json\/wp\/v2\/product\/155935","targetHints":{"allow":["GET"]}}],"collection":[{"href":"https:\/\/secureus.se\/dk\/wp-json\/wp\/v2\/product"}],"about":[{"href":"https:\/\/secureus.se\/dk\/wp-json\/wp\/v2\/types\/product"}],"wp:featuredmedia":[{"embeddable":true,"href":"https:\/\/secureus.se\/dk\/wp-json\/wp\/v2\/media\/155934"}],"wp:attachment":[{"href":"https:\/\/secureus.se\/dk\/wp-json\/wp\/v2\/media?parent=155935"}],"wp:term":[{"taxonomy":"product_brand","embeddable":true,"href":"https:\/\/secureus.se\/dk\/wp-json\/wp\/v2\/product_brand?post=155935"},{"taxonomy":"product_cat","embeddable":true,"href":"https:\/\/secureus.se\/dk\/wp-json\/wp\/v2\/product_cat?post=155935"},{"taxonomy":"product_tag","embeddable":true,"href":"https:\/\/secureus.se\/dk\/wp-json\/wp\/v2\/product_tag?post=155935"}],"curies":[{"name":"wp","href":"https:\/\/api.w.org\/{rel}","templated":true}]}}