{"id":155978,"date":"2025-09-03T10:40:34","date_gmt":"2025-09-03T08:40:34","guid":{"rendered":"https:\/\/secureus.se\/monteringsstolpe-9930t-12v-vanster\/"},"modified":"2026-04-08T15:06:21","modified_gmt":"2026-04-08T13:06:21","slug":"monteringsstolpe-9930t-12v-vanster","status":"publish","type":"product","link":"https:\/\/secureus.se\/dk\/monteringsstolpe-9930t-12v-vanster\/","title":{"rendered":"Monteringsstolpe 9930T-12V Venstre"},"content":{"rendered":"<div>Monteringsstolpe til elektrisk lukkeplade ASSA ABLOY 992. Velegnet til venstreh\u00e6ngte d\u00f8re.<\/p>\n<\/div>\n<div><\/div>\n<div><b>Egenskaber:<\/b><\/div>\n<div>\n<ul>\n<li>Tungest\u00f8rrelse: 12 mm<\/li>\n<li>L\u00e6ngde: 245 mm<\/li>\n<li>Bredde: 40 mm<\/li>\n<li>Vinklet: 15 mm<\/li>\n<li>Venstre\n<\/li>\n<\/ul>\n<\/div>\n<div><\/div>\n<div><b>Velegnet til:<\/b><\/div>\n<div>Elektrisk endeplade 992.<\/div>","protected":false},"excerpt":{"rendered":"<p>Monteringsstolpe til elektrisk lukkeplade ASSA ABLOY 992. Velegnet til venstreh\u00e6ngte d\u00f8re. Egenskaber: Tungest\u00f8rrelse: 12 mm L\u00e6ngde: 245 mm Bredde: 40 mm Vinklet: 15 mm Venstre Velegnet til: El-slutplade 992.<\/p>","protected":false},"featured_media":155977,"template":"","meta":{"_acf_changed":false},"product_brand":[],"product_cat":[4735],"product_tag":[],"class_list":{"0":"post-155978","1":"product","2":"type-product","3":"status-publish","4":"has-post-thumbnail","6":"product_cat-monteringsstolpe","7":"product_shipping_class-postnord-varubrev","8":"pa_brands-abloy","9":"tm-no-options","11":"first","12":"onbackorder","13":"sale","14":"taxable","15":"shipping-taxable","16":"purchasable","17":"product-type-simple"},"acf":[],"_links":{"self":[{"href":"https:\/\/secureus.se\/dk\/wp-json\/wp\/v2\/product\/155978","targetHints":{"allow":["GET"]}}],"collection":[{"href":"https:\/\/secureus.se\/dk\/wp-json\/wp\/v2\/product"}],"about":[{"href":"https:\/\/secureus.se\/dk\/wp-json\/wp\/v2\/types\/product"}],"wp:featuredmedia":[{"embeddable":true,"href":"https:\/\/secureus.se\/dk\/wp-json\/wp\/v2\/media\/155977"}],"wp:attachment":[{"href":"https:\/\/secureus.se\/dk\/wp-json\/wp\/v2\/media?parent=155978"}],"wp:term":[{"taxonomy":"product_brand","embeddable":true,"href":"https:\/\/secureus.se\/dk\/wp-json\/wp\/v2\/product_brand?post=155978"},{"taxonomy":"product_cat","embeddable":true,"href":"https:\/\/secureus.se\/dk\/wp-json\/wp\/v2\/product_cat?post=155978"},{"taxonomy":"product_tag","embeddable":true,"href":"https:\/\/secureus.se\/dk\/wp-json\/wp\/v2\/product_tag?post=155978"}],"curies":[{"name":"wp","href":"https:\/\/api.w.org\/{rel}","templated":true}]}}